{"id":9,"date":"2025-04-14T09:52:52","date_gmt":"2025-04-14T07:52:52","guid":{"rendered":"https:\/\/bcu.opole.pl\/bcu3\/?page_id=9"},"modified":"2026-02-27T12:40:53","modified_gmt":"2026-02-27T11:40:53","slug":"o-nas","status":"publish","type":"page","link":"https:\/\/bcu.opole.pl\/bcu3\/o-nas\/","title":{"rendered":"O NAS"},"content":{"rendered":"<p>[et_pb_section fb_built=&#8221;1&#8243; admin_label=&#8221;Fun Fact Section&#8221; _builder_version=&#8221;4.27.4&#8243; background_color=&#8221;#FFFFFF&#8221; custom_margin=&#8221;|||&#8221; custom_padding=&#8221;60px||47px|||&#8221; global_colors_info=&#8221;{}&#8221;][et_pb_row column_structure=&#8221;1_2,1_2&#8243; admin_label=&#8221;Service Section Title&#8221; _builder_version=&#8221;4.16&#8243; custom_margin=&#8221;||40px|&#8221; animation_style=&#8221;fade&#8221; animation_direction=&#8221;top&#8221; saved_tabs=&#8221;all&#8221; global_colors_info=&#8221;{}&#8221;][et_pb_column type=&#8221;1_2&#8243; _builder_version=&#8221;4.16&#8243; custom_padding=&#8221;|||&#8221; global_colors_info=&#8221;{}&#8221; custom_padding__hover=&#8221;|||&#8221;][et_pb_heading _builder_version=&#8221;4.27.4&#8243; _module_preset=&#8221;default&#8221; title_font=&#8221;Poppins||||||||&#8221; title_text_align=&#8221;center&#8221; title_font_size=&#8221;34px&#8221; global_colors_info=&#8221;{}&#8221;][\/et_pb_heading][et_pb_text admin_label=&#8221;Title&#8221; _builder_version=&#8221;4.16&#8243; text_font=&#8221;Montserrat||||||||&#8221; text_text_color=&#8221;#747d88&#8243; text_font_size=&#8221;16px&#8221; text_line_height=&#8221;1.9em&#8221; header_font=&#8221;||||||||&#8221; header_2_font=&#8221;Montserrat|700||on|||||&#8221; header_2_font_size=&#8221;42px&#8221; header_2_line_height=&#8221;1.3em&#8221; text_orientation=&#8221;center&#8221; max_width=&#8221;700px&#8221; module_alignment=&#8221;center&#8221; animation_style=&#8221;slide&#8221; animation_direction=&#8221;bottom&#8221; animation_intensity_slide=&#8221;4%&#8221; global_colors_info=&#8221;{}&#8221;]<\/p>\n<h2>Tworzymy now\u0105 dolin\u0119 krzemow\u0105. razem<\/h2>\n<p>[\/et_pb_text][et_pb_text admin_label=&#8221;Subtitle&#8221; _builder_version=&#8221;4.16&#8243; text_font=&#8221;Montserrat||||&#8221; text_text_color=&#8221;#353740&#8243; text_font_size=&#8221;16px&#8221; text_line_height=&#8221;1.8em&#8221; header_font=&#8221;||||||||&#8221; text_orientation=&#8221;center&#8221; max_width=&#8221;700px&#8221; module_alignment=&#8221;center&#8221; custom_margin=&#8221;|||&#8221; animation_style=&#8221;slide&#8221; animation_direction=&#8221;bottom&#8221; animation_delay=&#8221;100ms&#8221; animation_intensity_slide=&#8221;4%&#8221; global_colors_info=&#8221;{}&#8221;]<\/p>\n<p style=\"text-align: justify;\">Bran\u017cowe Centrum Umiej\u0119tno\u015bci (BCU) w dziedzinie telekomunikacji w Opolu to co\u015b wi\u0119cej ni\u017c szko\u0142a. To najnowocze\u015bniejsza plac\u00f3wka w systemie o\u015bwiaty, kt\u00f3rej misj\u0105 jest realne wsparcie kadr dla nowoczesnej gospodarki. Jeste\u015bmy mostem, kt\u00f3ry \u0142\u0105czy \u015bwiat edukacji z dynamicznie rozwijaj\u0105c\u0105 si\u0119 bran\u017c\u0105 teleinformatyczn\u0105.<\/p>\n<p style=\"text-align: justify;\"><strong>Nasza Misja<\/strong><\/p>\n<p style=\"text-align: justify;\">Naszym celem jest stworzenie miejsca, gdzie szko\u0142y, uczelnie, pracodawcy i o\u015brodki badawcze mog\u0105 efektywnie wsp\u00f3\u0142pracowa\u0107. Chcemy podnie\u015b\u0107 jako\u015b\u0107 i presti\u017c kszta\u0142cenia zawodowego, przenosz\u0105c najnowsz\u0105 wiedz\u0119, technologie i innowacje prosto z bran\u017cy do sal szkoleniowych. Kszta\u0142cimy specjalist\u00f3w, kt\u00f3rzy s\u0105 gotowi, by sprosta\u0107 wyzwaniom cyfrowej transformacji.<\/p>\n<p>[\/et_pb_text][\/et_pb_column][et_pb_column type=&#8221;1_2&#8243; _builder_version=&#8221;4.16&#8243; custom_padding=&#8221;|||&#8221; global_colors_info=&#8221;{}&#8221; custom_padding__hover=&#8221;|||&#8221;][et_pb_image src=&#8221;https:\/\/bcu.opole.pl\/bcu3\/wp-content\/uploads\/sites\/5\/2025\/10\/dc-scianka.jpg&#8221; title_text=&#8221;dc scianka&#8221; _builder_version=&#8221;4.27.4&#8243; _module_preset=&#8221;default&#8221; transform_scale=&#8221;94%|94%&#8221; global_colors_info=&#8221;{}&#8221;][\/et_pb_image][\/et_pb_column][\/et_pb_row][et_pb_row column_structure=&#8221;1_4,1_4,1_4,1_4&#8243; admin_label=&#8221;Fun Fact&#8221; _builder_version=&#8221;4.16&#8243; custom_margin=&#8221;|||&#8221; custom_padding=&#8221;40px||40px|&#8221; animation_style=&#8221;zoom&#8221; animation_direction=&#8221;top&#8221; animation_intensity_zoom=&#8221;10%&#8221; global_colors_info=&#8221;{}&#8221;][et_pb_column type=&#8221;1_4&#8243; _builder_version=&#8221;4.16&#8243; custom_padding=&#8221;|||&#8221; global_colors_info=&#8221;{}&#8221; custom_padding__hover=&#8221;|||&#8221;][et_pb_number_counter title=&#8221;projekt&#8221; number=&#8221;1&#8243; percent_sign=&#8221;off&#8221; _builder_version=&#8221;4.27.4&#8243; title_font=&#8221;Montserrat|||on|&#8221; title_text_color=&#8221;#353740&#8243; number_font=&#8221;Montserrat||||||||&#8221; number_text_color=&#8221;#000000&#8243; number_font_size=&#8221;60px&#8221; number_line_height=&#8221;90px&#8221; animation_style=&#8221;zoom&#8221; global_colors_info=&#8221;{}&#8221;][\/et_pb_number_counter][\/et_pb_column][et_pb_column type=&#8221;1_4&#8243; _builder_version=&#8221;4.16&#8243; custom_padding=&#8221;|||&#8221; global_colors_info=&#8221;{}&#8221; custom_padding__hover=&#8221;|||&#8221;][et_pb_number_counter title=&#8221;nowoczesne pracownie teleinformatyczne&#8221; number=&#8221;2&#8243; percent_sign=&#8221;off&#8221; _builder_version=&#8221;4.27.4&#8243; title_font=&#8221;Montserrat|||on|&#8221; title_text_color=&#8221;#353740&#8243; number_font=&#8221;Montserrat||||||||&#8221; number_text_color=&#8221;#000000&#8243; number_font_size=&#8221;60px&#8221; number_line_height=&#8221;90px&#8221; animation_style=&#8221;zoom&#8221; animation_delay=&#8221;100ms&#8221; global_colors_info=&#8221;{}&#8221;][\/et_pb_number_counter][\/et_pb_column][et_pb_column type=&#8221;1_4&#8243; _builder_version=&#8221;4.16&#8243; custom_padding=&#8221;|||&#8221; global_colors_info=&#8221;{}&#8221; custom_padding__hover=&#8221;|||&#8221;][et_pb_number_counter title=&#8221;godzin szkoleniowych&#8221; number=&#8221;195&#8243; percent_sign=&#8221;off&#8221; _builder_version=&#8221;4.27.4&#8243; title_font=&#8221;Montserrat|||on|&#8221; title_text_color=&#8221;#353740&#8243; number_font=&#8221;Montserrat||||||||&#8221; number_text_color=&#8221;#000000&#8243; number_font_size=&#8221;60px&#8221; number_line_height=&#8221;90px&#8221; animation_style=&#8221;zoom&#8221; animation_delay=&#8221;200ms&#8221; global_colors_info=&#8221;{}&#8221;][\/et_pb_number_counter][\/et_pb_column][et_pb_column type=&#8221;1_4&#8243; _builder_version=&#8221;4.16&#8243; custom_padding=&#8221;|||&#8221; global_colors_info=&#8221;{}&#8221; custom_padding__hover=&#8221;|||&#8221;][et_pb_number_counter title=&#8221;uczestnik\u00f3w&#8221; number=&#8221;300&#8243; percent_sign=&#8221;off&#8221; _builder_version=&#8221;4.27.4&#8243; title_font=&#8221;Montserrat|||on|&#8221; title_text_color=&#8221;#353740&#8243; number_font=&#8221;Montserrat||||||||&#8221; number_text_color=&#8221;#000000&#8243; number_font_size=&#8221;60px&#8221; number_line_height=&#8221;90px&#8221; animation_style=&#8221;zoom&#8221; animation_delay=&#8221;300ms&#8221; global_colors_info=&#8221;{}&#8221;][\/et_pb_number_counter][\/et_pb_column][\/et_pb_row][\/et_pb_section][et_pb_section fb_built=&#8221;1&#8243; _builder_version=&#8221;4.27.4&#8243; _module_preset=&#8221;default&#8221; global_colors_info=&#8221;{}&#8221;][et_pb_row column_structure=&#8221;1_3,2_3&#8243; _builder_version=&#8221;4.27.4&#8243; custom_margin=&#8221;|auto|-3px|auto||&#8221; custom_padding=&#8221;40px|0px|40px|0px&#8221; global_colors_info=&#8221;{}&#8221;][et_pb_column type=&#8221;1_3&#8243; _builder_version=&#8221;4.16&#8243; custom_padding=&#8221;|||&#8221; global_colors_info=&#8221;{}&#8221; custom_padding__hover=&#8221;|||&#8221;][et_pb_image src=&#8221;https:\/\/bcu.opole.pl\/bcu3\/wp-content\/uploads\/sites\/5\/2025\/11\/mopole.png&#8221; title_text=&#8221;mopole&#8221; _builder_version=&#8221;4.27.4&#8243; max_width=&#8221;65%&#8221; custom_margin=&#8221;|||&#8221; custom_margin_tablet=&#8221;90px|||&#8221; custom_margin_last_edited=&#8221;off|desktop&#8221; always_center_on_mobile=&#8221;off&#8221; locked=&#8221;off&#8221; global_colors_info=&#8221;{}&#8221;][\/et_pb_image][\/et_pb_column][et_pb_column type=&#8221;2_3&#8243; _builder_version=&#8221;4.16&#8243; custom_padding=&#8221;|||&#8221; global_colors_info=&#8221;{}&#8221; custom_padding__hover=&#8221;|||&#8221;][et_pb_text _builder_version=&#8221;4.27.4&#8243; text_font=&#8221;Montserrat|300|||||||&#8221; text_text_color=&#8221;#0C71C3&#8243; text_line_height=&#8221;1.9em&#8221; header_font=&#8221;||||||||&#8221; header_text_color=&#8221;#000000&#8243; header_3_font=&#8221;||||||||&#8221; header_4_font=&#8221;||||||||&#8221; header_5_font=&#8221;Roboto||||||||&#8221; header_5_text_color=&#8221;#00b2e5&#8243; header_5_line_height=&#8221;1.4em&#8221; header_6_font=&#8221;||||||||&#8221; header_6_text_color=&#8221;#000000&#8243; global_colors_info=&#8221;{}&#8221;]<\/p>\n<p style=\"text-align: justify;\"><span style=\"color: rgba(25, 0, 0, 0.63); font-size: large;\"><i>Bran\u017cowe Centrum Umiej\u0119tno\u015bci to strategiczna inwestycja w najwa\u017cniejszy kapita\u0142 naszego regionu \u2013 w ludzi. Tworzymy w Opolu ekosystem, w kt\u00f3rym najlepsi eksperci z ca\u0142ej Polski b\u0119d\u0105 kszta\u0142ci\u0107 przysz\u0142e pokolenia innowator\u00f3w. To fundament, na kt\u00f3rym zbudujemy pozycj\u0119 Opolszczyzny jako krajowego lidera wiod\u0105cych technologii, czyni\u0105c z niej now\u0105 dolin\u0119 krzemow\u0105.<\/i><\/span><\/p>\n<p><span style=\"color: rgba(25, 0, 0, 0.63); font-size: large;\"><\/span><\/p>\n<p>[\/et_pb_text][\/et_pb_column][\/et_pb_row][et_pb_row column_structure=&#8221;1_3,2_3&#8243; _builder_version=&#8221;4.27.4&#8243; custom_margin=&#8221;|auto|-3px|auto||&#8221; custom_padding=&#8221;40px|0px|40px|0px&#8221; global_colors_info=&#8221;{}&#8221;][et_pb_column type=&#8221;1_3&#8243; _builder_version=&#8221;4.16&#8243; custom_padding=&#8221;|||&#8221; global_colors_info=&#8221;{}&#8221; custom_padding__hover=&#8221;|||&#8221;][et_pb_image src=&#8221;https:\/\/bcu.opole.pl\/bcu3\/wp-content\/uploads\/sites\/5\/2026\/02\/KIGEiT_Sygnet_podstawowa_RGB.jpg&#8221; title_text=&#8221;KIGEiT_Sygnet_podstawowa_RGB&#8221; _builder_version=&#8221;4.27.5&#8243; max_width=&#8221;65%&#8221; custom_margin=&#8221;|||&#8221; custom_margin_tablet=&#8221;90px|||&#8221; custom_margin_last_edited=&#8221;off|desktop&#8221; hover_enabled=&#8221;0&#8243; always_center_on_mobile=&#8221;off&#8221; locked=&#8221;off&#8221; global_colors_info=&#8221;{}&#8221; sticky_enabled=&#8221;0&#8243;][\/et_pb_image][\/et_pb_column][et_pb_column type=&#8221;2_3&#8243; _builder_version=&#8221;4.16&#8243; custom_padding=&#8221;|||&#8221; global_colors_info=&#8221;{}&#8221; custom_padding__hover=&#8221;|||&#8221;][et_pb_text _builder_version=&#8221;4.27.4&#8243; text_font=&#8221;Montserrat|300|||||||&#8221; text_text_color=&#8221;#0C71C3&#8243; text_line_height=&#8221;1.9em&#8221; header_font=&#8221;||||||||&#8221; header_text_color=&#8221;#000000&#8243; header_3_font=&#8221;||||||||&#8221; header_4_font=&#8221;||||||||&#8221; header_5_font=&#8221;Roboto||||||||&#8221; header_5_text_color=&#8221;#00b2e5&#8243; header_5_line_height=&#8221;1.4em&#8221; header_6_font=&#8221;||||||||&#8221; header_6_text_color=&#8221;#000000&#8243; global_colors_info=&#8221;{}&#8221;]<\/p>\n<p style=\"text-align: justify;\"><span style=\"color: rgba(25, 0, 0, 0.63); font-size: large;\"><i>Jako g\u0142os bran\u017cy, od lat widzimy rosn\u0105c\u0105 luk\u0119 kompetencyjn\u0105. BCU w Opolu jest nasz\u0105 odpowiedzi\u0105. To tutaj, bazuj\u0105c na eksperckim do\u015bwiadczeniu bran\u017cyst\u00f3w z ca\u0142ego regionu, b\u0119dziemy kszta\u0142towa\u0107 programy nauczania idealnie dopasowane do realnych potrzeb rynku. Nasi absolwenci nie b\u0119d\u0105 szuka\u0107 pracy \u2013 to praca b\u0119dzie szuka\u0107 ich.<\/i><\/span><\/p>\n<p><span style=\"color: rgba(25, 0, 0, 0.63); font-size: large;\"><\/span><\/p>\n<p>[\/et_pb_text][\/et_pb_column][\/et_pb_row][et_pb_row column_structure=&#8221;1_3,2_3&#8243; _builder_version=&#8221;4.27.4&#8243; custom_margin=&#8221;|auto|-3px|auto||&#8221; custom_padding=&#8221;40px|0px|40px|0px&#8221; global_colors_info=&#8221;{}&#8221;][et_pb_column type=&#8221;1_3&#8243; _builder_version=&#8221;4.16&#8243; custom_padding=&#8221;|||&#8221; global_colors_info=&#8221;{}&#8221; custom_padding__hover=&#8221;|||&#8221;][et_pb_image src=&#8221;https:\/\/bcu.opole.pl\/bcu3\/wp-content\/uploads\/sites\/5\/2025\/10\/LOGO-PNT-pelna-nazwa-granatowe-kopia-e1759910878863.png&#8221; title_text=&#8221;LOGO PNT pelna nazwa (granatowe) kopia&#8221; _builder_version=&#8221;4.27.4&#8243; max_width=&#8221;65%&#8221; custom_margin=&#8221;|||&#8221; custom_margin_tablet=&#8221;90px|||&#8221; custom_margin_last_edited=&#8221;off|desktop&#8221; always_center_on_mobile=&#8221;off&#8221; locked=&#8221;off&#8221; global_colors_info=&#8221;{}&#8221;][\/et_pb_image][\/et_pb_column][et_pb_column type=&#8221;2_3&#8243; _builder_version=&#8221;4.16&#8243; custom_padding=&#8221;|||&#8221; global_colors_info=&#8221;{}&#8221; custom_padding__hover=&#8221;|||&#8221;][et_pb_text _builder_version=&#8221;4.27.4&#8243; text_font=&#8221;Montserrat|300|||||||&#8221; text_text_color=&#8221;#0C71C3&#8243; text_line_height=&#8221;1.9em&#8221; header_font=&#8221;||||||||&#8221; header_text_color=&#8221;#000000&#8243; header_3_font=&#8221;||||||||&#8221; header_4_font=&#8221;||||||||&#8221; header_5_font=&#8221;Roboto||||||||&#8221; header_5_text_color=&#8221;#00b2e5&#8243; header_5_line_height=&#8221;1.4em&#8221; header_6_font=&#8221;||||||||&#8221; header_6_text_color=&#8221;#000000&#8243; global_colors_info=&#8221;{}&#8221;]<\/p>\n<p style=\"text-align: justify;\"><span style=\"color: rgba(25, 0, 0, 0.63); font-size: large;\"><i>Innowacja rodzi si\u0119 na styku nauki i biznesu. Park Naukowo-Technologiczny wnosi do tego partnerstwa dost\u0119p do najnowszych bada\u0144 i technologii. BCU to projekt, kt\u00f3ry zamienia teori\u0119 w praktyk\u0119, daj\u0105c m\u0142odym ludziom narz\u0119dzia do tworzenia rozwi\u0105za\u0144, kt\u00f3re zdefiniuj\u0105 nasz\u0105 przysz\u0142o\u015b\u0107. To najlepsze, co mo\u017cemy da\u0107 regionowi.<\/i><\/span><\/p>\n<p><span style=\"color: rgba(25, 0, 0, 0.63); font-size: large;\"><\/span><\/p>\n<p>[\/et_pb_text][\/et_pb_column][\/et_pb_row][\/et_pb_section]<\/p>\n","protected":false},"excerpt":{"rendered":"<p>Tworzymy now\u0105 dolin\u0119 krzemow\u0105. razemBran\u017cowe Centrum Umiej\u0119tno\u015bci (BCU) w dziedzinie telekomunikacji w Opolu to co\u015b wi\u0119cej ni\u017c szko\u0142a. To najnowocze\u015bniejsza plac\u00f3wka w systemie o\u015bwiaty, kt\u00f3rej misj\u0105 jest realne wsparcie kadr dla nowoczesnej gospodarki. Jeste\u015bmy mostem, kt\u00f3ry \u0142\u0105czy \u015bwiat edukacji z dynamicznie rozwijaj\u0105c\u0105 si\u0119 bran\u017c\u0105 teleinformatyczn\u0105. Nasza Misja Naszym celem jest stworzenie miejsca, gdzie szko\u0142y, uczelnie, [&hellip;]<\/p>\n","protected":false},"author":3,"featured_media":0,"parent":0,"menu_order":0,"comment_status":"closed","ping_status":"closed","template":"","meta":{"_et_pb_use_builder":"on","_et_pb_old_content":"<!-- wp:divi\/placeholder \/-->","_et_gb_content_width":"","footnotes":""},"class_list":["post-9","page","type-page","status-publish","hentry"],"aioseo_notices":[],"_links":{"self":[{"href":"https:\/\/bcu.opole.pl\/bcu3\/wp-json\/wp\/v2\/pages\/9","targetHints":{"allow":["GET"]}}],"collection":[{"href":"https:\/\/bcu.opole.pl\/bcu3\/wp-json\/wp\/v2\/pages"}],"about":[{"href":"https:\/\/bcu.opole.pl\/bcu3\/wp-json\/wp\/v2\/types\/page"}],"author":[{"embeddable":true,"href":"https:\/\/bcu.opole.pl\/bcu3\/wp-json\/wp\/v2\/users\/3"}],"replies":[{"embeddable":true,"href":"https:\/\/bcu.opole.pl\/bcu3\/wp-json\/wp\/v2\/comments?post=9"}],"version-history":[{"count":14,"href":"https:\/\/bcu.opole.pl\/bcu3\/wp-json\/wp\/v2\/pages\/9\/revisions"}],"predecessor-version":[{"id":1212,"href":"https:\/\/bcu.opole.pl\/bcu3\/wp-json\/wp\/v2\/pages\/9\/revisions\/1212"}],"wp:attachment":[{"href":"https:\/\/bcu.opole.pl\/bcu3\/wp-json\/wp\/v2\/media?parent=9"}],"curies":[{"name":"wp","href":"https:\/\/api.w.org\/{rel}","templated":true}]}}