{"id":45,"date":"2025-04-14T09:57:37","date_gmt":"2025-04-14T07:57:37","guid":{"rendered":"https:\/\/bcu.opole.pl\/bcu3\/?page_id=45"},"modified":"2026-02-17T13:45:09","modified_gmt":"2026-02-17T12:45:09","slug":"nauczyciele-zawodu","status":"publish","type":"page","link":"https:\/\/bcu.opole.pl\/bcu3\/nauczyciele-zawodu\/","title":{"rendered":"NAUCZYCIELE ZAWODU"},"content":{"rendered":"<p>[et_pb_section fb_built=&#8221;1&#8243; _builder_version=&#8221;4.27.5&#8243; _module_preset=&#8221;default&#8221; min_height=&#8221;138.4px&#8221; custom_padding=&#8221;||3px|||&#8221; global_colors_info=&#8221;{}&#8221;][et_pb_row column_structure=&#8221;1_2,1_2&#8243; _builder_version=&#8221;4.27.5&#8243; _module_preset=&#8221;default&#8221; custom_padding=&#8221;||0px|||&#8221; global_colors_info=&#8221;{}&#8221;][et_pb_column type=&#8221;1_2&#8243; _builder_version=&#8221;4.27.5&#8243; _module_preset=&#8221;default&#8221; global_colors_info=&#8221;{}&#8221;][et_pb_text _builder_version=&#8221;4.27.5&#8243; _module_preset=&#8221;default&#8221; text_text_color=&#8221;#000000&#8243; text_font_size=&#8221;20px&#8221; global_colors_info=&#8221;{}&#8221;]<\/p>\n<p><strong>Rejestracja na szkolenia:<\/strong><\/p>\n<p><a href=\"https:\/\/rekrutacja.bcu.opole.pl\/bcu-3-nauczyciel-ksztalcenia-zawodowego\/\">https:\/\/rekrutacja.bcu.opole.pl\/bcu-3-nauczyciel-ksztalcenia-zawodowego\/<\/a>\u00a0<\/p>\n<p>&nbsp;<\/p>\n<p>[\/et_pb_text][\/et_pb_column][et_pb_column type=&#8221;1_2&#8243; _builder_version=&#8221;4.27.5&#8243; _module_preset=&#8221;default&#8221; global_colors_info=&#8221;{}&#8221;][et_pb_text _builder_version=&#8221;4.27.5&#8243; _module_preset=&#8221;default&#8221; text_text_color=&#8221;#000000&#8243; text_font_size=&#8221;20px&#8221; hover_enabled=&#8221;0&#8243; global_colors_info=&#8221;{}&#8221; sticky_enabled=&#8221;0&#8243;]<\/p>\n<p><strong>Kontakt w sprawie kurs\u00f3w:<\/strong><\/p>\n<p><a href=\"mailto:bcu3@elektryk.opole.pl\">bcu3@elektryk.opole.pl, <\/a>tel. 728 905 777<\/p>\n<p><a href=\"https:\/\/bcu.opole.pl\/bcu3\/wp-content\/uploads\/sites\/5\/2026\/02\/Regulamin_rekrutacji_BCU_nr_3_w_Opolu.pdf\" title=\"Regulamin kurs\u00f3w\">Regulamin kurs\u00f3w<\/a><\/p>\n<p>&nbsp;<\/p>\n<p>[\/et_pb_text][\/et_pb_column][\/et_pb_row][\/et_pb_section][et_pb_section fb_built=&#8221;1&#8243; make_equal=&#8221;on&#8221; use_custom_gutter=&#8221;on&#8221; gutter_width=&#8221;2&#8243; specialty=&#8221;on&#8221; _builder_version=&#8221;4.27.5&#8243; _module_preset=&#8221;default&#8221; module_alignment=&#8221;center&#8221; inner_width=&#8221;100%&#8221; inner_max_width=&#8221;1370px&#8221; custom_padding=&#8221;0px|||||&#8221; global_colors_info=&#8221;{}&#8221;][et_pb_column type=&#8221;1_2&#8243; _builder_version=&#8221;4.16&#8243; custom_padding=&#8221;|||&#8221; global_colors_info=&#8221;{}&#8221; custom_padding__hover=&#8221;|||&#8221;][et_pb_image src=&#8221;https:\/\/bcu.opole.pl\/bcu3\/wp-content\/uploads\/sites\/5\/2026\/02\/AI.png&#8221; title_text=&#8221;AI&#8221; align=&#8221;center&#8221; _builder_version=&#8221;4.27.5&#8243; _module_preset=&#8221;default&#8221; width=&#8221;53%&#8221; global_colors_info=&#8221;{}&#8221;][\/et_pb_image][\/et_pb_column][et_pb_column type=&#8221;1_2&#8243; specialty_columns=&#8221;2&#8243; _builder_version=&#8221;4.16&#8243; custom_padding=&#8221;|||&#8221; global_colors_info=&#8221;{}&#8221; custom_padding__hover=&#8221;|||&#8221;][et_pb_row_inner _builder_version=&#8221;4.16&#8243; _module_preset=&#8221;default&#8221; custom_padding=&#8221;||0px||false|false&#8221; global_colors_info=&#8221;{}&#8221;][et_pb_column_inner saved_specialty_column_type=&#8221;1_2&#8243; _builder_version=&#8221;4.16&#8243; _module_preset=&#8221;default&#8221; global_colors_info=&#8221;{}&#8221;][et_pb_text _builder_version=&#8221;4.27.5&#8243; _module_preset=&#8221;default&#8221; text_font_size=&#8221;9px&#8221; header_2_font=&#8221;Poppins||||||||&#8221; header_2_text_color=&#8221;#000000&#8243; header_2_font_size=&#8221;23px&#8221; header_2_line_height=&#8221;1.2em&#8221; custom_margin=&#8221;||10px||false|false&#8221; header_2_font_size_tablet=&#8221;&#8221; header_2_font_size_phone=&#8221;35px&#8221; header_2_font_size_last_edited=&#8221;on|phone&#8221; locked=&#8221;off&#8221; global_colors_info=&#8221;{}&#8221;]<\/p>\n<h2 style=\"text-align: left;\"><strong>Sztuczna inteligencja w pracy nauczyciela przedmiot\u00f3w zawodowych<br \/><\/strong><br \/><strong>Szkolenie stacjonarne, 15h\u00a0<\/strong><\/h2>\n<p>[\/et_pb_text][et_pb_text _builder_version=&#8221;4.27.5&#8243; _module_preset=&#8221;default&#8221; text_font=&#8221;Mulish||||||||&#8221; text_text_color=&#8221;#333333&#8243; text_font_size=&#8221;15px&#8221; text_line_height=&#8221;1.8em&#8221; link_font=&#8221;Mulish||||on|||#000000|&#8221; link_text_color=&#8221;#000000&#8243; locked=&#8221;off&#8221; global_colors_info=&#8221;{}&#8221; link_text_color__hover_enabled=&#8221;on|hover&#8221; link_text_color__hover=&#8221;#fa582f&#8221;]<\/p>\n<p><strong>Cele:<\/strong><\/p>\n<ul>\n<li>Zrozumienie podstawowych zasad dzia\u0142ania AI \u2013 uczestnik poznaje kluczowe poj\u0119cia, mechanizmy i znaczenie sztucznej inteligencji w edukacji.<\/li>\n<li>Opanowanie praktycznych umiej\u0119tno\u015bci \u2013 zdolno\u015b\u0107 stosowania metod, narz\u0119dzi i technologii AI w celu wspierania procesu nauczania, automatyzacji zada\u0144 oraz personalizacji tre\u015bci edukacyjnych.<\/li>\n<li>Rozwijanie kompetencji analitycznych \u2013 umiej\u0119tno\u015b\u0107 interpretowania danych, oceny ryzyk i \u015bwiadomego korzystania z algorytm\u00f3w w pracy dydaktycznej.<\/li>\n<li>Kszta\u0142towanie odpowiedzialno\u015bci cyfrowej \u2013 \u015bwiadomo\u015b\u0107 konsekwencji stosowania AI, przestrzeganie zasad etyki, ochrony danych (RODO) i przejrzysto\u015bci algorytm\u00f3w.<\/li>\n<li>Przygotowanie do pracy w zespole i w \u015brodowisku edukacyjnym \u2013 zdolno\u015b\u0107 wsp\u00f3\u0142pracy przy projektach wykorzystuj\u0105cych AI, komunikacja w sytuacjach wymagaj\u0105cych szybkiego rozwi\u0105zywania problem\u00f3w.<\/li>\n<li>Uwzgl\u0119dnienie aspekt\u00f3w ekologicznych i dost\u0119pno\u015bci \u2013 stosowanie energooszcz\u0119dnych rozwi\u0105za\u0144 (Green IT) oraz projektowanie zgodne z zasadami dost\u0119pno\u015bci (EN 301 549, WCAG).\n<\/li>\n<\/ul>\n<p><strong>WYMAGANIA WST\u0118PNE DLA UCZESTNIK\u00d3W BRAN\u017bOWEGO SZKOLENIA ZAWODOWEGO<\/strong><\/p>\n<p><strong>Podstawowa wiedza techniczna<\/strong><\/p>\n<ul>\n<li>Znajomo\u015b\u0107 poj\u0119\u0107 zwi\u0105zanych z systemami operacyjnymi (Windows\/Linux),<\/li>\n<li>Podstawy pracy z plikami i struktur\u0105 folder\u00f3w,<\/li>\n<li>Og\u00f3lne zasady dzia\u0142ania aplikacji i us\u0142ug internetowych.<\/li>\n<\/ul>\n<p><strong>Minimalne kompetencje techniczne<\/strong><\/p>\n<ul>\n<li>Umiej\u0119tno\u015b\u0107 korzystania z systemu operacyjnego (Windows\/Linux), instalacji podstawowych aplikacji, zarz\u0105dzania plikami i folderami.<\/li>\n<li>Podstawy sieci komputerowych Rozumienie poj\u0119\u0107 takich jak adres IP, router, sie\u0107 LAN\/Wi-Fi, podstawowe zasady bezpiecze\u0144stwa w sieci (np. silne has\u0142a, aktualizacje).<\/li>\n<li>Umiej\u0119tno\u015b\u0107 korzystania z przegl\u0105darki, poczty elektronicznej, wyszukiwania informacji w Internecie.<\/li>\n<li>Podstawowa wiedza o zagro\u017ceniach cyfrowych &#8211; \u015bwiadomo\u015b\u0107 istnienia wirus\u00f3w, phishingu, znaczenia hase\u0142 i aktualizacji system\u00f3w.<\/li>\n<\/ul>\n<p><strong>Dodatkowo:<\/strong><\/p>\n<ul>\n<li>Podstawowa orientacja w poj\u0119ciach takich jak \u201esztuczna inteligencja\u201d, \u201euczenie maszynowe\u201d, \u201emodel j\u0119zykowy\u201d (na poziomie definicji).<\/li>\n<li>Umiej\u0119tno\u015b\u0107 pracy z prostymi aplikacjami online (np. formularze, platformy e-learningowe).<\/li>\n<li>Gotowo\u015b\u0107 do korzystania z narz\u0119dzi chmurowych i lokalnych (np. instalacja aplikacji typu ChatGPT, Bielik).<\/li>\n<\/ul>\n<p class=\"my-2 [&amp;+p]:mt-4 [&amp;_strong:has(+br)]:inline-block [&amp;_strong:has(+br)]:pb-2\">Szkolenie przeznaczone dla nauczycieli przedmiot\u00f3w zawodowych ze szk\u00f3\u0142 ponadpodstawowych.<\/p>\n<p class=\"my-2 [&amp;+p]:mt-4 [&amp;_strong:has(+br)]:inline-block [&amp;_strong:has(+br)]:pb-2\"><strong>Terminy szkole\u0144:<\/strong><\/p>\n<p>23.02-24.02.2026<br \/>26.02-27.02.2026<\/p>\n<p>Prowadzenie: \u0141ukasz Ko\u0142odziej<\/p>\n<p>[\/et_pb_text][\/et_pb_column_inner][\/et_pb_row_inner][\/et_pb_column][\/et_pb_section]<\/p>\n","protected":false},"excerpt":{"rendered":"<p>Rejestracja na szkolenia: https:\/\/rekrutacja.bcu.opole.pl\/bcu-3-nauczyciel-ksztalcenia-zawodowego\/\u00a0 &nbsp;Kontakt w sprawie kurs\u00f3w: bcu3@elektryk.opole.pl, tel. 728 905 777 Regulamin kurs\u00f3w &nbsp;Sztuczna inteligencja w pracy nauczyciela przedmiot\u00f3w zawodowychSzkolenie stacjonarne, 15h\u00a0Cele: Zrozumienie podstawowych zasad dzia\u0142ania AI \u2013 uczestnik poznaje kluczowe poj\u0119cia, mechanizmy i znaczenie sztucznej inteligencji w edukacji. Opanowanie praktycznych umiej\u0119tno\u015bci \u2013 zdolno\u015b\u0107 stosowania metod, narz\u0119dzi i technologii AI w celu wspierania [&hellip;]<\/p>\n","protected":false},"author":3,"featured_media":0,"parent":0,"menu_order":0,"comment_status":"closed","ping_status":"closed","template":"","meta":{"_et_pb_use_builder":"on","_et_pb_old_content":"<!-- wp:divi\/placeholder \/-->","_et_gb_content_width":"","footnotes":""},"class_list":["post-45","page","type-page","status-publish","hentry"],"aioseo_notices":[],"_links":{"self":[{"href":"https:\/\/bcu.opole.pl\/bcu3\/wp-json\/wp\/v2\/pages\/45","targetHints":{"allow":["GET"]}}],"collection":[{"href":"https:\/\/bcu.opole.pl\/bcu3\/wp-json\/wp\/v2\/pages"}],"about":[{"href":"https:\/\/bcu.opole.pl\/bcu3\/wp-json\/wp\/v2\/types\/page"}],"author":[{"embeddable":true,"href":"https:\/\/bcu.opole.pl\/bcu3\/wp-json\/wp\/v2\/users\/3"}],"replies":[{"embeddable":true,"href":"https:\/\/bcu.opole.pl\/bcu3\/wp-json\/wp\/v2\/comments?post=45"}],"version-history":[{"count":5,"href":"https:\/\/bcu.opole.pl\/bcu3\/wp-json\/wp\/v2\/pages\/45\/revisions"}],"predecessor-version":[{"id":1159,"href":"https:\/\/bcu.opole.pl\/bcu3\/wp-json\/wp\/v2\/pages\/45\/revisions\/1159"}],"wp:attachment":[{"href":"https:\/\/bcu.opole.pl\/bcu3\/wp-json\/wp\/v2\/media?parent=45"}],"curies":[{"name":"wp","href":"https:\/\/api.w.org\/{rel}","templated":true}]}}