{"id":43,"date":"2025-04-14T09:57:21","date_gmt":"2025-04-14T07:57:21","guid":{"rendered":"https:\/\/bcu.opole.pl\/bcu3\/?page_id=43"},"modified":"2026-03-24T11:41:47","modified_gmt":"2026-03-24T10:41:47","slug":"osoby-dorosle","status":"publish","type":"page","link":"https:\/\/bcu.opole.pl\/bcu3\/osoby-dorosle\/","title":{"rendered":"OSOBY DOROS\u0141E"},"content":{"rendered":"<p>[et_pb_section fb_built=&#8221;1&#8243; _builder_version=&#8221;4.27.5&#8243; _module_preset=&#8221;default&#8221; min_height=&#8221;138.4px&#8221; custom_padding=&#8221;||3px|||&#8221; global_colors_info=&#8221;{}&#8221;][et_pb_row column_structure=&#8221;1_2,1_2&#8243; _builder_version=&#8221;4.27.5&#8243; _module_preset=&#8221;default&#8221; custom_padding=&#8221;||0px|||&#8221; global_colors_info=&#8221;{}&#8221;][et_pb_column type=&#8221;1_2&#8243; _builder_version=&#8221;4.27.5&#8243; _module_preset=&#8221;default&#8221; global_colors_info=&#8221;{}&#8221;][et_pb_text _builder_version=&#8221;4.27.5&#8243; _module_preset=&#8221;default&#8221; text_text_color=&#8221;#000000&#8243; text_font_size=&#8221;20px&#8221; global_colors_info=&#8221;{}&#8221;]<\/p>\n<p><strong>Rejestracja na szkolenia:<\/strong><\/p>\n<p><a href=\"https:\/\/rekrutacja.bcu.opole.pl\/bcu-3-osoby-dorosle\/\">https:\/\/rekrutacja.bcu.opole.pl\/bcu-3-osoby-dorosle\/<\/a><\/p>\n<p>&nbsp;<\/p>\n<p>[\/et_pb_text][\/et_pb_column][et_pb_column type=&#8221;1_2&#8243; _builder_version=&#8221;4.27.5&#8243; _module_preset=&#8221;default&#8221; global_colors_info=&#8221;{}&#8221;][et_pb_text _builder_version=&#8221;4.27.5&#8243; _module_preset=&#8221;default&#8221; text_text_color=&#8221;#000000&#8243; text_font_size=&#8221;20px&#8221; global_colors_info=&#8221;{}&#8221;]<\/p>\n<p><strong>Kontakt w sprawie kurs\u00f3w:<\/strong><\/p>\n<p><a href=\"mailto:bcu3@elektryk.opole.pl\">bcu3@elektryk.opole.pl, <\/a>tel. 728 905 777<\/p>\n<p><a href=\"https:\/\/bcu.opole.pl\/bcu3\/wp-content\/uploads\/sites\/5\/2026\/02\/Regulamin_rekrutacji_BCU_nr_3_w_Opolu.pdf\" title=\"Regulamin kurs\u00f3w\">Regulamin kurs\u00f3w<\/a><\/p>\n<p>&nbsp;<\/p>\n<p>[\/et_pb_text][\/et_pb_column][\/et_pb_row][\/et_pb_section][et_pb_section fb_built=&#8221;1&#8243; make_equal=&#8221;on&#8221; use_custom_gutter=&#8221;on&#8221; gutter_width=&#8221;2&#8243; specialty=&#8221;on&#8221; _builder_version=&#8221;4.27.5&#8243; _module_preset=&#8221;default&#8221; module_alignment=&#8221;center&#8221; inner_width=&#8221;100%&#8221; inner_max_width=&#8221;1370px&#8221; custom_padding=&#8221;0px|||||&#8221; global_colors_info=&#8221;{}&#8221;][et_pb_column type=&#8221;1_2&#8243; _builder_version=&#8221;4.16&#8243; custom_padding=&#8221;|||&#8221; global_colors_info=&#8221;{}&#8221; custom_padding__hover=&#8221;|||&#8221;][et_pb_image src=&#8221;https:\/\/bcu.opole.pl\/bcu3\/wp-content\/uploads\/sites\/5\/2026\/02\/Kubernetes1.png&#8221; title_text=&#8221;Kubernetes(1)&#8221; align=&#8221;center&#8221; _builder_version=&#8221;4.27.5&#8243; _module_preset=&#8221;default&#8221; width=&#8221;53%&#8221; hover_enabled=&#8221;0&#8243; global_colors_info=&#8221;{}&#8221; sticky_enabled=&#8221;0&#8243; locked=&#8221;off&#8221; disabled_on=&#8221;on|on|on&#8221; disabled=&#8221;on&#8221;][\/et_pb_image][\/et_pb_column][et_pb_column type=&#8221;1_2&#8243; specialty_columns=&#8221;2&#8243; _builder_version=&#8221;4.16&#8243; custom_padding=&#8221;|||&#8221; global_colors_info=&#8221;{}&#8221; custom_padding__hover=&#8221;|||&#8221;][et_pb_row_inner _builder_version=&#8221;4.16&#8243; _module_preset=&#8221;default&#8221; custom_padding=&#8221;||0px||false|false&#8221; global_colors_info=&#8221;{}&#8221;][et_pb_column_inner saved_specialty_column_type=&#8221;1_2&#8243; _builder_version=&#8221;4.16&#8243; _module_preset=&#8221;default&#8221; global_colors_info=&#8221;{}&#8221;][et_pb_text _builder_version=&#8221;4.27.5&#8243; _module_preset=&#8221;default&#8221; text_font_size=&#8221;9px&#8221; header_2_font=&#8221;Poppins||||||||&#8221; header_2_text_color=&#8221;#000000&#8243; header_2_font_size=&#8221;23px&#8221; header_2_line_height=&#8221;1.2em&#8221; custom_margin=&#8221;||10px||false|false&#8221; header_2_font_size_tablet=&#8221;&#8221; header_2_font_size_phone=&#8221;35px&#8221; header_2_font_size_last_edited=&#8221;on|phone&#8221; locked=&#8221;off&#8221; global_colors_info=&#8221;{}&#8221;]<\/p>\n<h2 style=\"text-align: left\"><strong>Konfiguracja urz\u0105dze\u0144 sieciowych MikroTik, zarz\u0105dzanie ruchem sieciowym (NAT) oraz publikacja us\u0142ug kontenerowych (Docker) w \u015brodowisku produkcyjnym<br \/><\/strong><br \/><strong>Szkolenie stacjonarne, 30h\u00a0<\/strong><\/h2>\n<p>[\/et_pb_text][et_pb_text _builder_version=&#8221;4.27.5&#8243; _module_preset=&#8221;default&#8221; text_font=&#8221;Mulish||||||||&#8221; text_text_color=&#8221;#333333&#8243; text_font_size=&#8221;15px&#8221; text_line_height=&#8221;1.8em&#8221; link_font=&#8221;Mulish||||on|||#000000|&#8221; link_text_color=&#8221;#000000&#8243; locked=&#8221;off&#8221; global_colors_info=&#8221;{}&#8221; link_text_color__hover_enabled=&#8221;on|hover&#8221; link_text_color__hover=&#8221;#fa582f&#8221;]<\/p>\n<p class=\"my-2 [&amp;+p]:mt-4 [&amp;_strong:has(+br)]:inline-block [&amp;_strong:has(+br)]:pb-2\" style=\"text-align: justify\">Szkolenie przeznaczone dla administrator\u00f3w system\u00f3w teleinformatycznych, instalator\u00f3w sieci, specjalist\u00f3w, pracownik\u00f3w IT, absolwent\u00f3w kierunk\u00f3w informatycznych.\u00a0<\/p>\n<p><strong>Cele: <\/strong>Nabycie praktycznych umiej\u0119tno\u015bci w zakresie projektowania i bezpiecznego \u0142\u0105czenia sieci firmowej z Internetem oraz uruchamiania nowoczesnych aplikacji w technologii &#8222;kontener\u00f3w&#8221; (izolowanych \u015brodowisk aplikacyjnych), a w szczeg\u00f3lno\u015bci:<\/p>\n<ul>\n<li>Sprawna konfiguracja urz\u0105dze\u0144 steruj\u0105cych ruchem w sieci.<\/li>\n<li>Zarz\u0105dzanie nowoczesnymi us\u0142ugami aplikacyjnymi na stacjach roboczych.<\/li>\n<li>Integracja i zaawansowane zabezpieczanie system\u00f3w przed niepowo\u0142anym dost\u0119pem (tzw. hardening).<\/li>\n<li>Analiza ruchu sieciowego (Packet Sniffing) w celu zrozumienia drogi pakietu od klienta zewn\u0119trznego do kontenera.<\/li>\n<li>Rozwi\u0105zywanie celowo wprowadzonych problem\u00f3w konfiguracyjnych (Troubleshooting).<\/li>\n<\/ul>\n<p><strong>WYMAGANIA WST\u0118PNE DLA UCZESTNIK\u00d3W BRAN\u017bOWEGO SZKOLENIA ZAWODOWEGO<\/strong><\/p>\n<ul>\n<li>Umiej\u0119tno\u015b\u0107 sprawnej obs\u0142ugi system\u00f3w operacyjnych (Windows lub Linux) <br \/>w zakresie zarz\u0105dzania plikami.<\/li>\n<li>Podstawowa wiedza o tym, jak dzia\u0142aj\u0105 sieci komputerowe (wymiana danych mi\u0119dzy urz\u0105dzeniami).<\/li>\n<li>Znajomo\u015b\u0107 podstawowych poj\u0119\u0107, takich jak adres internetowy (IP) czy brama sieciowa.<\/li>\n<\/ul>\n<p class=\"my-2 [&amp;+p]:mt-4 [&amp;_strong:has(+br)]:inline-block [&amp;_strong:has(+br)]:pb-2\" style=\"text-align: justify\">\n<p class=\"my-2 [&amp;+p]:mt-4 [&amp;_strong:has(+br)]:inline-block [&amp;_strong:has(+br)]:pb-2\"><strong>Terminy szkole\u0144:<\/strong><\/p>\n<p class=\"my-2 [&amp;+p]:mt-4 [&amp;_strong:has(+br)]:inline-block [&amp;_strong:has(+br)]:pb-2\"><strong><\/strong><\/p>\n<p>&nbsp;<\/p>\n<p>Prowadzenie: Daniel Sobolewski<\/p>\n<p class=\"my-2 [&amp;+p]:mt-4 [&amp;_strong:has(+br)]:inline-block [&amp;_strong:has(+br)]:pb-2\">\n<p>[\/et_pb_text][\/et_pb_column_inner][\/et_pb_row_inner][\/et_pb_column][\/et_pb_section][et_pb_section fb_built=&#8221;1&#8243; make_equal=&#8221;on&#8221; use_custom_gutter=&#8221;on&#8221; gutter_width=&#8221;2&#8243; specialty=&#8221;on&#8221; _builder_version=&#8221;4.27.5&#8243; _module_preset=&#8221;default&#8221; module_alignment=&#8221;center&#8221; inner_width=&#8221;100%&#8221; inner_max_width=&#8221;1370px&#8221; custom_margin=&#8221;-60px|||||&#8221; hover_enabled=&#8221;0&#8243; global_colors_info=&#8221;{}&#8221; sticky_enabled=&#8221;0&#8243;][et_pb_column type=&#8221;1_2&#8243; _builder_version=&#8221;4.16&#8243; custom_padding=&#8221;|||&#8221; global_colors_info=&#8221;{}&#8221; custom_padding__hover=&#8221;|||&#8221;][et_pb_image src=&#8221;https:\/\/bcu.opole.pl\/bcu3\/wp-content\/uploads\/sites\/5\/2026\/03\/Lutowanie1.png&#8221; title_text=&#8221;Lutowanie(1)&#8221; align=&#8221;center&#8221; _builder_version=&#8221;4.27.6&#8243; _module_preset=&#8221;default&#8221; width=&#8221;53%&#8221; hover_enabled=&#8221;0&#8243; global_colors_info=&#8221;{}&#8221; sticky_enabled=&#8221;0&#8243; locked=&#8221;off&#8221;][\/et_pb_image][\/et_pb_column][et_pb_column type=&#8221;1_2&#8243; specialty_columns=&#8221;2&#8243; _builder_version=&#8221;4.16&#8243; custom_padding=&#8221;|||&#8221; global_colors_info=&#8221;{}&#8221; custom_padding__hover=&#8221;|||&#8221;][et_pb_row_inner _builder_version=&#8221;4.16&#8243; _module_preset=&#8221;default&#8221; custom_padding=&#8221;||0px||false|false&#8221; global_colors_info=&#8221;{}&#8221;][et_pb_column_inner saved_specialty_column_type=&#8221;1_2&#8243; _builder_version=&#8221;4.16&#8243; _module_preset=&#8221;default&#8221; global_colors_info=&#8221;{}&#8221;][et_pb_text _builder_version=&#8221;4.27.5&#8243; _module_preset=&#8221;default&#8221; text_font_size=&#8221;9px&#8221; header_2_font=&#8221;Poppins||||||||&#8221; header_2_text_color=&#8221;#000000&#8243; header_2_font_size=&#8221;23px&#8221; header_2_line_height=&#8221;1.2em&#8221; custom_margin=&#8221;||10px||false|false&#8221; header_2_font_size_tablet=&#8221;&#8221; header_2_font_size_phone=&#8221;35px&#8221; header_2_font_size_last_edited=&#8221;on|phone&#8221; locked=&#8221;off&#8221; global_colors_info=&#8221;{}&#8221;]<\/p>\n<h2 style=\"text-align: left\"><strong>Monta\u017c, serwis, naprawa maszyn i urz\u0105dze\u0144 elektrycznych i telekomunikacyjnych<br \/><\/strong><br \/><strong>Szkolenie stacjonarne, 30h<\/strong><\/h2>\n<p>[\/et_pb_text][et_pb_text _builder_version=&#8221;4.27.5&#8243; _module_preset=&#8221;default&#8221; text_font=&#8221;Mulish||||||||&#8221; text_text_color=&#8221;#333333&#8243; text_font_size=&#8221;15px&#8221; text_line_height=&#8221;1.8em&#8221; link_font=&#8221;Mulish||||on|||#000000|&#8221; link_text_color=&#8221;#000000&#8243; locked=&#8221;off&#8221; global_colors_info=&#8221;{}&#8221; link_text_color__hover_enabled=&#8221;on|hover&#8221; link_text_color__hover=&#8221;#fa582f&#8221;]<\/p>\n<p class=\"my-2 [&amp;+p]:mt-4 [&amp;_strong:has(+br)]:inline-block [&amp;_strong:has(+br)]:pb-2\" style=\"text-align: justify\">Szkolenie przeznaczone dla os\u00f3b doros\u0142ych, w tym: pracownik\u00f3w bran\u017cy elektronicznej, telekomunikacyjnej, operator\u00f3w maszyn i urz\u0105dze\u0144, monter\u00f3w elektroniki, os\u00f3b odpowiedzialnych za jako\u015b\u0107 produktu.<\/p>\n<p><strong>Cele:\u00a0<\/strong><\/p>\n<ul>\n<li><u>Zrozumienie podstawowych zasad monta\u017cu i kontroli jako\u015bci<\/u><br \/>Uczestnik poznaje kluczowe poj\u0119cia, normy (np. IPC-A-610), mechanizmy zapewnienia jako\u015bci oraz znaczenie standard\u00f3w IPC w procesie produkcji <br \/>i serwisu.<\/li>\n<li><u>Opanowanie praktycznych umiej\u0119tno\u015bci<\/u> <br \/>Zdolno\u015b\u0107 wykonywania po\u0142\u0105cze\u0144 lutowanych THT i SMT, inspekcji jako\u015bci (AOI, <br \/>X-ray), diagnozowania usterek PCB, realizacji procedur serwisowych i napraw zgodnie z normami IPC.<\/li>\n<li><u>Rozwijanie kompetencji analitycznych <br \/><\/u>Umiej\u0119tno\u015b\u0107 interpretowania dokumentacji technicznej, oceny ryzyk zwi\u0105zanych z jako\u015bci\u0105, podejmowania decyzji o akceptacji lub odrzuceniu produktu.<\/li>\n<li><u>Kszta\u0142towanie odpowiedzialno\u015bci zawodowej <br \/><\/u>\u015awiadomo\u015b\u0107 konsekwencji stosowania niew\u0142a\u015bciwych praktyk, przestrzeganie zasad BHP, ochrony przed ESD\/EOS, a tak\u017ce norm \u015brodowiskowych (recykling, odzysk materia\u0142\u00f3w).<\/li>\n<li><u>Przygotowanie do pracy w zespole i w \u015brodowisku produkcyjnym<br \/><\/u>Zdolno\u015b\u0107 wsp\u00f3\u0142pracy przy realizacji zada\u0144 monta\u017cowych i serwisowych, komunikacja w sytuacjach wymagaj\u0105cych szybkiego rozwi\u0105zywania problem\u00f3w.<\/li>\n<\/ul>\n<p><strong>WYMAGANIA WST\u0118PNE DLA UCZESTNIK\u00d3W BRAN\u017bOWEGO SZKOLENIA ZAWODOWEGO<\/strong><\/p>\n<p><strong>Podstawowa wiedza techniczna<\/strong><\/p>\n<ul>\n<li>Podstawy elektroniki: elementy pasywne\/aktywne, czytanie prostych schemat\u00f3w, zasady dzia\u0142ania uk\u0142ad\u00f3w.<\/li>\n<li>Podstawy elektrotechniki: napi\u0119cie, pr\u0105d, rezystancja, moc, bezpiecze\u0144stwo pracy <br \/>z urz\u0105dzeniami elektrycznymi.<\/li>\n<li>Orientacja w telekomunikacji: rola modu\u0142\u00f3w elektronicznych w systemach \u0142\u0105czno\u015bci, okablowanie niskopr\u0105dowe.<\/li>\n<li>Podstawy informatyki u\u017cytkowej: praca z plikami, folderami (Windows\/Linux), korzystanie z przegl\u0105darki i poczty.<\/li>\n<\/ul>\n<p><strong>Minimalne kompetencje techniczne (wymagane)<\/strong><\/p>\n<ul>\n<li>Obs\u0142uga stanowiska komputerowego (Windows\/Linux): uruchamianie aplikacji, zarz\u0105dzanie plikami, podstawowe ustawienia systemowe.<\/li>\n<li>Korzystanie z narz\u0119dzi cyfrowych: odczyt dokumentacji PDF, dost\u0119p do materia\u0142\u00f3w e\u2011learningowych, udzia\u0142 w quizach online.<\/li>\n<li>Podstawy organizacji pracy warsztatowej: czytanie instrukcji, stosowanie checklist, prowadzenie podstawowej dokumentacji (raport z \u0107wiczenia).<\/li>\n<li>\u015awiadomo\u015b\u0107 BHP oraz ESD\/EOS:<\/li>\n<li>Znajomo\u015b\u0107 zasad bezpiecznej pracy (ochrona wzroku, d\u0142oni, wentylacja, ergonomia),<\/li>\n<li>Rozumienie i stosowanie ochrony przed wy\u0142adowaniami elektrostatycznymi (EPA, opaski nadgarstkowe, maty antystatyczne),<\/li>\n<li>Bezpieczne obchodzenie si\u0119 z wysokim napi\u0119ciem i gor\u0105cymi elementami (lutownice, hot\u2011air, reflow).<\/li>\n<li>Podstawowe umiej\u0119tno\u015bci manualne: pos\u0142ugiwanie si\u0119 narz\u0119dziami r\u0119cznymi (\u015brubokr\u0119ty, szczypce), precyzyjne operowanie lutownic\u0105, dba\u0142o\u015b\u0107 o czysto\u015b\u0107 i porz\u0105dek na stanowisku.<\/li>\n<\/ul>\n<p><strong>Podstawy pracy z sieciami i sprz\u0119tem (mile widziane)<\/strong><\/p>\n<ul>\n<li>Rozumie nie poj\u0119\u0107: LAN\/Wi\u2011Fi, adres IP, router\/switch (na poziomie u\u017cytkowym \u2013 przydatne do pracy z urz\u0105dzeniami testowymi).<\/li>\n<li>Podstawowe zasady cyberbezpiecze\u0144stwa u\u017cytkownika: silne has\u0142a, aktualizacje oprogramowania, \u015bwiadome korzystanie z Internetu.<\/li>\n<\/ul>\n<p class=\"my-2 [&amp;+p]:mt-4 [&amp;_strong:has(+br)]:inline-block [&amp;_strong:has(+br)]:pb-2\"><strong>Terminy szkole\u0144:<\/strong><\/p>\n<p>&nbsp;<\/p>\n<p>Prowadzenie: Bartosz Wanato\u0142a, Marcin Palacz<\/p>\n<p class=\"my-2 [&amp;+p]:mt-4 [&amp;_strong:has(+br)]:inline-block [&amp;_strong:has(+br)]:pb-2\">\n<p>[\/et_pb_text][\/et_pb_column_inner][\/et_pb_row_inner][\/et_pb_column][\/et_pb_section][et_pb_section fb_built=&#8221;1&#8243; make_equal=&#8221;on&#8221; use_custom_gutter=&#8221;on&#8221; gutter_width=&#8221;2&#8243; specialty=&#8221;on&#8221; _builder_version=&#8221;4.27.5&#8243; _module_preset=&#8221;default&#8221; module_alignment=&#8221;center&#8221; inner_width=&#8221;100%&#8221; inner_max_width=&#8221;1370px&#8221; custom_margin=&#8221;-60px|||||&#8221; global_colors_info=&#8221;{}&#8221;][et_pb_column type=&#8221;1_2&#8243; _builder_version=&#8221;4.16&#8243; custom_padding=&#8221;|||&#8221; global_colors_info=&#8221;{}&#8221; custom_padding__hover=&#8221;|||&#8221;][et_pb_image src=&#8221;https:\/\/bcu.opole.pl\/bcu3\/wp-content\/uploads\/sites\/5\/2026\/02\/Kubernetes1.png&#8221; title_text=&#8221;Kubernetes(1)&#8221; align=&#8221;center&#8221; _builder_version=&#8221;4.27.5&#8243; _module_preset=&#8221;default&#8221; width=&#8221;53%&#8221; hover_enabled=&#8221;0&#8243; global_colors_info=&#8221;{}&#8221; sticky_enabled=&#8221;0&#8243;][\/et_pb_image][\/et_pb_column][et_pb_column type=&#8221;1_2&#8243; specialty_columns=&#8221;2&#8243; _builder_version=&#8221;4.16&#8243; custom_padding=&#8221;|||&#8221; global_colors_info=&#8221;{}&#8221; custom_padding__hover=&#8221;|||&#8221;][et_pb_row_inner _builder_version=&#8221;4.16&#8243; _module_preset=&#8221;default&#8221; custom_padding=&#8221;||0px||false|false&#8221; global_colors_info=&#8221;{}&#8221;][et_pb_column_inner saved_specialty_column_type=&#8221;1_2&#8243; _builder_version=&#8221;4.16&#8243; _module_preset=&#8221;default&#8221; global_colors_info=&#8221;{}&#8221;][et_pb_text _builder_version=&#8221;4.27.5&#8243; _module_preset=&#8221;default&#8221; text_font_size=&#8221;9px&#8221; header_2_font=&#8221;Poppins||||||||&#8221; header_2_text_color=&#8221;#000000&#8243; header_2_font_size=&#8221;23px&#8221; header_2_line_height=&#8221;1.2em&#8221; custom_margin=&#8221;||10px||false|false&#8221; header_2_font_size_tablet=&#8221;&#8221; header_2_font_size_phone=&#8221;35px&#8221; header_2_font_size_last_edited=&#8221;on|phone&#8221; locked=&#8221;off&#8221; global_colors_info=&#8221;{}&#8221;]<\/p>\n<h2 style=\"text-align: left\"><strong>Zarz\u0105dzanie sieciami w Data Center dla Kubernetes wraz z wykorzystaniem infrastruktury telekomunikacyjnej\u00a0<\/strong><\/h2>\n<p>&nbsp;<\/p>\n<h2 style=\"text-align: left\"><strong>Szkolenie stacjonarne, 120h (15 dni)\u00a0<\/strong><\/h2>\n<p><strong><\/strong><\/p>\n<p>[\/et_pb_text][et_pb_text _builder_version=&#8221;4.27.5&#8243; _module_preset=&#8221;default&#8221; text_font=&#8221;Mulish||||||||&#8221; text_text_color=&#8221;#333333&#8243; text_font_size=&#8221;15px&#8221; text_line_height=&#8221;1.8em&#8221; link_font=&#8221;Mulish||||on|||#000000|&#8221; link_text_color=&#8221;#000000&#8243; locked=&#8221;off&#8221; global_colors_info=&#8221;{}&#8221; link_text_color__hover_enabled=&#8221;on|hover&#8221; link_text_color__hover=&#8221;#fa582f&#8221;]<\/p>\n<p style=\"text-align: justify\">Kurs przeznaczony jest dla osoby doros\u0142ych, w tym m.in.: in\u017cynier\u00f3w DevOps zainteresowanych infrastruktur\u0105 telekomunikacyjn\u0105, os\u00f3b zarz\u0105dzaj\u0105cych centralami telefonicznymi, kt\u00f3re chc\u0105 poszerzy\u0107 wiedz\u0119 o konteneryzacji, pracownik\u00f3w help desk i service desk planuj\u0105cych awans na stanowiska specjalistyczne, ekspert\u00f3w Kubernetes pragn\u0105cy zg\u0142\u0119bi\u0107 aspekty telekomunikacyjne, administrator\u00f3w sieci poszukuj\u0105cy kompetencji w zakresie nowoczesnych technologii kontenerowych, absolwent\u00f3w szk\u00f3\u0142 bran\u017cowych o profilu informatycznym lub teleinformatycznym, absolwent\u00f3w kierunk\u00f3w informatycznych i teleinformatycznych.<\/p>\n<p style=\"text-align: justify\">\n<p><strong>Cele:\u00a0<\/strong><\/p>\n<ul>\n<li>Zrozumienie architektury i zasad dzia\u0142ania sieci w Data Center \u2013 uczestnik poznaje kluczowe poj\u0119cia, mechanizmy i zale\u017cno\u015bci mi\u0119dzy warstwami sieciowymi, wirtualizacj\u0105 i konteneryzacj\u0105.<\/li>\n<li>Opanowanie praktycznych umiej\u0119tno\u015bci \u2013 zdolno\u015b\u0107 konfiguracji, monitorowania <br \/>i optymalizacji sieci dla \u015brodowisk Kubernetes, z uwzgl\u0119dnieniem wymaga\u0144 skalowalno\u015bci i bezpiecze\u0144stwa.<\/li>\n<li>Rozwijanie kompetencji analitycznych \u2013 umiej\u0119tno\u015b\u0107 diagnozowania problem\u00f3w sieciowych, analizy wydajno\u015bci oraz reagowania na awarie w spos\u00f3b zgodny <br \/>z najlepszymi praktykami.<\/li>\n<li>Kszta\u0142towanie odpowiedzialno\u015bci technologicznej \u2013 \u015bwiadomo\u015b\u0107 wp\u0142ywu decyzji na stabilno\u015b\u0107 i bezpiecze\u0144stwo infrastruktury, przestrzeganie zasad etyki <br \/>i zgodno\u015bci z regulacjami.<\/li>\n<li>Przygotowanie do pracy w zespole i w \u015brodowisku zawodowym \u2013 zdolno\u015b\u0107 wsp\u00f3\u0142pracy przy projektach zwi\u0105zanych z zarz\u0105dzaniem sieciami i kontenerami, komunikacja w sytuacjach krytycznych.<\/li>\n<li>Uwzgl\u0119dnienie aspekt\u00f3w ekologicznych i dost\u0119pno\u015bci \u2013 stosowanie rozwi\u0105za\u0144 energooszcz\u0119dnych (Green IT) oraz projektowanie zgodne z zasadami dost\u0119pno\u015bci.<\/li>\n<\/ul>\n<p><strong>WYMAGANIA WST\u0118PNE DLA UCZESTNIK\u00d3W BRAN\u017bOWEGO SZKOLENIA ZAWODOWEGO<\/strong><\/p>\n<p><strong>Podstawowa wiedza techniczna \u2013 <\/strong>wskazana jest znajomo\u015b\u0107 podstaw jednej z dziedzin: telekomunikacja, elektronika, elektrotechnika lub informatyka oraz og\u00f3lne rozumienie dzia\u0142ania system\u00f3w komputerowych i sieci.<\/p>\n<p><strong>Minimalne kompetencje techniczne <\/strong><\/p>\n<ul>\n<li>Obs\u0142uga system\u00f3w operacyjnych (Windows\/Linux): instalacja aplikacji, zarz\u0105dzanie plikami, podstawowa konfiguracja.<\/li>\n<li>Podstawy sieci komputerowych: Znajomo\u015b\u0107 poj\u0119\u0107: adres IP, maska podsieci, router, VLAN, sie\u0107 LAN\/Wi-Fi.<\/li>\n<li>Podstawowe zasady bezpiecze\u0144stwa sieciowego.<\/li>\n<li>Znajomo\u015b\u0107 Internetu i us\u0142ug online: korzystanie z przegl\u0105darki, poczty elektronicznej, wyszukiwanie informacji.<\/li>\n<li>Podstawowa wiedza o zagro\u017ceniach cyfrowych: \u015bwiadomo\u015b\u0107 ryzyk (np. phishing, malware), znaczenie hase\u0142 i aktualizacji.<\/li>\n<li>Podstawy wirtualizacji i konteneryzacji (mile widziane): og\u00f3lne poj\u0119cie o maszynach wirtualnych i kontenerach (np. Docker).<\/li>\n<\/ul>\n<p><strong>Kompetencje mi\u0119kkie <\/strong><\/p>\n<ul>\n<li>Logiczne my\u015blenie i rozwi\u0105zywanie problem\u00f3w: zdolno\u015b\u0107 analizowania sytuacji <br \/>i podejmowania decyzji.<\/li>\n<li>Umiej\u0119tno\u015b\u0107 pracy zespo\u0142owej: gotowo\u015b\u0107 do wsp\u00f3\u0142pracy w grupie, dzielenia si\u0119 wiedz\u0105 <br \/>i wsp\u00f3lnego rozwi\u0105zywania zada\u0144.<\/li>\n<li>Komunikacja: jasne formu\u0142owanie pyta\u0144 i odpowiedzi, aktywne uczestnictwo w dyskusjach.<\/li>\n<li>Organizacja pracy: planowanie dzia\u0142a\u0144, zarz\u0105dzanie czasem podczas \u0107wicze\u0144 praktycznych.<\/li>\n<\/ul>\n<p><strong>Znajomo\u015b\u0107 j\u0119zyka angielskiego<\/strong><\/p>\n<ul>\n<li>Poziom podstawowy &#8211; przydatne do pracy z narz\u0119dziami i dokumentacj\u0105 (np. Kubernetes, Linux).<\/li>\n<\/ul>\n<p class=\"my-2 [&amp;+p]:mt-4 [&amp;_strong:has(+br)]:inline-block [&amp;_strong:has(+br)]:pb-2\"><strong><\/strong><\/p>\n<p><strong>Pierwszy zjazd:<\/strong><\/p>\n<p>28.02-01.03.2026<br \/>14.03-15.03.2026<br \/>28.03-29.03.2026<br \/>11.04-12.04.2026<br \/>25.04-26.04.2026<br \/>16.05-17.05.2026<br \/>30.05-31.05.2026<br \/>06.06.2026<\/p>\n<p>&nbsp;<\/p>\n<p>Prowadzenie: Mariusz Ko\u0142odziej<\/p>\n<p class=\"my-2 [&amp;+p]:mt-4 [&amp;_strong:has(+br)]:inline-block [&amp;_strong:has(+br)]:pb-2\">\n<p>[\/et_pb_text][\/et_pb_column_inner][\/et_pb_row_inner][\/et_pb_column][\/et_pb_section]<\/p>\n","protected":false},"excerpt":{"rendered":"<p>Rejestracja na szkolenia: https:\/\/rekrutacja.bcu.opole.pl\/bcu-3-osoby-dorosle\/ &nbsp;Kontakt w sprawie kurs\u00f3w: bcu3@elektryk.opole.pl, tel. 728 905 777 Regulamin kurs\u00f3w &nbsp;Konfiguracja urz\u0105dze\u0144 sieciowych MikroTik, zarz\u0105dzanie ruchem sieciowym (NAT) oraz publikacja us\u0142ug kontenerowych (Docker) w \u015brodowisku produkcyjnymSzkolenie stacjonarne, 30h\u00a0Szkolenie przeznaczone dla administrator\u00f3w system\u00f3w teleinformatycznych, instalator\u00f3w sieci, specjalist\u00f3w, pracownik\u00f3w IT, absolwent\u00f3w kierunk\u00f3w informatycznych.\u00a0 Cele: Nabycie praktycznych umiej\u0119tno\u015bci w zakresie projektowania i bezpiecznego [&hellip;]<\/p>\n","protected":false},"author":3,"featured_media":0,"parent":0,"menu_order":0,"comment_status":"closed","ping_status":"closed","template":"","meta":{"_et_pb_use_builder":"on","_et_pb_old_content":"<!-- wp:divi\/placeholder \/-->","_et_gb_content_width":"","footnotes":""},"class_list":["post-43","page","type-page","status-publish","hentry"],"aioseo_notices":[],"_links":{"self":[{"href":"https:\/\/bcu.opole.pl\/bcu3\/wp-json\/wp\/v2\/pages\/43","targetHints":{"allow":["GET"]}}],"collection":[{"href":"https:\/\/bcu.opole.pl\/bcu3\/wp-json\/wp\/v2\/pages"}],"about":[{"href":"https:\/\/bcu.opole.pl\/bcu3\/wp-json\/wp\/v2\/types\/page"}],"author":[{"embeddable":true,"href":"https:\/\/bcu.opole.pl\/bcu3\/wp-json\/wp\/v2\/users\/3"}],"replies":[{"embeddable":true,"href":"https:\/\/bcu.opole.pl\/bcu3\/wp-json\/wp\/v2\/comments?post=43"}],"version-history":[{"count":28,"href":"https:\/\/bcu.opole.pl\/bcu3\/wp-json\/wp\/v2\/pages\/43\/revisions"}],"predecessor-version":[{"id":1237,"href":"https:\/\/bcu.opole.pl\/bcu3\/wp-json\/wp\/v2\/pages\/43\/revisions\/1237"}],"wp:attachment":[{"href":"https:\/\/bcu.opole.pl\/bcu3\/wp-json\/wp\/v2\/media?parent=43"}],"curies":[{"name":"wp","href":"https:\/\/api.w.org\/{rel}","templated":true}]}}