{"id":15,"date":"2025-04-14T09:53:27","date_gmt":"2025-04-14T07:53:27","guid":{"rendered":"https:\/\/bcu.opole.pl\/bcu3\/?page_id=15"},"modified":"2026-02-27T12:32:23","modified_gmt":"2026-02-27T11:32:23","slug":"press-room","status":"publish","type":"page","link":"https:\/\/bcu.opole.pl\/bcu3\/press-room\/","title":{"rendered":"PRESS ROOM"},"content":{"rendered":"<p>[et_pb_section fb_built=&#8221;1&#8243; admin_label=&#8221;section&#8221; _builder_version=&#8221;4.16&#8243; custom_margin=&#8221;||-60px|||&#8221; global_colors_info=&#8221;{}&#8221;][et_pb_row _builder_version=&#8221;4.27.4&#8243; _module_preset=&#8221;default&#8221; global_colors_info=&#8221;{}&#8221;][et_pb_column type=&#8221;4_4&#8243; _builder_version=&#8221;4.27.4&#8243; _module_preset=&#8221;default&#8221; global_colors_info=&#8221;{}&#8221;][et_pb_heading title=&#8221;Media o projekcie&#8221; _builder_version=&#8221;4.27.4&#8243; _module_preset=&#8221;default&#8221; title_font=&#8221;Poppins||||||||&#8221; title_text_align=&#8221;center&#8221; title_font_size=&#8221;34px&#8221; global_colors_info=&#8221;{}&#8221;][\/et_pb_heading][\/et_pb_column][\/et_pb_row][\/et_pb_section][et_pb_section fb_built=&#8221;1&#8243; _builder_version=&#8221;4.27.4&#8243; _module_preset=&#8221;default&#8221; global_colors_info=&#8221;{}&#8221;][et_pb_row column_structure=&#8221;2_5,3_5&#8243; _builder_version=&#8221;4.27.4&#8243; _module_preset=&#8221;default&#8221; global_colors_info=&#8221;{}&#8221;][et_pb_column type=&#8221;2_5&#8243; _builder_version=&#8221;4.27.4&#8243; _module_preset=&#8221;default&#8221; global_colors_info=&#8221;{}&#8221;][et_pb_heading title=&#8221;26.02.2026 r.&#8221; _builder_version=&#8221;4.27.5&#8243; _module_preset=&#8221;default&#8221; title_font=&#8221;Poppins||||||||&#8221; title_text_align=&#8221;left&#8221; title_font_size=&#8221;19px&#8221; hover_enabled=&#8221;0&#8243; global_colors_info=&#8221;{}&#8221; sticky_enabled=&#8221;0&#8243;][\/et_pb_heading][et_pb_image src=&#8221;https:\/\/bcu.opole.pl\/bcu3\/wp-content\/uploads\/sites\/5\/2026\/02\/pracownia4.jpg&#8221; title_text=&#8221;_DSC0751&#8243; url=&#8221;https:\/\/opolska360.pl\/bcu-dla-telekomunikacji-w-opolu-otwarte-mlodzi-zachwyceni&#8221; _builder_version=&#8221;4.27.5&#8243; _module_preset=&#8221;default&#8221; custom_padding=&#8221;|66px||||&#8221; hover_enabled=&#8221;0&#8243; global_colors_info=&#8221;{}&#8221; sticky_enabled=&#8221;0&#8243;][\/et_pb_image][\/et_pb_column][et_pb_column type=&#8221;3_5&#8243; _builder_version=&#8221;4.27.4&#8243; _module_preset=&#8221;default&#8221; global_colors_info=&#8221;{}&#8221;][et_pb_text _builder_version=&#8221;4.27.5&#8243; _module_preset=&#8221;default&#8221; text_font=&#8221;Montserrat||||||||&#8221; header_font=&#8221;Montserrat||||||||&#8221; hover_enabled=&#8221;0&#8243; global_colors_info=&#8221;{}&#8221; sticky_enabled=&#8221;0&#8243;]<\/p>\n<p><strong>To druga taka plac\u00f3wka w Polsce. Dzi\u0119ki niej mo\u017cna liczy\u0107 na wysokie zarobki<\/strong><\/p>\n<p>&nbsp;<\/p>\n<p>Warte przesz\u0142o 11 mln z\u0142 Bran\u017cowe Centrum Umiej\u0119tno\u015bci w dziedzinie telekomunikacji otwarto w Zespole Szk\u00f3\u0142 Elektrycznych przy ul. Ko\u015bciuszki w Opolu. Do ko\u0144ca czerwca przeszkoli si\u0119 tam 300 os\u00f3b. S\u0105 jeszcze wolne miejsca.<\/p>\n<p>&nbsp;<\/p>\n<p><a href=\"https:\/\/opolska360.pl\/bcu-dla-telekomunikacji-w-opolu-otwarte-mlodzi-zachwyceni\">https:\/\/opolska360.pl\/bcu-dla-telekomunikacji-w-opolu-otwarte-mlodzi-zachwyceni<\/a><\/p>\n<p>&nbsp;<\/p>\n<p>&nbsp;<\/p>\n<p>[\/et_pb_text][\/et_pb_column][\/et_pb_row][et_pb_row column_structure=&#8221;2_5,3_5&#8243; _builder_version=&#8221;4.27.4&#8243; _module_preset=&#8221;default&#8221; global_colors_info=&#8221;{}&#8221;][et_pb_column type=&#8221;2_5&#8243; _builder_version=&#8221;4.27.4&#8243; _module_preset=&#8221;default&#8221; global_colors_info=&#8221;{}&#8221;][et_pb_heading title=&#8221;26.02.2026 r.&#8221; _builder_version=&#8221;4.27.5&#8243; _module_preset=&#8221;default&#8221; title_font=&#8221;Poppins||||||||&#8221; title_text_align=&#8221;left&#8221; title_font_size=&#8221;19px&#8221; hover_enabled=&#8221;0&#8243; global_colors_info=&#8221;{}&#8221; sticky_enabled=&#8221;0&#8243;][\/et_pb_heading][et_pb_image src=&#8221;https:\/\/bcu.opole.pl\/bcu3\/wp-content\/uploads\/sites\/5\/2026\/02\/DSC0751-1.jpg&#8221; title_text=&#8221;_DSC0751&#8243; url=&#8221;https:\/\/czasnaopole.pl\/bedzie-odpowiedzia-na-wyzwania-w-branzy-telekomunikacyjnej\/&#8221; _builder_version=&#8221;4.27.5&#8243; _module_preset=&#8221;default&#8221; custom_padding=&#8221;|66px||||&#8221; hover_enabled=&#8221;0&#8243; global_colors_info=&#8221;{}&#8221; sticky_enabled=&#8221;0&#8243;][\/et_pb_image][\/et_pb_column][et_pb_column type=&#8221;3_5&#8243; _builder_version=&#8221;4.27.4&#8243; _module_preset=&#8221;default&#8221; global_colors_info=&#8221;{}&#8221;][et_pb_text _builder_version=&#8221;4.27.5&#8243; _module_preset=&#8221;default&#8221; text_font=&#8221;Montserrat||||||||&#8221; header_font=&#8221;Montserrat||||||||&#8221; hover_enabled=&#8221;0&#8243; global_colors_info=&#8221;{}&#8221; sticky_enabled=&#8221;0&#8243;]<\/p>\n<p><strong>B\u0119dzie odpowiedzi\u0105 na wyzwania w bran\u017cy telekomunikacyjnej<\/strong><\/p>\n<p>&nbsp;<\/p>\n<p>Teleinformatyczne. Mowa o otwartym dzisiaj oficjalnie trzecim Bran\u017cowym Centrum Umiej\u0119tno\u015bci w Opolu. Niebawem 300 uczestnik\u00f3w szkole\u0144 pocz\u0105wszy od uczni\u00f3w a zako\u0144czywszy na pracownikach firm b\u0119dzie mog\u0142o zdobywa\u0107 co raz wy\u017csze umiej\u0119tno\u015bci. Trzecia, po motoryzacyjnej i poligraficznej plac\u00f3wka BCU powsta\u0142a dzi\u0119ki wsp\u00f3\u0142pracy: Miasta Opole, Zespo\u0142u Szk\u00f3\u0142 Elektrycznych w Opolu, Krajowej Izby Gospodarczej Elektroniki i Telekomunikacji oraz Parku Naukowo-Technologicznego w Opolu.<\/p>\n<p>&nbsp;<\/p>\n<p><a href=\"https:\/\/czasnaopole.pl\/bedzie-odpowiedzia-na-wyzwania-w-branzy-telekomunikacyjnej\/\">https:\/\/czasnaopole.pl\/bedzie-odpowiedzia-na-wyzwania-w-branzy-telekomunikacyjnej\/<\/a><\/p>\n<p>&nbsp;<\/p>\n<p>&nbsp;<\/p>\n<p>[\/et_pb_text][\/et_pb_column][\/et_pb_row][et_pb_row column_structure=&#8221;2_5,3_5&#8243; _builder_version=&#8221;4.27.4&#8243; _module_preset=&#8221;default&#8221; global_colors_info=&#8221;{}&#8221;][et_pb_column type=&#8221;2_5&#8243; _builder_version=&#8221;4.27.4&#8243; _module_preset=&#8221;default&#8221; global_colors_info=&#8221;{}&#8221;][et_pb_heading title=&#8221;26.02.2026 r.&#8221; _builder_version=&#8221;4.27.5&#8243; _module_preset=&#8221;default&#8221; title_font=&#8221;Poppins||||||||&#8221; title_text_align=&#8221;left&#8221; title_font_size=&#8221;19px&#8221; hover_enabled=&#8221;0&#8243; global_colors_info=&#8221;{}&#8221; sticky_enabled=&#8221;0&#8243;][\/et_pb_heading][et_pb_image src=&#8221;https:\/\/bcu.opole.pl\/bcu3\/wp-content\/uploads\/sites\/5\/2026\/02\/DSC0700-1.jpg&#8221; title_text=&#8221;_DSC0700&#8243; url=&#8221;https:\/\/radio.opole.pl\/468,919924,tutaj-jest-wszystko-czego-potrzebujemy-a-nawet-w&#8221; _builder_version=&#8221;4.27.5&#8243; _module_preset=&#8221;default&#8221; custom_padding=&#8221;|66px||||&#8221; hover_enabled=&#8221;0&#8243; global_colors_info=&#8221;{}&#8221; sticky_enabled=&#8221;0&#8243;][\/et_pb_image][\/et_pb_column][et_pb_column type=&#8221;3_5&#8243; _builder_version=&#8221;4.27.4&#8243; _module_preset=&#8221;default&#8221; global_colors_info=&#8221;{}&#8221;][et_pb_text _builder_version=&#8221;4.27.5&#8243; _module_preset=&#8221;default&#8221; text_font=&#8221;Montserrat||||||||&#8221; header_font=&#8221;Montserrat||||||||&#8221; hover_enabled=&#8221;0&#8243; global_colors_info=&#8221;{}&#8221; sticky_enabled=&#8221;0&#8243;]<\/p>\n<p><strong>&#8222;Tutaj jest wszystko, czego potrzebujemy, a nawet wi\u0119cej&#8221;. BCU w Opolu ju\u017c dzia\u0142a<\/strong><\/p>\n<p>W Opolu powstanie trzecie Bran\u017cowe Centrum Umiej\u0119tno\u015bci. To zupe\u0142na nowo\u015b\u0107 w polskim systemie edukacji. Centrum b\u0119dzie zaawansowanym technologicznie o\u015brodkiem kszta\u0142cenia, szkolenia i egzaminowania w dziedzinie telekomunikacji w Opolu.<\/p>\n<p><a href=\"https:\/\/opolska360.pl\/chca-przeszkolic-300-osob-w-opolu-powstaje-specjalne-centrum-w-dziedzinie-telekomunikacji\">https:\/\/radio.opole.pl\/468,919924,tutaj-jest-wszystko-czego-potrzebujemy-a-nawet-w<\/a><\/p>\n<p>&nbsp;<\/p>\n<p>&nbsp;<\/p>\n<p>[\/et_pb_text][\/et_pb_column][\/et_pb_row][et_pb_row column_structure=&#8221;2_5,3_5&#8243; _builder_version=&#8221;4.27.4&#8243; _module_preset=&#8221;default&#8221; global_colors_info=&#8221;{}&#8221;][et_pb_column type=&#8221;2_5&#8243; _builder_version=&#8221;4.27.4&#8243; _module_preset=&#8221;default&#8221; global_colors_info=&#8221;{}&#8221;][et_pb_heading title=&#8221;13.11.2025 r. &#8221; _builder_version=&#8221;4.27.4&#8243; _module_preset=&#8221;default&#8221; title_font=&#8221;Poppins||||||||&#8221; title_text_align=&#8221;left&#8221; title_font_size=&#8221;19px&#8221; global_colors_info=&#8221;{}&#8221;][\/et_pb_heading][et_pb_image src=&#8221;https:\/\/bcu.opole.pl\/bcu3\/wp-content\/uploads\/sites\/5\/2025\/11\/meet-the-robot7-3.jpg&#8221; title_text=&#8221;meet-the robot&#8221; url=&#8221;https:\/\/czasnaopole.pl\/branzowe-centrum-umiejetnosci-w-elektryczniaku\/&#8221; _builder_version=&#8221;4.27.4&#8243; _module_preset=&#8221;default&#8221; custom_padding=&#8221;|66px||||&#8221; global_colors_info=&#8221;{}&#8221;][\/et_pb_image][\/et_pb_column][et_pb_column type=&#8221;3_5&#8243; _builder_version=&#8221;4.27.4&#8243; _module_preset=&#8221;default&#8221; global_colors_info=&#8221;{}&#8221;][et_pb_text _builder_version=&#8221;4.27.4&#8243; _module_preset=&#8221;default&#8221; text_font=&#8221;Montserrat||||||||&#8221; header_font=&#8221;Montserrat||||||||&#8221; global_colors_info=&#8221;{}&#8221;]<\/p>\n<p><strong>Od sztucznej inteligencji po autonomiczne IT. \u015awiatowy Tydzie\u0144 Przedsi\u0119biorczo\u015bci w Opolu rusza z nowymi technologiami<\/strong><\/p>\n<p>To ju\u017c tradycja. Jesie\u0144 w Opolu stoi pod znakiem przedsi\u0119biorczo\u015bci. 17 listopada, po raz \u00f3smy, wystartuje \u015awiatowy Tydzie\u0144 Przedsi\u0119biorczo\u015bci.<\/p>\n<p><a href=\"https:\/\/opolska360.pl\/chca-przeszkolic-300-osob-w-opolu-powstaje-specjalne-centrum-w-dziedzinie-telekomunikacji\">https:\/\/radio.opole.pl\/615,917365,od-sztucznej-inteligencji-po-autonomiczne-it-swi<\/a><\/p>\n<p>&nbsp;<\/p>\n<p>&nbsp;<\/p>\n<p>[\/et_pb_text][\/et_pb_column][\/et_pb_row][et_pb_row column_structure=&#8221;2_5,3_5&#8243; _builder_version=&#8221;4.27.4&#8243; _module_preset=&#8221;default&#8221; global_colors_info=&#8221;{}&#8221;][et_pb_column type=&#8221;2_5&#8243; _builder_version=&#8221;4.27.4&#8243; _module_preset=&#8221;default&#8221; global_colors_info=&#8221;{}&#8221;][et_pb_heading title=&#8221;15.09.2025 r.&#8221; _builder_version=&#8221;4.27.4&#8243; _module_preset=&#8221;default&#8221; title_font=&#8221;Poppins||||||||&#8221; title_text_align=&#8221;left&#8221; title_font_size=&#8221;19px&#8221; global_colors_info=&#8221;{}&#8221;][\/et_pb_heading][et_pb_image src=&#8221;https:\/\/bcu.opole.pl\/bcu3\/wp-content\/uploads\/sites\/5\/2025\/10\/BCU-ZSE-Kosciuszki-fot-PNT-768&#215;432-1.jpg&#8221; title_text=&#8221;BCU-ZSE-Kosciuszki-fot-PNT-768&#215;432&#8243; url=&#8221;https:\/\/czasnaopole.pl\/branzowe-centrum-umiejetnosci-w-elektryczniaku\/&#8221; _builder_version=&#8221;4.27.4&#8243; _module_preset=&#8221;default&#8221; custom_padding=&#8221;|66px||||&#8221; global_colors_info=&#8221;{}&#8221;][\/et_pb_image][\/et_pb_column][et_pb_column type=&#8221;3_5&#8243; _builder_version=&#8221;4.27.4&#8243; _module_preset=&#8221;default&#8221; global_colors_info=&#8221;{}&#8221;][et_pb_text _builder_version=&#8221;4.27.4&#8243; _module_preset=&#8221;default&#8221; text_font=&#8221;Montserrat||||||||&#8221; global_colors_info=&#8221;{}&#8221;]<\/p>\n<p><strong>Chc\u0105 przeszkoli\u0107 300 os\u00f3b. W Opolu powstaje specjalne centrum telekomunikacyjne<\/strong><\/p>\n<p>M\u0142odzi, doro\u015bli stoj\u0105cy przed zmian\u0105 zawodu lub poszerzaj\u0105cy kwalifikacje czy nauczyciele &#8211; te wszystkie grupy b\u0119d\u0105 mog\u0142y si\u0119 szkoli\u0107 w stolicy regionu w dynamicznie rozwijaj\u0105cej si\u0119 dziedzinie jak\u0105 jest telekomunikacja. W tym celu w Opolu powstaje Bran\u017cowe Centrum Umiej\u0119tno\u015bci w Zespole Szk\u00f3\u0142 Elektrycznych. Jest szansa, \u017ce b\u0119dzie otwarte z ko\u0144cem listopada lub w grudniu.<\/p>\n<p><a href=\"https:\/\/opolska360.pl\/chca-przeszkolic-300-osob-w-opolu-powstaje-specjalne-centrum-w-dziedzinie-telekomunikacji\">https:\/\/opolska360.pl\/chca-przeszkolic-300-osob-w-opolu-powstaje-specjalne-centrum-w-dziedzinie-telekomunikacji<\/a><\/p>\n<p>&nbsp;<\/p>\n<p>&nbsp;<\/p>\n<p>[\/et_pb_text][\/et_pb_column][\/et_pb_row][et_pb_row column_structure=&#8221;2_5,3_5&#8243; _builder_version=&#8221;4.27.4&#8243; _module_preset=&#8221;default&#8221; global_colors_info=&#8221;{}&#8221;][et_pb_column type=&#8221;2_5&#8243; _builder_version=&#8221;4.27.4&#8243; _module_preset=&#8221;default&#8221; global_colors_info=&#8221;{}&#8221;][et_pb_heading title=&#8221;09.09.2025 r.&#8221; _builder_version=&#8221;4.27.4&#8243; _module_preset=&#8221;default&#8221; title_font=&#8221;Poppins||||||||&#8221; title_text_align=&#8221;left&#8221; title_font_size=&#8221;19px&#8221; global_colors_info=&#8221;{}&#8221;][\/et_pb_heading][et_pb_image src=&#8221;https:\/\/bcu.opole.pl\/bcu3\/wp-content\/uploads\/sites\/5\/2025\/10\/otwarcie.webp&#8221; title_text=&#8221;otwarcie&#8221; url=&#8221;https:\/\/czasnaopole.pl\/branzowe-centrum-umiejetnosci-w-elektryczniaku\/&#8221; _builder_version=&#8221;4.27.4&#8243; _module_preset=&#8221;default&#8221; custom_padding=&#8221;|66px||||&#8221; global_colors_info=&#8221;{}&#8221;][\/et_pb_image][\/et_pb_column][et_pb_column type=&#8221;3_5&#8243; _builder_version=&#8221;4.27.4&#8243; _module_preset=&#8221;default&#8221; global_colors_info=&#8221;{}&#8221;][et_pb_text _builder_version=&#8221;4.27.4&#8243; _module_preset=&#8221;default&#8221; text_font=&#8221;Montserrat||||||||&#8221; global_colors_info=&#8221;{}&#8221;]<\/p>\n<p><strong>W tym o\u015brodku wykszta\u0142c\u0105 si\u0119 jako pierwsi w Polsce<\/strong><\/p>\n<p>W Opolu powsta\u0142 jako trzeci, ale o tej specjalno\u015bci jako pierwszy w Polsce. Mowa o Bran\u017cowym Centrum Umiej\u0119tno\u015bci w dziedzinie telekomunikacji, kt\u00f3re b\u0119dzie funkcjonowa\u0142o przy Zespole Szk\u00f3\u0142 Elektrycznych w Opolu. B\u0119dzie now\u0105 plac\u00f3wk\u0105 edukacyjn\u0105 w miejskim systemie o\u015bwiaty, dzi\u0119ki kt\u00f3rej b\u0119dzie mo\u017cna zdoby\u0107 nowy zaw\u00f3d podnie\u015b\u0107 kwalifikacje czy uzupe\u0142ni\u0107 posiadan\u0105 wiedz\u0119.<\/p>\n<p><a href=\"https:\/\/czasnaopole.pl\/w-tym-osrodku-wyksztalca-sie-jako-pierwsi-w-polsce-wideo\/\">https:\/\/czasnaopole.pl\/w-tym-osrodku-wyksztalca-sie-jako-pierwsi-w-polsce-wideo\/<\/a><\/p>\n<p>&nbsp;<\/p>\n<p>[\/et_pb_text][\/et_pb_column][\/et_pb_row][et_pb_row column_structure=&#8221;2_5,3_5&#8243; _builder_version=&#8221;4.27.4&#8243; _module_preset=&#8221;default&#8221; global_colors_info=&#8221;{}&#8221;][et_pb_column type=&#8221;2_5&#8243; _builder_version=&#8221;4.27.4&#8243; _module_preset=&#8221;default&#8221; global_colors_info=&#8221;{}&#8221;][et_pb_heading title=&#8221;09.09.2025 r.&#8221; _builder_version=&#8221;4.27.4&#8243; _module_preset=&#8221;default&#8221; title_font=&#8221;Poppins||||||||&#8221; title_text_align=&#8221;left&#8221; title_font_size=&#8221;19px&#8221; global_colors_info=&#8221;{}&#8221;][\/et_pb_heading][et_pb_image src=&#8221;https:\/\/bcu.opole.pl\/bcu3\/wp-content\/uploads\/sites\/5\/2025\/10\/telekom.jpeg&#8221; title_text=&#8221;telekom&#8221; url=&#8221;https:\/\/czasnaopole.pl\/branzowe-centrum-umiejetnosci-w-elektryczniaku\/&#8221; _builder_version=&#8221;4.27.4&#8243; _module_preset=&#8221;default&#8221; custom_padding=&#8221;|66px||||&#8221; global_colors_info=&#8221;{}&#8221;][\/et_pb_image][\/et_pb_column][et_pb_column type=&#8221;3_5&#8243; _builder_version=&#8221;4.27.4&#8243; _module_preset=&#8221;default&#8221; global_colors_info=&#8221;{}&#8221;][et_pb_text _builder_version=&#8221;4.27.4&#8243; _module_preset=&#8221;default&#8221; text_font=&#8221;Montserrat||||||||&#8221; global_colors_info=&#8221;{}&#8221;]<\/p>\n<p><strong>Telekomunikacja przysz\u0142o\u015bci \u2013 inauguracja BCU w Opolu<\/strong><\/p>\n<p>Zainaugurowano nowe Bran\u017cowe Centrum Umiej\u0119tno\u015bci. To ju\u017c trzecie takie centrum w Opolu, kt\u00f3re tym razem po\u015bwi\u0119cone b\u0119dzie telekomunikacji. W konferencji prezentuj\u0105cej BCU wzi\u0119li udzia\u0142 tak\u017ce uczniowie opolskiego elektryczniaka, w kt\u00f3rym znajdowa\u0107 si\u0119 b\u0119dzie instytucja.<\/p>\n<p><a href=\"https:\/\/doxa.fm\/aktualnosci\/region\/telekomunikacja-przyszlosci-inauguracja-bcu-w-opolu\/\">https:\/\/doxa.fm\/aktualnosci\/region\/telekomunikacja-przyszlosci-inauguracja-bcu-w-opolu\/<\/a><\/p>\n<p>&nbsp;<\/p>\n<p>&nbsp;<\/p>\n<p>[\/et_pb_text][\/et_pb_column][\/et_pb_row][et_pb_row column_structure=&#8221;2_5,3_5&#8243; _builder_version=&#8221;4.27.4&#8243; _module_preset=&#8221;default&#8221; global_colors_info=&#8221;{}&#8221;][et_pb_column type=&#8221;2_5&#8243; _builder_version=&#8221;4.27.4&#8243; _module_preset=&#8221;default&#8221; global_colors_info=&#8221;{}&#8221;][et_pb_heading title=&#8221;28.09.2024 r.&#8221; _builder_version=&#8221;4.27.4&#8243; _module_preset=&#8221;default&#8221; title_font=&#8221;Poppins||||||||&#8221; title_text_align=&#8221;left&#8221; title_font_size=&#8221;19px&#8221; global_colors_info=&#8221;{}&#8221;][\/et_pb_heading][et_pb_image src=&#8221;https:\/\/bcu.opole.pl\/bcu3\/wp-content\/uploads\/sites\/5\/2025\/10\/xOKI-3.-Branzowe-Centrum-Umiejetnosci-konferencja-prasowa-zapowiadajaca-30-1210&#215;674.jpg.pagespeed.ic_.Y_P_EN-jQz.jpg&#8221; title_text=&#8221;xOKI-3.-Branzowe-Centrum-Umiejetnosci-konferencja-prasowa-zapowiadajaca-30-1210&#215;674.jpg.pagespeed.ic.Y_P_EN-jQz&#8221; url=&#8221;https:\/\/czasnaopole.pl\/branzowe-centrum-umiejetnosci-w-elektryczniaku\/&#8221; _builder_version=&#8221;4.27.4&#8243; _module_preset=&#8221;default&#8221; custom_padding=&#8221;|66px||||&#8221; global_colors_info=&#8221;{}&#8221;][\/et_pb_image][\/et_pb_column][et_pb_column type=&#8221;3_5&#8243; _builder_version=&#8221;4.27.4&#8243; _module_preset=&#8221;default&#8221; global_colors_info=&#8221;{}&#8221;][et_pb_text _builder_version=&#8221;4.27.4&#8243; _module_preset=&#8221;default&#8221; text_font=&#8221;Montserrat||||||||&#8221; global_colors_info=&#8221;{}&#8221;]<\/p>\n<p><strong>Bran\u017cowe Centrum Umiej\u0119tno\u015bci w \u201eElektryczniaku\u201d<\/strong><\/p>\n<p>W Opolu powstanie trzecie Bran\u017cowe Centrum Umiej\u0119tno\u015bci. To zupe\u0142na nowo\u015b\u0107 w polskim systemie edukacji. Centrum b\u0119dzie zaawansowanym technologicznie o\u015brodkiem kszta\u0142cenia, szkolenia i egzaminowania w dziedzinie telekomunikacji w Opolu.<\/p>\n<p><a href=\"https:\/\/czasnaopole.pl\/branzowe-centrum-umiejetnosci-w-elektryczniaku\/\">https:\/\/czasnaopole.pl\/branzowe-centrum-umiejetnosci-w-elektryczniaku<\/a><strong><br \/><\/strong><\/p>\n<p>&nbsp;<\/p>\n<p>[\/et_pb_text][\/et_pb_column][\/et_pb_row][et_pb_row column_structure=&#8221;2_5,3_5&#8243; _builder_version=&#8221;4.27.4&#8243; _module_preset=&#8221;default&#8221; global_colors_info=&#8221;{}&#8221;][et_pb_column type=&#8221;2_5&#8243; _builder_version=&#8221;4.27.4&#8243; _module_preset=&#8221;default&#8221; global_colors_info=&#8221;{}&#8221;][et_pb_heading title=&#8221;27.09.2024 r.&#8221; _builder_version=&#8221;4.27.4&#8243; _module_preset=&#8221;default&#8221; title_font=&#8221;Poppins||||||||&#8221; title_text_align=&#8221;left&#8221; title_font_size=&#8221;19px&#8221; global_colors_info=&#8221;{}&#8221;][\/et_pb_heading][et_pb_image src=&#8221;https:\/\/bcu.opole.pl\/bcu3\/wp-content\/uploads\/sites\/5\/2025\/10\/66f6783915a4f_o_xlarge.jpg&#8221; title_text=&#8221;66f6783915a4f_o_xlarge&#8221; url=&#8221;https:\/\/czasnaopole.pl\/branzowe-centrum-umiejetnosci-w-elektryczniaku\/&#8221; _builder_version=&#8221;4.27.4&#8243; _module_preset=&#8221;default&#8221; custom_padding=&#8221;|66px||||&#8221; global_colors_info=&#8221;{}&#8221;][\/et_pb_image][\/et_pb_column][et_pb_column type=&#8221;3_5&#8243; _builder_version=&#8221;4.27.4&#8243; _module_preset=&#8221;default&#8221; global_colors_info=&#8221;{}&#8221;][et_pb_text _builder_version=&#8221;4.27.4&#8243; _module_preset=&#8221;default&#8221; text_font=&#8221;Montserrat||||||||&#8221; global_colors_info=&#8221;{}&#8221;]<\/p>\n<p><strong>Opole inwestuje w przysz\u0142o\u015b\u0107. Powstaje trzecie Bran\u017cowe Centrum Umiej\u0119tno\u015bci<\/strong><\/p>\n<p>W Opolu powstaje kolejne Bran\u017cowe Centrum Umiej\u0119tno\u015bci, tym razem skupione na dynamicznie rozwijaj\u0105cej si\u0119 bran\u017cy teleinformatycznej. To trzecia taka plac\u00f3wka w mie\u015bcie, kt\u00f3rej celem jest nie tylko nowoczesne kszta\u0142cenie m\u0142odzie\u017cy, ale r\u00f3wnie\u017c doros\u0142ych. Dostosowane jest do wymaga\u0144 wsp\u00f3\u0142czesnego rynku pracy.<\/p>\n<p><a href=\"https:\/\/nto.pl\/opole-inwestuje-w-przyszlosc-powstaje-trzecie-branzowe-centrum-umiejetnosci\/ar\/c5-18838055\">https:\/\/nto.pl\/opole-inwestuje-w-przyszlosc-powstaje-trzecie-branzowe-centrum-umiejetnosci\/ar\/c5-18838055<\/a><\/p>\n<p>&nbsp;<\/p>\n<p>&nbsp;<\/p>\n<p>[\/et_pb_text][\/et_pb_column][\/et_pb_row][\/et_pb_section]<\/p>\n","protected":false},"excerpt":{"rendered":"<p>To druga taka plac\u00f3wka w Polsce. Dzi\u0119ki niej mo\u017cna liczy\u0107 na wysokie zarobki &nbsp; Warte przesz\u0142o 11 mln z\u0142 Bran\u017cowe Centrum Umiej\u0119tno\u015bci w dziedzinie telekomunikacji otwarto w Zespole Szk\u00f3\u0142 Elektrycznych przy ul. Ko\u015bciuszki w Opolu. Do ko\u0144ca czerwca przeszkoli si\u0119 tam 300 os\u00f3b. S\u0105 jeszcze wolne miejsca. &nbsp; https:\/\/opolska360.pl\/bcu-dla-telekomunikacji-w-opolu-otwarte-mlodzi-zachwyceni &nbsp; &nbsp;B\u0119dzie odpowiedzi\u0105 na wyzwania w [&hellip;]<\/p>\n","protected":false},"author":3,"featured_media":0,"parent":0,"menu_order":0,"comment_status":"closed","ping_status":"closed","template":"","meta":{"_et_pb_use_builder":"on","_et_pb_old_content":"<!-- wp:divi\/placeholder \/-->","_et_gb_content_width":"","footnotes":""},"class_list":["post-15","page","type-page","status-publish","hentry"],"aioseo_notices":[],"_links":{"self":[{"href":"https:\/\/bcu.opole.pl\/bcu3\/wp-json\/wp\/v2\/pages\/15","targetHints":{"allow":["GET"]}}],"collection":[{"href":"https:\/\/bcu.opole.pl\/bcu3\/wp-json\/wp\/v2\/pages"}],"about":[{"href":"https:\/\/bcu.opole.pl\/bcu3\/wp-json\/wp\/v2\/types\/page"}],"author":[{"embeddable":true,"href":"https:\/\/bcu.opole.pl\/bcu3\/wp-json\/wp\/v2\/users\/3"}],"replies":[{"embeddable":true,"href":"https:\/\/bcu.opole.pl\/bcu3\/wp-json\/wp\/v2\/comments?post=15"}],"version-history":[{"count":8,"href":"https:\/\/bcu.opole.pl\/bcu3\/wp-json\/wp\/v2\/pages\/15\/revisions"}],"predecessor-version":[{"id":1204,"href":"https:\/\/bcu.opole.pl\/bcu3\/wp-json\/wp\/v2\/pages\/15\/revisions\/1204"}],"wp:attachment":[{"href":"https:\/\/bcu.opole.pl\/bcu3\/wp-json\/wp\/v2\/media?parent=15"}],"curies":[{"name":"wp","href":"https:\/\/api.w.org\/{rel}","templated":true}]}}