{"id":55,"date":"2025-04-11T10:59:12","date_gmt":"2025-04-11T08:59:12","guid":{"rendered":"https:\/\/bcu.opole.pl\/bcu2\/?page_id=55"},"modified":"2026-04-09T13:16:10","modified_gmt":"2026-04-09T11:16:10","slug":"dokumenty-do-pobrania__trashed","status":"publish","type":"page","link":"https:\/\/bcu.opole.pl\/bcu2\/dokumenty-do-pobrania__trashed\/","title":{"rendered":"DOKUMENTY DO POBRANIA"},"content":{"rendered":"<p>[et_pb_section fb_built=&#8221;1&#8243; _builder_version=&#8221;4.27.4&#8243; _module_preset=&#8221;default&#8221; min_height=&#8221;181.8px&#8221; global_colors_info=&#8221;{}&#8221;][et_pb_row _builder_version=&#8221;4.27.4&#8243; _module_preset=&#8221;default&#8221; global_colors_info=&#8221;{}&#8221;][et_pb_column type=&#8221;4_4&#8243; _builder_version=&#8221;4.27.4&#8243; _module_preset=&#8221;default&#8221; global_colors_info=&#8221;{}&#8221;][et_pb_post_title meta=&#8221;off&#8221; _builder_version=&#8221;4.27.4&#8243; _module_preset=&#8221;default&#8221; global_colors_info=&#8221;{}&#8221;][\/et_pb_post_title][\/et_pb_column][\/et_pb_row][et_pb_row _builder_version=&#8221;4.27.4&#8243; _module_preset=&#8221;default&#8221; min_height=&#8221;350.8px&#8221; custom_margin=&#8221;|auto|58px|auto||&#8221; global_colors_info=&#8221;{}&#8221;][et_pb_column type=&#8221;4_4&#8243; _builder_version=&#8221;4.27.4&#8243; _module_preset=&#8221;default&#8221; global_colors_info=&#8221;{}&#8221;][et_pb_text _builder_version=&#8221;4.27.4&#8243; _dynamic_attributes=&#8221;link_option_url&#8221; _module_preset=&#8221;default&#8221; link_option_url=&#8221;@ET-DC@eyJkeW5hbWljIjp0cnVlLCJjb250ZW50IjoicG9zdF9saW5rX3VybF9hdHRhY2htZW50Iiwic2V0dGluZ3MiOnsicG9zdF9pZCI6IjIyNSIsImVuYWJsZV9odG1sIjoib2ZmIn19@&#8221; link_option_url_new_window=&#8221;on&#8221; global_colors_info=&#8221;{}&#8221;]<\/p>\n<p><a href=\"https:\/\/bcu.opole.pl\/bcu2\/wp-content\/uploads\/sites\/4\/2025\/06\/Regulamin_rekrutacji_BCU_nr_2_w_Opolu.pdf\" target=\"_blank\" rel=\"noopener\" title=\"regulamin\">REGULAMIN REKRUTACJI<\/a><\/p>\n<p>[\/et_pb_text][et_pb_text _builder_version=&#8221;4.27.4&#8243; _module_preset=&#8221;default&#8221; global_colors_info=&#8221;{}&#8221;]<\/p>\n<p><a href=\"https:\/\/bcu.opole.pl\/bcu2\/wp-content\/uploads\/sites\/4\/2025\/06\/formularz-zgloszeniowy_do-17-lat.pdf\" target=\"_blank\" rel=\"noopener\" title=\"formularz\">FORMULARZ ZG\u0141OSZENIOWY DO 17 LAT<\/a><\/p>\n<p>[\/et_pb_text][et_pb_text _builder_version=&#8221;4.27.4&#8243; _module_preset=&#8221;default&#8221; global_colors_info=&#8221;{}&#8221;]<\/p>\n<p><a href=\"https:\/\/bcu.opole.pl\/bcu2\/wp-content\/uploads\/sites\/4\/2025\/06\/formularz-zgloszeniowy_od-18-do-24-lat.pdf\" target=\"_blank\" rel=\"noopener\" title=\"formularz\">FORMULARZ ZG\u0141OSZENIOWY 18-24 LATA<\/a><\/p>\n<p>[\/et_pb_text][et_pb_text _builder_version=&#8221;4.27.6&#8243; _module_preset=&#8221;default&#8221; hover_enabled=&#8221;0&#8243; global_colors_info=&#8221;{}&#8221; sticky_enabled=&#8221;0&#8243;]<\/p>\n<p><a href=\"https:\/\/bcu.opole.pl\/bcu2\/wp-content\/uploads\/sites\/4\/2026\/01\/formularz-zgloszeniowy_powyzej_24_lat_p.pdf\" rel=\"attachment wp-att-959\"><\/a><a href=\"https:\/\/bcu.opole.pl\/bcu2\/wp-content\/uploads\/sites\/4\/2026\/04\/formularz-zgloszeniowy_powyzej__24_lat.pdf\" rel=\"attachment wp-att-1200\">formularz zg\u0142oszeniowy_powyzej__24_lat<\/a><\/p>\n<p>[\/et_pb_text][et_pb_text _builder_version=&#8221;4.27.5&#8243; _module_preset=&#8221;default&#8221; global_colors_info=&#8221;{}&#8221;]<\/p>\n<p><a href=\"https:\/\/bcu.opole.pl\/bcu2\/wp-content\/uploads\/sites\/4\/2025\/06\/formularz-zgloszeniowy_powyzej_24_lat.pdf\" target=\"_blank\" rel=\"noopener\" title=\"formularz\"><\/a><a href=\"https:\/\/bcu.opole.pl\/bcu2\/wp-content\/uploads\/sites\/4\/2026\/01\/formularz-zgloszeniowy_nauczyciel_.pdf\" rel=\"attachment wp-att-950\">formularz zg\u0142oszeniowy_nauczyciel_<\/a><\/p>\n<p>[\/et_pb_text][et_pb_text _builder_version=&#8221;4.27.5&#8243; _module_preset=&#8221;default&#8221; global_colors_info=&#8221;{}&#8221;]<\/p>\n<p><a href=\"https:\/\/bcu.opole.pl\/bcu2\/wp-content\/uploads\/sites\/4\/2026\/01\/skierowanie_nauczyciela.pdf\" rel=\"attachment wp-att-951\">skierowanie_nauczyciela<\/a><\/p>\n<p>[\/et_pb_text][et_pb_text _builder_version=&#8221;4.27.4&#8243; _module_preset=&#8221;default&#8221; global_colors_info=&#8221;{}&#8221;]<\/p>\n<p><a href=\"https:\/\/bcu.opole.pl\/bcu2\/wp-content\/uploads\/sites\/4\/2025\/06\/zaswiadczenie_o_statusie_ucznia_studenta.pdf\" target=\"_blank\" rel=\"noopener\" title=\"za\u015bwiadczenie\">ZA\u015aWIADCZENIE O STATUSIE UCZNIA STUDENTA<\/a><\/p>\n<p>[\/et_pb_text][et_pb_text _builder_version=&#8221;4.27.4&#8243; _module_preset=&#8221;default&#8221; global_colors_info=&#8221;{}&#8221;]<\/p>\n<p><a href=\"https:\/\/bcu.opole.pl\/bcu2\/wp-content\/uploads\/sites\/4\/2025\/06\/rezygnacja_z_udzialu_w_projekcie.pdf\" target=\"_blank\" rel=\"noopener\" title=\"rezygnacja\">REZYGNACJA Z UDZIA\u0141U W PROJEKCIE<\/a><\/p>\n<p>[\/et_pb_text][\/et_pb_column][\/et_pb_row][et_pb_row _builder_version=&#8221;4.27.4&#8243; _module_preset=&#8221;default&#8221; global_colors_info=&#8221;{}&#8221;][et_pb_column type=&#8221;4_4&#8243; _builder_version=&#8221;4.27.4&#8243; _module_preset=&#8221;default&#8221; global_colors_info=&#8221;{}&#8221;][et_pb_text _builder_version=&#8221;4.27.4&#8243; _module_preset=&#8221;default&#8221; global_colors_info=&#8221;{}&#8221;][\/et_pb_text][\/et_pb_column][\/et_pb_row][\/et_pb_section][et_pb_section fb_built=&#8221;1&#8243; _builder_version=&#8221;4.27.4&#8243; _module_preset=&#8221;default&#8221; global_colors_info=&#8221;{}&#8221;][et_pb_row _builder_version=&#8221;4.27.4&#8243; _module_preset=&#8221;default&#8221; global_colors_info=&#8221;{}&#8221;][et_pb_column type=&#8221;4_4&#8243; _builder_version=&#8221;4.27.4&#8243; _module_preset=&#8221;default&#8221; global_colors_info=&#8221;{}&#8221;][\/et_pb_column][\/et_pb_row][\/et_pb_section]<\/p>\n","protected":false},"excerpt":{"rendered":"<p>REGULAMIN REKRUTACJIFORMULARZ ZG\u0141OSZENIOWY DO 17 LATFORMULARZ ZG\u0141OSZENIOWY 18-24 LATAformularz zg\u0142oszeniowy_powyzej__24_latformularz zg\u0142oszeniowy_nauczyciel_skierowanie_nauczycielaZA\u015aWIADCZENIE O STATUSIE UCZNIA STUDENTAREZYGNACJA Z UDZIA\u0141U W PROJEKCIE<\/p>\n","protected":false},"author":3,"featured_media":0,"parent":0,"menu_order":0,"comment_status":"closed","ping_status":"closed","template":"","meta":{"_et_pb_use_builder":"on","_et_pb_old_content":"","_et_gb_content_width":"","footnotes":""},"class_list":["post-55","page","type-page","status-publish","hentry"],"aioseo_notices":[],"_links":{"self":[{"href":"https:\/\/bcu.opole.pl\/bcu2\/wp-json\/wp\/v2\/pages\/55","targetHints":{"allow":["GET"]}}],"collection":[{"href":"https:\/\/bcu.opole.pl\/bcu2\/wp-json\/wp\/v2\/pages"}],"about":[{"href":"https:\/\/bcu.opole.pl\/bcu2\/wp-json\/wp\/v2\/types\/page"}],"author":[{"embeddable":true,"href":"https:\/\/bcu.opole.pl\/bcu2\/wp-json\/wp\/v2\/users\/3"}],"replies":[{"embeddable":true,"href":"https:\/\/bcu.opole.pl\/bcu2\/wp-json\/wp\/v2\/comments?post=55"}],"version-history":[{"count":17,"href":"https:\/\/bcu.opole.pl\/bcu2\/wp-json\/wp\/v2\/pages\/55\/revisions"}],"predecessor-version":[{"id":1206,"href":"https:\/\/bcu.opole.pl\/bcu2\/wp-json\/wp\/v2\/pages\/55\/revisions\/1206"}],"wp:attachment":[{"href":"https:\/\/bcu.opole.pl\/bcu2\/wp-json\/wp\/v2\/media?parent=55"}],"curies":[{"name":"wp","href":"https:\/\/api.w.org\/{rel}","templated":true}]}}