{"id":467,"date":"2025-06-09T08:58:33","date_gmt":"2025-06-09T06:58:33","guid":{"rendered":"https:\/\/bcu.opole.pl\/bcu2\/?page_id=467"},"modified":"2025-07-22T12:23:23","modified_gmt":"2025-07-22T10:23:23","slug":"bezpieczenstwo-pracy-i-perspektywy-zatrudnienia-w-branzy-poligraficznej","status":"publish","type":"page","link":"https:\/\/bcu.opole.pl\/bcu2\/bezpieczenstwo-pracy-i-perspektywy-zatrudnienia-w-branzy-poligraficznej\/","title":{"rendered":"BEZPIECZE\u0143STWO PRACY I PERSPEKTYWY ZATRUDNIENIA W BRAN\u017bY POLIGRAFICZNEJ"},"content":{"rendered":"<p>[et_pb_section fb_built=&#8221;1&#8243; theme_builder_area=&#8221;post_content&#8221; _builder_version=&#8221;4.27.4&#8243; _module_preset=&#8221;default&#8221;][et_pb_row _builder_version=&#8221;4.27.4&#8243; _module_preset=&#8221;default&#8221; theme_builder_area=&#8221;post_content&#8221;][et_pb_column _builder_version=&#8221;4.27.4&#8243; _module_preset=&#8221;default&#8221; type=&#8221;4_4&#8243; theme_builder_area=&#8221;post_content&#8221;][et_pb_heading title=&#8221;BEZPIECZE\u0143STWO PRACY I PERSPEKTYWY ZATRUDNIENIA W BRAN\u017bY POLIGRAFICZNEJ&#8221; _builder_version=&#8221;4.27.4&#8243; _module_preset=&#8221;default&#8221; theme_builder_area=&#8221;post_content&#8221; hover_enabled=&#8221;0&#8243; sticky_enabled=&#8221;0&#8243;][\/et_pb_heading][\/et_pb_column][\/et_pb_row][et_pb_row _builder_version=&#8221;4.27.4&#8243; _module_preset=&#8221;default&#8221; column_structure=&#8221;1_4,1_2,1_4&#8243; theme_builder_area=&#8221;post_content&#8221;][et_pb_column _builder_version=&#8221;4.27.4&#8243; _module_preset=&#8221;default&#8221; type=&#8221;1_4&#8243; theme_builder_area=&#8221;post_content&#8221;][et_pb_image src=&#8221;https:\/\/bcu.opole.pl\/bcu2\/wp-content\/uploads\/sites\/4\/2025\/07\/bezpieczenstwo.jpg&#8221; _builder_version=&#8221;4.27.4&#8243; _module_preset=&#8221;default&#8221; theme_builder_area=&#8221;post_content&#8221; title_text=&#8221;bezpieczenstwo&#8221; hover_enabled=&#8221;0&#8243; sticky_enabled=&#8221;0&#8243;][\/et_pb_image][\/et_pb_column][et_pb_column _builder_version=&#8221;4.27.4&#8243; _module_preset=&#8221;default&#8221; type=&#8221;1_2&#8243; theme_builder_area=&#8221;post_content&#8221;][et_pb_text _builder_version=&#8221;4.27.4&#8243; _module_preset=&#8221;default&#8221; theme_builder_area=&#8221;post_content&#8221; hover_enabled=&#8221;0&#8243; sticky_enabled=&#8221;0&#8243;]<\/p>\n<p style=\"text-align: justify\">Bran\u017ca poligraficzna to sektor o ugruntowanej pozycji, kt\u00f3ry od lat zapewnia stabilne miejsca pracy i realne mo\u017cliwo\u015bci rozwoju zawodowego. Pomimo cyfryzacji i rozwoju medi\u00f3w elektronicznych, zapotrzebowanie na us\u0142ugi poligraficzne nie maleje\u00a0 wr\u0119cz przeciwnie, zmienia si\u0119 i specjalizuje.<\/p>\n<p style=\"text-align: justify\"><strong>Bezpiecze\u0144stwo zatrudnienia<\/strong><\/p>\n<ul style=\"text-align: justify\">\n<li>Druk towarzyszy wielu bran\u017com \u2013 od handlu, przez przemys\u0142, a\u017c po marketing. Produkcja opakowa\u0144, etykiet, instrukcji, materia\u0142\u00f3w promocyjnych czy ksi\u0105\u017cek pozostaje niezb\u0119dna w codziennym funkcjonowaniu tysi\u0119cy firm.<\/li>\n<li>Poligrafia jest odporna na sezonowo\u015b\u0107 \u2013 zapotrzebowanie na specjalist\u00f3w utrzymuje si\u0119 przez ca\u0142y rok.<\/li>\n<li>Zawody techniczne i produkcyjne s\u0105 trudne do ca\u0142kowitego zautomatyzowania, dlatego wykwalifikowani pracownicy s\u0105 wci\u0105\u017c poszukiwani.<\/li>\n<\/ul>\n<p style=\"text-align: justify\"><strong>Perspektywy zatrudnienia<\/strong><\/p>\n<p style=\"text-align: justify\">Bran\u017ca oferuje r\u00f3\u017cnorodne \u015bcie\u017cki kariery, w zale\u017cno\u015bci od zainteresowa\u0144 i kompetencji. Praca mo\u017cliwa jest zar\u00f3wno w du\u017cych zak\u0142adach produkcyjnych, jak i w mniejszych firmach graficznych, reklamowych czy e-commerce.<\/p>\n<p style=\"text-align: justify\"><strong>Gdzie mo\u017cesz pracowa\u0107?<\/strong><\/p>\n<ul style=\"text-align: justify\">\n<li>drukarnie offsetowe i cyfrowe,<\/li>\n<li>agencje reklamowe i studia graficzne,<\/li>\n<li>wydawnictwa i media,<\/li>\n<li>firmy produkuj\u0105ce opakowania i etykiety,<\/li>\n<li>dzia\u0142y marketingu w przedsi\u0119biorstwach,<\/li>\n<li>firmy specjalizuj\u0105ce si\u0119 w druku 3D i materia\u0142ach specjalistycznych.<\/li>\n<\/ul>\n<p style=\"text-align: justify\"><strong>Wysokie zapotrzebowanie na specjalist\u00f3w<\/strong><\/p>\n<p style=\"text-align: justify\">Z raport\u00f3w rynku pracy wynika, \u017ce specjali\u015bci z bran\u017cy poligraficznej\u00a0 tacy jak operatorzy maszyn drukuj\u0105cych, graficy, technicy proces\u00f3w drukowania czy projektanci opakowa\u0144\u00a0 s\u0105 coraz bardziej poszukiwani, zar\u00f3wno w kraju, jak i za granic\u0105.<\/p>\n<p style=\"text-align: justify\"><strong>Zapotrzebowanie ro\u015bnie szczeg\u00f3lnie w obszarach:<\/strong><\/p>\n<ul style=\"text-align: justify\">\n<li>druku opakowa\u0144 i etykiet (rozw\u00f3j e-commerce),<\/li>\n<li>druku ekologicznego i zr\u00f3wnowa\u017conego,<\/li>\n<li>personalizacji i druku na \u017c\u0105danie,<\/li>\n<li>projektowania graficznego na potrzeby druku i internetu.<\/li>\n<\/ul>\n<p style=\"text-align: justify\"><strong><em>Poligrafia to zaw\u00f3d z przysz\u0142o\u015bci\u0105.<\/em><\/strong><strong><em> Daje poczucie stabilizacji, oferuje atrakcyjne miejsca pracy i mo\u017cliwo\u015b\u0107 rozwoju w nowoczesnych technologiach. Osoby wykwalifikowane, kt\u00f3re \u0142\u0105cz\u0105 wiedz\u0119 techniczn\u0105 z kreatywno\u015bci\u0105, nie maj\u0105 problemu ze znalezieniem zatrudnienia \u2013 a cz\u0119sto mog\u0105 wybiera\u0107 spo\u015br\u00f3d wielu ofert.<\/em><\/strong><\/p>\n<p style=\"text-align: justify\"><strong><em>Zainwestuj w konkretne umiej\u0119tno\u015bci i wejd\u017a do bran\u017cy, kt\u00f3ra \u0142\u0105czy bezpiecze\u0144stwo zatrudnienia z mo\u017cliwo\u015bciami rozwoju.<\/em><\/strong><\/p>\n<p>[\/et_pb_text][\/et_pb_column][et_pb_column _builder_version=&#8221;4.27.4&#8243; _module_preset=&#8221;default&#8221; type=&#8221;1_4&#8243; theme_builder_area=&#8221;post_content&#8221;][et_pb_image src=&#8221;https:\/\/bcu.opole.pl\/bcu2\/wp-content\/uploads\/sites\/4\/2025\/07\/drukarz-zawody-4-1.jpeg&#8221; _builder_version=&#8221;4.27.4&#8243; _module_preset=&#8221;default&#8221; theme_builder_area=&#8221;post_content&#8221; title_text=&#8221;drukarz zawody 4&#8243; hover_enabled=&#8221;0&#8243; sticky_enabled=&#8221;0&#8243;][\/et_pb_image][\/et_pb_column][\/et_pb_row][\/et_pb_section]<\/p>\n","protected":false},"excerpt":{"rendered":"<p>Bran\u017ca poligraficzna to sektor o ugruntowanej pozycji, kt\u00f3ry od lat zapewnia stabilne miejsca pracy i realne mo\u017cliwo\u015bci rozwoju zawodowego. Pomimo cyfryzacji i rozwoju medi\u00f3w elektronicznych, zapotrzebowanie na us\u0142ugi poligraficzne nie maleje\u00a0 wr\u0119cz przeciwnie, zmienia si\u0119 i specjalizuje. Bezpiecze\u0144stwo zatrudnienia Druk towarzyszy wielu bran\u017com \u2013 od handlu, przez przemys\u0142, a\u017c po marketing. Produkcja opakowa\u0144, etykiet, instrukcji, [&hellip;]<\/p>\n","protected":false},"author":4,"featured_media":0,"parent":0,"menu_order":0,"comment_status":"closed","ping_status":"closed","template":"","meta":{"_et_pb_use_builder":"on","_et_pb_old_content":"<!-- wp:divi\/placeholder \/-->","_et_gb_content_width":"","footnotes":""},"class_list":["post-467","page","type-page","status-publish","hentry"],"aioseo_notices":[],"_links":{"self":[{"href":"https:\/\/bcu.opole.pl\/bcu2\/wp-json\/wp\/v2\/pages\/467","targetHints":{"allow":["GET"]}}],"collection":[{"href":"https:\/\/bcu.opole.pl\/bcu2\/wp-json\/wp\/v2\/pages"}],"about":[{"href":"https:\/\/bcu.opole.pl\/bcu2\/wp-json\/wp\/v2\/types\/page"}],"author":[{"embeddable":true,"href":"https:\/\/bcu.opole.pl\/bcu2\/wp-json\/wp\/v2\/users\/4"}],"replies":[{"embeddable":true,"href":"https:\/\/bcu.opole.pl\/bcu2\/wp-json\/wp\/v2\/comments?post=467"}],"version-history":[{"count":3,"href":"https:\/\/bcu.opole.pl\/bcu2\/wp-json\/wp\/v2\/pages\/467\/revisions"}],"predecessor-version":[{"id":612,"href":"https:\/\/bcu.opole.pl\/bcu2\/wp-json\/wp\/v2\/pages\/467\/revisions\/612"}],"wp:attachment":[{"href":"https:\/\/bcu.opole.pl\/bcu2\/wp-json\/wp\/v2\/media?parent=467"}],"curies":[{"name":"wp","href":"https:\/\/api.w.org\/{rel}","templated":true}]}}