{"id":370,"date":"2025-06-05T14:34:06","date_gmt":"2025-06-05T12:34:06","guid":{"rendered":"https:\/\/bcu.opole.pl\/bcu2\/?page_id=370"},"modified":"2025-07-07T17:59:40","modified_gmt":"2025-07-07T15:59:40","slug":"ciekawostki-z-branzy-poligraficznej","status":"publish","type":"page","link":"https:\/\/bcu.opole.pl\/bcu2\/ciekawostki-z-branzy-poligraficznej\/","title":{"rendered":"CIEKAWOSTKI Z BRAN\u017bY POLIGRAFICZNEJ"},"content":{"rendered":"<p>[et_pb_section fb_built=&#8221;1&#8243; _builder_version=&#8221;4.27.4&#8243; _module_preset=&#8221;default&#8221; global_colors_info=&#8221;{}&#8221;][et_pb_row _builder_version=&#8221;4.27.4&#8243; _module_preset=&#8221;default&#8221; custom_padding=&#8221;||27px|||&#8221; global_colors_info=&#8221;{}&#8221;][et_pb_column type=&#8221;4_4&#8243; _builder_version=&#8221;4.27.4&#8243; _module_preset=&#8221;default&#8221; global_colors_info=&#8221;{}&#8221;][et_pb_image src=&#8221;https:\/\/bcu.opole.pl\/bcu2\/wp-content\/uploads\/sites\/4\/2025\/07\/AdobeStock_274846889-scaled.jpg&#8221; _builder_version=&#8221;4.27.4&#8243; _module_preset=&#8221;default&#8221; global_colors_info=&#8221;{}&#8221;][\/et_pb_image][et_pb_text _builder_version=&#8221;4.27.4&#8243; _module_preset=&#8221;default&#8221; width=&#8221;100%&#8221; custom_padding=&#8221;|||1px||&#8221; global_colors_info=&#8221;{}&#8221;]<\/p>\n<p><strong>\u00a0<\/strong><\/p>\n<ol>\n<li><strong> Pierwsza drukowana ksi\u0105\u017cka \u015bwiata<\/strong><\/li>\n<\/ol>\n<ul>\n<li><strong>Biblia Gutenberga<\/strong> zosta\u0142a wydrukowana oko\u0142o 1455 roku w Niemczech.<\/li>\n<li>To pierwsza ksi\u0105\u017cka wydrukowana <strong>ruchom\u0105 czcionk\u0105<\/strong> \u2013 rewolucja w historii komunikacji!<\/li>\n<li style=\"text-align: left\">Wydrukowano oko\u0142o 180 egzemplarzy \u2013 niekt\u00f3re zachowa\u0142y si\u0119 do dzi\u015b.<\/li>\n<\/ul>\n<ol start=\"2\">\n<li><strong> Tusz fluorescencyjny i niewidzialny druk<\/strong><\/li>\n<\/ol>\n<ul>\n<li>W poligrafii stosuje si\u0119 <strong>tusze UV<\/strong>, <strong>metaliczne<\/strong>, a nawet <strong>niewidzialne<\/strong>, kt\u00f3re wida\u0107 tylko pod lamp\u0105 UV.<\/li>\n<li>U\u017cywane s\u0105 np. w drukach zabezpieczonych (banknoty, bilety, certyfikaty).<\/li>\n<\/ul>\n<ol start=\"3\">\n<li><strong> Kolory CMYK i RGB \u2013 to nie to samo!<\/strong><\/li>\n<\/ol>\n<ul>\n<li>Do druku u\u017cywa si\u0119 kolor\u00f3w <strong>CMYK<\/strong> (cyan, magenta, yellow, black).<\/li>\n<li>Na ekranie widzimy kolory w systemie <strong>RGB<\/strong> (red, green, blue).<\/li>\n<li>Dlatego czasem kolor na ekranie i na wydruku mo\u017ce si\u0119 <strong>r\u00f3\u017cni\u0107<\/strong>.<\/li>\n<\/ul>\n<ol start=\"4\">\n<li><strong> Druk 3D to te\u017c poligrafia!<\/strong><\/li>\n<\/ol>\n<ul>\n<li>Cho\u0107 to inna technologia, druk 3D opiera si\u0119 na <strong>warstwowym nanoszeniu materia\u0142u<\/strong>, podobnie jak w tradycyjnym druku.<\/li>\n<li>U\u017cywany do prototyp\u00f3w, medycyny, architektury, a nawet&#8230; <strong>drukowania jedzenia<\/strong>!<\/li>\n<\/ul>\n<ol start=\"5\">\n<li><strong> Najwi\u0119ksza ksi\u0105\u017cka \u015bwiata<\/strong><\/li>\n<\/ol>\n<ul>\n<li>Najwi\u0119ksza wydrukowana ksi\u0105\u017cka to \u201e<strong>Bhutan: A Visual Odyssey Across the Last Himalayan Kingdom<\/strong>\u201d.<\/li>\n<li>Ma <strong>1,5 metra wysoko\u015bci i 2 metry szeroko\u015bci<\/strong> po roz\u0142o\u017ceniu!<\/li>\n<li>Wa\u017cy oko\u0142o <strong>60 kg<\/strong>.<\/li>\n<\/ul>\n<ol start=\"6\">\n<li><strong> Druk nie tylko na papierze<\/strong><\/li>\n<\/ol>\n<ul>\n<li>Dzi\u015b drukuje si\u0119 na: tkaninach, metalu, drewnie, ceramice, szkle, tworzywach sztucznych.<\/li>\n<li>Istnieje te\u017c <strong>druk wodny (hydrografika)<\/strong> \u2013 np. wzory na kaskach, cz\u0119\u015bciach samochodowych.<\/li>\n<\/ul>\n<ol start=\"7\">\n<li><strong> Typografia to sztuka<br \/><\/strong>W poligrafii ogromne znaczenie ma <strong style=\"font-size: 14px\">dob\u00f3r czcionki (fontu)<\/strong><span style=\"font-size: 14px\"> \u2013 wp\u0142ywa na czytelno\u015b\u0107, estetyk\u0119, emocje.<\/span><\/li>\n<\/ol>\n<ul>\n<li>Niekt\u00f3re fonty maj\u0105 nawet swoj\u0105 \u201eosobowo\u015b\u0107\u201d \u2013 np. <strong style=\"font-size: 14px\">Comic Sans<\/strong><span style=\"font-size: 14px\"> jest uwa\u017cany za zabawny, ale nieprofesjonalny.<\/span><\/li>\n<\/ul>\n<ol start=\"8\" style=\"text-align: justify\">\n<li><strong> Druk UV utwardzany \u015bwiat\u0142em<br \/><\/strong>Druk UV polega na tym, \u017ce tusz jest <strong style=\"font-size: 14px\">natychmiast utwardzany lamp\u0105 UV<\/strong><span style=\"font-size: 14px\">, dzi\u0119ki czemu mo\u017cna drukowa\u0107 na niemal ka\u017cdej powierzchni \u2013 nawet na <\/span><strong style=\"font-size: 14px\">kamieniu!<\/strong><\/li>\n<\/ol>\n<p>[\/et_pb_text][\/et_pb_column][\/et_pb_row][\/et_pb_section]<\/p>\n","protected":false},"excerpt":{"rendered":"<p>\u00a0 Pierwsza drukowana ksi\u0105\u017cka \u015bwiata Biblia Gutenberga zosta\u0142a wydrukowana oko\u0142o 1455 roku w Niemczech. To pierwsza ksi\u0105\u017cka wydrukowana ruchom\u0105 czcionk\u0105 \u2013 rewolucja w historii komunikacji! Wydrukowano oko\u0142o 180 egzemplarzy \u2013 niekt\u00f3re zachowa\u0142y si\u0119 do dzi\u015b. Tusz fluorescencyjny i niewidzialny druk W poligrafii stosuje si\u0119 tusze UV, metaliczne, a nawet niewidzialne, kt\u00f3re wida\u0107 tylko pod lamp\u0105 [&hellip;]<\/p>\n","protected":false},"author":4,"featured_media":0,"parent":0,"menu_order":0,"comment_status":"closed","ping_status":"closed","template":"","meta":{"_et_pb_use_builder":"on","_et_pb_old_content":"<!-- wp:divi\/placeholder \/-->","_et_gb_content_width":"","footnotes":""},"class_list":["post-370","page","type-page","status-publish","hentry"],"aioseo_notices":[],"_links":{"self":[{"href":"https:\/\/bcu.opole.pl\/bcu2\/wp-json\/wp\/v2\/pages\/370","targetHints":{"allow":["GET"]}}],"collection":[{"href":"https:\/\/bcu.opole.pl\/bcu2\/wp-json\/wp\/v2\/pages"}],"about":[{"href":"https:\/\/bcu.opole.pl\/bcu2\/wp-json\/wp\/v2\/types\/page"}],"author":[{"embeddable":true,"href":"https:\/\/bcu.opole.pl\/bcu2\/wp-json\/wp\/v2\/users\/4"}],"replies":[{"embeddable":true,"href":"https:\/\/bcu.opole.pl\/bcu2\/wp-json\/wp\/v2\/comments?post=370"}],"version-history":[{"count":4,"href":"https:\/\/bcu.opole.pl\/bcu2\/wp-json\/wp\/v2\/pages\/370\/revisions"}],"predecessor-version":[{"id":578,"href":"https:\/\/bcu.opole.pl\/bcu2\/wp-json\/wp\/v2\/pages\/370\/revisions\/578"}],"wp:attachment":[{"href":"https:\/\/bcu.opole.pl\/bcu2\/wp-json\/wp\/v2\/media?parent=370"}],"curies":[{"name":"wp","href":"https:\/\/api.w.org\/{rel}","templated":true}]}}