{"id":360,"date":"2025-06-05T14:25:24","date_gmt":"2025-06-05T12:25:24","guid":{"rendered":"https:\/\/bcu.opole.pl\/bcu2\/?page_id=360"},"modified":"2025-07-16T11:07:23","modified_gmt":"2025-07-16T09:07:23","slug":"przewodnik-po-zawodach-poligraficznych","status":"publish","type":"page","link":"https:\/\/bcu.opole.pl\/bcu2\/przewodnik-po-zawodach-poligraficznych\/","title":{"rendered":"PRZEWODNIK PO ZAWODACH POLIGRAFICZNYCH"},"content":{"rendered":"<p>[et_pb_section fb_built=&#8221;1&#8243; theme_builder_area=&#8221;post_content&#8221; _builder_version=&#8221;4.27.4&#8243; _module_preset=&#8221;default&#8221;][et_pb_row _builder_version=&#8221;4.27.4&#8243; _module_preset=&#8221;default&#8221; theme_builder_area=&#8221;post_content&#8221;][et_pb_column _builder_version=&#8221;4.27.4&#8243; _module_preset=&#8221;default&#8221; type=&#8221;4_4&#8243; theme_builder_area=&#8221;post_content&#8221;][et_pb_heading title=&#8221;PRZEWODNIK PO ZAWODACH POLIGRAFICZNYCH&#8221; _builder_version=&#8221;4.27.4&#8243; _module_preset=&#8221;default&#8221; theme_builder_area=&#8221;post_content&#8221; hover_enabled=&#8221;0&#8243; sticky_enabled=&#8221;0&#8243;][\/et_pb_heading][\/et_pb_column][\/et_pb_row][et_pb_row _builder_version=&#8221;4.27.4&#8243; _module_preset=&#8221;default&#8221; column_structure=&#8221;1_2,1_2&#8243; theme_builder_area=&#8221;post_content&#8221;][et_pb_column _builder_version=&#8221;4.27.4&#8243; _module_preset=&#8221;default&#8221; type=&#8221;1_2&#8243; theme_builder_area=&#8221;post_content&#8221;][et_pb_text _builder_version=&#8221;4.27.4&#8243; _module_preset=&#8221;default&#8221; theme_builder_area=&#8221;post_content&#8221; hover_enabled=&#8221;0&#8243; sticky_enabled=&#8221;0&#8243;]<\/p>\n<p><strong>Technik poligraf \/ Operator maszyn poligraficznych<\/strong><\/p>\n<p><strong>Opis:<\/strong> Obs\u0142uguje maszyny drukuj\u0105ce (offsetowe, cyfrowe, fleksograficzne), kontroluje jako\u015b\u0107 druku, przygotowuje materia\u0142y i nadzoruje proces drukowania.<\/p>\n<p><strong>Umiej\u0119tno\u015bci:<\/strong><\/p>\n<ul>\n<li>Obs\u0142uga maszyn drukarskich<\/li>\n<li>Czytanie dokumentacji technicznej<\/li>\n<li>Znajomo\u015b\u0107 zasad barw (CMYK, Pantone)<\/li>\n<li>Dba\u0142o\u015b\u0107 o jako\u015b\u0107 i precyzj\u0119.<\/li>\n<\/ul>\n<p><strong>\u015arodowisko pracy:<\/strong> Drukarnie, zak\u0142ady produkcyjne, itp.<\/p>\n<p><strong>Introligator \/ Technik introligatorstwa<\/strong><\/p>\n<p><strong>Opis:<\/strong> Zajmuje si\u0119 obr\u00f3bk\u0105 ko\u0144cow\u0105 wydruk\u00f3w \u2014 ci\u0119ciem, sk\u0142adaniem, zszywaniem, klejeniem, opraw\u0105 ksi\u0105\u017cek i folder\u00f3w.<\/p>\n<p><strong>Umiej\u0119tno\u015bci:<\/strong><\/p>\n<ul>\n<li>Precyzyjne ci\u0119cie i sk\u0142adanie papieru<\/li>\n<li>Obs\u0142uga maszyn introligatorskich<\/li>\n<li>Znajomo\u015b\u0107 rodzaj\u00f3w opraw (klejona, szyta, spiralna)<\/li>\n<\/ul>\n<p><strong>\u015arodowisko pracy:<\/strong> Introligatornie, drukarnie, itp.<\/p>\n<p><strong>Grafik komputerowy DTP (Desktop Publishing)<\/strong><\/p>\n<p><strong>Opis:<\/strong> Przygotowuje pliki do druku \u2013 sk\u0142ada teksty i obrazy, ustawia marginesy, spady, przygotowuje pliki PDF do druku.<\/p>\n<p><strong>Umiej\u0119tno\u015bci:<\/strong><\/p>\n<ul>\n<li>Obs\u0142uga program\u00f3w Adobe ( np. InDesign, Illustrator, Photoshop)<\/li>\n<li>Znajomo\u015b\u0107 zasad sk\u0142adu publikacji i typografii<\/li>\n<li>Wiedza o przygotowaniu do druku (prepress)<\/li>\n<\/ul>\n<p><strong>\u015arodowisko pracy:<\/strong> Agencje reklamowe, wydawnictwa, drukarnie<\/p>\n<p>&nbsp;<\/p>\n<p><strong>Specjalista ds. przygotowania do druku<\/strong><\/p>\n<p><strong>Opis:<\/strong> Kontroluje i przygotowuje pliki cyfrowe do procesu drukowania \u2013 sprawdza poprawno\u015b\u0107 format\u00f3w, kolor\u00f3w, spad\u00f3w, rozdzielczo\u015bci.<\/p>\n<p><strong>Umiej\u0119tno\u015bci:<\/strong><\/p>\n<ul>\n<li>Znajomo\u015b\u0107 RIP, PDF\/X<\/li>\n<li>Kolorystyka, profile ICC<\/li>\n<li>Praca z oprogramowaniem impozycyjnym<\/li>\n<\/ul>\n<p><strong>\u015arodowisko pracy:<\/strong> Dzia\u0142y prepress w drukarniach.<\/p>\n<p><strong>Drukarz fleksograficzny \/ offsetowy \/ cyfrowy<\/strong><\/p>\n<p><strong>Opis:<\/strong> Specjalizuje si\u0119 w konkretnym typie druku:<\/p>\n<ul>\n<li><strong>Fleksografia:<\/strong> druk na foliach, etykietach, opakowaniach<\/li>\n<li><strong>Offset:<\/strong> wysoka jako\u015b\u0107, druk na papierze<\/li>\n<li><strong>Cyfrowy:<\/strong> druk niskonak\u0142adowy, szybki, zmienny<br \/><strong>Umiej\u0119tno\u015bci:<\/strong><\/li>\n<li>Konserwacja maszyn<\/li>\n<li>Kalibracja kolor\u00f3w<\/li>\n<li>Praca z r\u00f3\u017cnymi materia\u0142ami<\/li>\n<\/ul>\n<p><strong>\u015arodowisko pracy:<\/strong> Drukarnie specjalistyczne<\/p>\n<p><strong>Technolog poligraficzny<\/strong><\/p>\n<p><strong>Opis:<\/strong> Odpowiada za planowanie i optymalizacj\u0119 procesu produkcyjnego \u2013 wyb\u00f3r techniki druku, materia\u0142\u00f3w, kalkulacje koszt\u00f3w.<\/p>\n<p><strong>Umiej\u0119tno\u015bci:<\/strong><\/p>\n<ul>\n<li>Wiedza techniczna i chemiczna<\/li>\n<li>Znajomo\u015b\u0107 r\u00f3\u017cnych technik druku<\/li>\n<li>Umiej\u0119tno\u015bci organizacyjne i analityczne<\/li>\n<\/ul>\n<p><strong>\u015arodowisko pracy:<\/strong> Drukarnie, biura technologiczne<\/p>\n<p><strong>Kontroler jako\u015bci w poligrafii<\/strong><\/p>\n<p><strong>Opis:<\/strong> Ocenia jako\u015b\u0107 wydruk\u00f3w na ka\u017cdym etapie produkcji, bada zgodno\u015b\u0107 z normami (np. kolor, ostro\u015b\u0107, format).<\/p>\n<p><strong>Umiej\u0119tno\u015bci:<\/strong><\/p>\n<ul>\n<li>Znajomo\u015b\u0107 norm ISO w poligrafii<\/li>\n<li>Umiej\u0119tno\u015b\u0107 pracy z densytometrem, spektrofotometrem<\/li>\n<\/ul>\n<p><strong>\u015arodowisko pracy:<\/strong> Drukarnie, laboratoria jako\u015bci<\/p>\n<p><strong>Kszta\u0142cenie i \u015bcie\u017cka kariery<\/strong><\/p>\n<ul>\n<li><strong>Szko\u0142y bran\u017cowe i technika:<\/strong> Technik grafiki i poligrafii cyfrowej, Technik proces\u00f3w drukowania, Technik proces\u00f3w introligatorskich, Drukarz, itp.<\/li>\n<li><strong>Studia wy\u017csze:<\/strong> Politechniki, np. kierunki: <strong>Papiernictwo i Poligrafia<\/strong>, <strong>Grafika, itp.<\/strong><\/li>\n<li><strong>Kursy zawodowe i szkolenia:<\/strong> Adobe, DTP, Prepress, Zarz\u0105dzanie barw\u0105, itp.<\/li>\n<\/ul>\n<p>[\/et_pb_text][\/et_pb_column][et_pb_column _builder_version=&#8221;4.27.4&#8243; _module_preset=&#8221;default&#8221; type=&#8221;1_2&#8243; theme_builder_area=&#8221;post_content&#8221;][et_pb_image src=&#8221;https:\/\/bcu.opole.pl\/bcu2\/wp-content\/uploads\/sites\/4\/2025\/07\/drukarzz-awody-16.jpeg&#8221; _builder_version=&#8221;4.27.4&#8243; _module_preset=&#8221;default&#8221; theme_builder_area=&#8221;post_content&#8221; title_text=&#8221;drukarzz awody 16&#8243; hover_enabled=&#8221;0&#8243; sticky_enabled=&#8221;0&#8243; custom_margin=&#8221;50px||||false|false&#8221;][\/et_pb_image][et_pb_image src=&#8221;https:\/\/bcu.opole.pl\/bcu2\/wp-content\/uploads\/sites\/4\/2025\/07\/drukarz-zawody-4.jpeg&#8221; _builder_version=&#8221;4.27.4&#8243; _module_preset=&#8221;default&#8221; theme_builder_area=&#8221;post_content&#8221; title_text=&#8221;drukarz zawody 4&#8243; hover_enabled=&#8221;0&#8243; sticky_enabled=&#8221;0&#8243; custom_margin=&#8221;200px||0px||false|false&#8221;][\/et_pb_image][et_pb_image src=&#8221;https:\/\/bcu.opole.pl\/bcu2\/wp-content\/uploads\/sites\/4\/2025\/07\/drukarz-zawody-nr-9.jpeg&#8221; _builder_version=&#8221;4.27.4&#8243; _module_preset=&#8221;default&#8221; theme_builder_area=&#8221;post_content&#8221; title_text=&#8221;drukarz zawody nr 9&#8243; custom_margin=&#8221;200px||||false|false&#8221; hover_enabled=&#8221;0&#8243; sticky_enabled=&#8221;0&#8243;][\/et_pb_image][et_pb_image src=&#8221;https:\/\/bcu.opole.pl\/bcu2\/wp-content\/uploads\/sites\/4\/2025\/07\/drukarz-zawody-10.jpg&#8221; _builder_version=&#8221;4.27.4&#8243; _module_preset=&#8221;default&#8221; theme_builder_area=&#8221;post_content&#8221; title_text=&#8221;drukarz zawody 10&#8243; custom_margin=&#8221;200px||||false|false&#8221; hover_enabled=&#8221;0&#8243; sticky_enabled=&#8221;0&#8243;][\/et_pb_image][\/et_pb_column][\/et_pb_row][\/et_pb_section]<\/p>\n","protected":false},"excerpt":{"rendered":"<p>Technik poligraf \/ Operator maszyn poligraficznych Opis: Obs\u0142uguje maszyny drukuj\u0105ce (offsetowe, cyfrowe, fleksograficzne), kontroluje jako\u015b\u0107 druku, przygotowuje materia\u0142y i nadzoruje proces drukowania. Umiej\u0119tno\u015bci: Obs\u0142uga maszyn drukarskich Czytanie dokumentacji technicznej Znajomo\u015b\u0107 zasad barw (CMYK, Pantone) Dba\u0142o\u015b\u0107 o jako\u015b\u0107 i precyzj\u0119. \u015arodowisko pracy: Drukarnie, zak\u0142ady produkcyjne, itp. Introligator \/ Technik introligatorstwa Opis: Zajmuje si\u0119 obr\u00f3bk\u0105 ko\u0144cow\u0105 wydruk\u00f3w [&hellip;]<\/p>\n","protected":false},"author":4,"featured_media":0,"parent":0,"menu_order":0,"comment_status":"closed","ping_status":"closed","template":"","meta":{"_et_pb_use_builder":"on","_et_pb_old_content":"<!-- wp:divi\/placeholder \/-->","_et_gb_content_width":"","footnotes":""},"class_list":["post-360","page","type-page","status-publish","hentry"],"aioseo_notices":[],"_links":{"self":[{"href":"https:\/\/bcu.opole.pl\/bcu2\/wp-json\/wp\/v2\/pages\/360","targetHints":{"allow":["GET"]}}],"collection":[{"href":"https:\/\/bcu.opole.pl\/bcu2\/wp-json\/wp\/v2\/pages"}],"about":[{"href":"https:\/\/bcu.opole.pl\/bcu2\/wp-json\/wp\/v2\/types\/page"}],"author":[{"embeddable":true,"href":"https:\/\/bcu.opole.pl\/bcu2\/wp-json\/wp\/v2\/users\/4"}],"replies":[{"embeddable":true,"href":"https:\/\/bcu.opole.pl\/bcu2\/wp-json\/wp\/v2\/comments?post=360"}],"version-history":[{"count":3,"href":"https:\/\/bcu.opole.pl\/bcu2\/wp-json\/wp\/v2\/pages\/360\/revisions"}],"predecessor-version":[{"id":595,"href":"https:\/\/bcu.opole.pl\/bcu2\/wp-json\/wp\/v2\/pages\/360\/revisions\/595"}],"wp:attachment":[{"href":"https:\/\/bcu.opole.pl\/bcu2\/wp-json\/wp\/v2\/media?parent=360"}],"curies":[{"name":"wp","href":"https:\/\/api.w.org\/{rel}","templated":true}]}}