{"id":354,"date":"2025-06-05T14:19:39","date_gmt":"2025-06-05T12:19:39","guid":{"rendered":"https:\/\/bcu.opole.pl\/bcu2\/?page_id=354"},"modified":"2025-11-21T14:22:19","modified_gmt":"2025-11-21T13:22:19","slug":"oferty-pracy","status":"publish","type":"page","link":"https:\/\/bcu.opole.pl\/bcu2\/oferty-pracy\/","title":{"rendered":"OFERTY PRACY"},"content":{"rendered":"<p>[et_pb_section fb_built=&#8221;1&#8243; _builder_version=&#8221;4.27.4&#8243; _module_preset=&#8221;default&#8221; global_colors_info=&#8221;{}&#8221;][et_pb_row _builder_version=&#8221;4.27.4&#8243; _module_preset=&#8221;default&#8221; global_colors_info=&#8221;{}&#8221; custom_padding=&#8221;|0px||||&#8221;][et_pb_column type=&#8221;4_4&#8243; _builder_version=&#8221;4.27.4&#8243; _module_preset=&#8221;default&#8221; global_colors_info=&#8221;{}&#8221;][et_pb_text _builder_version=&#8221;4.27.4&#8243; _module_preset=&#8221;default&#8221; text_text_color=&#8221;#000000&#8243; text_font=&#8221;|||on|||||&#8221; hover_enabled=&#8221;0&#8243; sticky_enabled=&#8221;0&#8243;]<\/p>\n<p>Drukarnia \u201eOpolgraf\u201d S.A. znajduj\u0105ca si\u0119 w fazie intensywnego rozwoju i inwestowania, posiadaj\u0105ca certyfikat ISO 14001:9001, poszukuje kandydat\u00f3w do pracy na stanowisko:<\/p>\n<p><strong>Magazynier <\/strong><\/p>\n<p><strong>\u00a0<\/strong>Miejsce pracy: Opole<\/p>\n<p><strong>Charakterystyka stanowiska:<\/strong><\/p>\n<ul>\n<li>praca w magazynie<\/li>\n<li>uczestnictwo w odbiorze ilo\u015bciowym i jako\u015bciowym materia\u0142\u00f3w i towar\u00f3w<\/li>\n<li>sprawdzanie zgodno\u015bci dostaw z dokumentami<\/li>\n<\/ul>\n<p><strong>Wymagania:<\/strong><\/p>\n<ul>\n<li><strong>warunek konieczny<\/strong> &#8211;\u00a0 <strong>prawo jazdy kat. B<\/strong> oraz do\u015bwiadczenie w prowadzeniu samochodu<\/li>\n<li><strong>warunek konieczny<\/strong> &#8211;\u00a0 <strong>uprawienia UDT na w\u00f3zki wid\u0142owe\/jezdniowe<\/strong><\/li>\n<\/ul>\n<p><strong>Oferujemy:<\/strong><\/p>\n<ul>\n<li>prywatna opieka medyczna LUXMED<\/li>\n<li>dofinansowanie do kart sportowych<\/li>\n<li>mo\u017cliwo\u015b\u0107 udzia\u0142u w ubezpieczeniu grupowym<\/li>\n<li>bezp\u0142atny parking dla pracownik\u00f3w<\/li>\n<li>premie \u015bwi\u0105teczne<\/li>\n<li>biblioteka firmowa<\/li>\n<\/ul>\n<p>Osoby zainteresowane ofert\u0105 pracy proszone s\u0105 o przes\u0142anie CV na adres: <strong><em><a href=\"mailto:rekrutacja@opolgraf.com.pl\">rekrutacja@opolgraf.com.pl<\/a><\/em><\/strong><\/p>\n<p>&#8212;&#8212;&#8212;&#8212;&#8212;&#8212;&#8212;&#8212;&#8212;&#8212;&#8212;&#8212;&#8212;&#8212;&#8212;&#8212;&#8212;&#8212;&#8212;&#8212;&#8212;&#8212;&#8212;&#8212;&#8212;&#8212;&#8212;&#8212;&#8212;&#8212;&#8212;&#8212;&#8212;&#8212;&#8212;&#8212;&#8212;&#8212;&#8212;&#8212;&#8212;&#8212;&#8212;&#8212;&#8212;&#8212;&#8212;&#8212;&#8212;&#8212;&#8212;&#8212;&#8212;&#8212;&#8212;&#8212;&#8212;&#8212;&#8212;&#8212;&#8212;&#8212;&#8212;&#8212;&#8212;&#8212;&#8212;&#8212;&#8212;&#8212;&#8212;&#8212;&#8212;&#8212;&#8212;<strong><em><\/em><\/strong><\/p>\n<p><strong><em><\/em><\/strong><\/p>\n<p>Drukarnia \u201eOpolgraf\u201d S.A znajduj\u0105ca si\u0119 w fazie intensywnego rozwoju i inwestowania, posiadaj\u0105ca certyfikat ISO 14001:9001, poszukuje kandydat\u00f3w do pracy na stanowisko:<\/p>\n<p><strong style=\"font-size: 14px\">Mechanik maszyn<\/strong><\/p>\n<p>Miejsce pracy: Opole<\/p>\n<p><strong>Osoba zatrudniona na tym stanowisku b\u0119dzie odpowiedzialna za:<\/strong><\/p>\n<ul>\n<li>napraw\u0119 maszyn i urz\u0105dze\u0144 poligraficznych elektrycznych i elektrotechnicznych<\/li>\n<li>montowanie, demontowanie elektrycznych urz\u0105dze\u0144 technicznych stanowi\u0105cych wyposa\u017cenie Sp\u00f3\u0142ki<\/li>\n<li>bie\u017c\u0105ce usuwanie awarii instalacji oraz system\u00f3w automatyki przemys\u0142owej we wsp\u00f3\u0142pracy z wewn\u0119trznymi s\u0142u\u017cbami utrzymania ruchu oraz serwisami zewn\u0119trznymi<\/li>\n<li>okresowe przegl\u0105dy oraz konserwacje instalacji, maszyn produkcyjnych i urz\u0105dze\u0144 elektrycznych<\/li>\n<li>raportowanie wykonanych prac oraz napraw<\/li>\n<li>wdra\u017canie rozwi\u0105za\u0144 technicznych i usprawnie\u0144 poprawiaj\u0105cych niezawodno\u015b\u0107 maszyn i urz\u0105dze\u0144 oraz bezpiecze\u0144stwo pracy<\/li>\n<\/ul>\n<p><strong>Oczekiwania wobec kandydat\u00f3w:<\/strong><\/p>\n<ul>\n<li>wykszta\u0142cenie techniczne (mile widziane &#8211; mechanika maszyn)<\/li>\n<li>kilkuletnie do\u015bwiadczenie w dziale utrzymania ruchu<\/li>\n<li>aktualne uprawnienia SEP (E)<\/li>\n<li>umiej\u0119tno\u015b\u0107 czytania dokumentacji i schemat\u00f3w elektrycznych<\/li>\n<li>umiej\u0119tno\u015b\u0107 samodzielnego podejmowania decyzji<\/li>\n<li>prawo jazdy kategorii B<\/li>\n<li>komunikatywno\u015b\u0107, dyspozycyjno\u015b\u0107 i umiej\u0119tno\u015b\u0107 pracy w zespole<\/li>\n<li>gotowo\u015b\u0107 do pracy w systemie 2-zmianowym<\/li>\n<\/ul>\n<p><strong>Oferujemy:<\/strong><\/p>\n<ul>\n<li>prywatna opieka medyczna<\/li>\n<li>dofinansowanie do karty sportowej<\/li>\n<li>mo\u017cliwo\u015b\u0107 udzia\u0142u w ubezpieczeniu grupowym<\/li>\n<li>bezp\u0142atny parking dla pracownik\u00f3w<\/li>\n<li>premie \u015bwi\u0105teczne<\/li>\n<li>biblioteka firmowa<\/li>\n<\/ul>\n<p>Osoby zainteresowane ofert\u0105 pracy proszone s\u0105 o przes\u0142anie CV na adres: <strong><em><a href=\"mailto:rekrutacja@opolgraf.com.pl\">rekrutacja@opolgraf.com.pl<\/a><\/em><\/strong><\/p>\n<p>&#8212;&#8212;&#8212;&#8212;&#8212;&#8212;&#8212;&#8212;&#8212;&#8212;&#8212;&#8212;&#8212;&#8212;&#8212;&#8212;&#8212;&#8212;&#8212;&#8212;&#8212;&#8212;&#8212;&#8212;&#8212;&#8212;&#8212;&#8212;&#8212;&#8212;&#8212;&#8212;&#8212;&#8212;&#8212;&#8212;&#8212;&#8212;&#8212;&#8212;&#8212;&#8212;&#8212;&#8212;&#8212;&#8212;&#8212;&#8212;&#8212;&#8212;&#8212;&#8212;&#8212;&#8212;&#8212;&#8212;&#8212;&#8212;&#8212;&#8212;&#8212;&#8212;&#8212;&#8212;&#8212;&#8212;&#8212;&#8212;&#8212;&#8212;&#8212;&#8212;&#8212;&#8212;&#8212;<strong><em><\/em><\/strong><\/p>\n<p>Drukarnia \u201eOpolgraf\u201d S.A. w Opolu, znajduj\u0105ca si\u0119 w fazie intensywnego rozwoju i inwestowania, posiadaj\u0105ca certyfikat ISO 14001:9001, poszukuje kandydat\u00f3w do pracy na stanowisko:<\/p>\n<p>\u00a0<strong>OPERATOR MASZYN (INTROLIGATORSKICH\u00a0 LUB MASZYN DRUKUJ\u0104CYCH)<\/strong><\/p>\n<p>\u00a0Miejsce pracy:<strong> Opole <\/strong><\/p>\n<p>Osoba zatrudniona na powy\u017cszym stanowisku b\u0119dzie odpowiedzialna za:<\/p>\n<p><strong><\/strong><\/p>\n<p>&#8211;\u00a0 Obs\u0142ug\u0119 maszyn introligatorskich do oprawy ksi\u0105\u017cek lub maszyn drukuj\u0105cych<\/p>\n<p><strong>\u00a0<\/strong>Od kandydat\u00f3w oczekujemy posiadania nast\u0119puj\u0105cych kwalifikacji i cech:<\/p>\n<ul>\n<li><strong>do\u015bwiadczenie zawodowe w drukarni dzie\u0142owej<\/strong> na stanowisku operator maszyn introligatorskich lub operator maszyn drukarskich<\/li>\n<li>gotowo\u015b\u0107 do pracy w systemie 3-zmianowym.<\/li>\n<\/ul>\n<p><strong>Oferujemy:<\/strong><\/p>\n<ul>\n<li>zakwaterowanie (w zale\u017cno\u015bci od po\u0142o\u017cenia miejsca zamieszkania kandydata)<\/li>\n<li>prywatna opieka medyczna LUXMED<\/li>\n<li>karta FIT sport\/profit<\/li>\n<li>bezp\u0142atny parking dla pracownik\u00f3w<\/li>\n<li>premie \u015bwi\u0105teczne<\/li>\n<li>biblioteka firmowa<\/li>\n<li>mo\u017cliwo\u015b\u0107 udzia\u0142u w ubezpieczeniu grupowym<\/li>\n<li>mo\u017cliwo\u015b\u0107 rozwoju zawodowego i doskonalenia umiej\u0119tno\u015bci<\/li>\n<\/ul>\n<p>Osoby zainteresowane ofert\u0105 pracy proszone s\u0105 o przes\u0142anie CV na adres: <strong><em>rekrutacja@opolgraf.com.pl<\/em><\/strong><\/p>\n<p>\u00a0&#8212;&#8212;&#8212;&#8212;&#8212;&#8212;&#8212;&#8212;&#8212;&#8212;&#8212;&#8212;&#8212;&#8212;&#8212;&#8212;&#8212;&#8212;&#8212;&#8212;&#8212;&#8212;&#8212;&#8212;&#8212;&#8212;&#8212;&#8212;&#8212;&#8212;&#8212;&#8212;&#8212;&#8212;&#8212;&#8212;&#8212;&#8212;&#8212;&#8212;&#8212;&#8212;&#8212;&#8212;&#8212;&#8212;&#8212;&#8212;&#8212;&#8212;&#8212;&#8212;&#8212;&#8212;&#8212;&#8212;&#8212;&#8212;&#8212;&#8212;&#8212;&#8212;&#8212;&#8212;&#8212;&#8212;&#8212;&#8212;&#8212;&#8212;&#8212;&#8212;&#8212;&#8212;&#8212;-<\/p>\n<p><strong><em><\/em><\/strong><\/p>\n<p><strong><em><\/em><\/strong><\/p>\n<p>&nbsp;<\/p>\n<p>&nbsp;<\/p>\n<p>[\/et_pb_text][\/et_pb_column][\/et_pb_row][\/et_pb_section]<\/p>\n","protected":false},"excerpt":{"rendered":"<p>Drukarnia \u201eOpolgraf\u201d S.A. znajduj\u0105ca si\u0119 w fazie intensywnego rozwoju i inwestowania, posiadaj\u0105ca certyfikat ISO 14001:9001, poszukuje kandydat\u00f3w do pracy na stanowisko: Magazynier \u00a0Miejsce pracy: Opole Charakterystyka stanowiska: praca w magazynie uczestnictwo w odbiorze ilo\u015bciowym i jako\u015bciowym materia\u0142\u00f3w i towar\u00f3w sprawdzanie zgodno\u015bci dostaw z dokumentami Wymagania: warunek konieczny &#8211;\u00a0 prawo jazdy kat. B oraz do\u015bwiadczenie w [&hellip;]<\/p>\n","protected":false},"author":4,"featured_media":0,"parent":0,"menu_order":0,"comment_status":"closed","ping_status":"closed","template":"","meta":{"_et_pb_use_builder":"on","_et_pb_old_content":"<!-- wp:divi\/placeholder \/-->","_et_gb_content_width":"","footnotes":""},"class_list":["post-354","page","type-page","status-publish","hentry"],"aioseo_notices":[],"_links":{"self":[{"href":"https:\/\/bcu.opole.pl\/bcu2\/wp-json\/wp\/v2\/pages\/354","targetHints":{"allow":["GET"]}}],"collection":[{"href":"https:\/\/bcu.opole.pl\/bcu2\/wp-json\/wp\/v2\/pages"}],"about":[{"href":"https:\/\/bcu.opole.pl\/bcu2\/wp-json\/wp\/v2\/types\/page"}],"author":[{"embeddable":true,"href":"https:\/\/bcu.opole.pl\/bcu2\/wp-json\/wp\/v2\/users\/4"}],"replies":[{"embeddable":true,"href":"https:\/\/bcu.opole.pl\/bcu2\/wp-json\/wp\/v2\/comments?post=354"}],"version-history":[{"count":7,"href":"https:\/\/bcu.opole.pl\/bcu2\/wp-json\/wp\/v2\/pages\/354\/revisions"}],"predecessor-version":[{"id":844,"href":"https:\/\/bcu.opole.pl\/bcu2\/wp-json\/wp\/v2\/pages\/354\/revisions\/844"}],"wp:attachment":[{"href":"https:\/\/bcu.opole.pl\/bcu2\/wp-json\/wp\/v2\/media?parent=354"}],"curies":[{"name":"wp","href":"https:\/\/api.w.org\/{rel}","templated":true}]}}