{"id":348,"date":"2025-06-05T14:15:53","date_gmt":"2025-06-05T12:15:53","guid":{"rendered":"https:\/\/bcu.opole.pl\/bcu2\/?page_id=348"},"modified":"2025-07-28T13:17:55","modified_gmt":"2025-07-28T11:17:55","slug":"testy-quizy","status":"publish","type":"page","link":"https:\/\/bcu.opole.pl\/bcu2\/testy-quizy\/","title":{"rendered":"TESTY\/QUIZY"},"content":{"rendered":"<p>[et_pb_section fb_built=&#8221;1&#8243; _builder_version=&#8221;4.27.4&#8243; _module_preset=&#8221;default&#8221; global_colors_info=&#8221;{}&#8221;][et_pb_row _builder_version=&#8221;4.27.4&#8243; _module_preset=&#8221;default&#8221; global_colors_info=&#8221;{}&#8221;][et_pb_column type=&#8221;4_4&#8243; _builder_version=&#8221;4.27.4&#8243; _module_preset=&#8221;default&#8221; global_colors_info=&#8221;{}&#8221;][et_pb_heading title=&#8221;TESTY\/QUIZY&#8221; _builder_version=&#8221;4.27.4&#8243; _module_preset=&#8221;default&#8221; global_colors_info=&#8221;{}&#8221;][\/et_pb_heading][\/et_pb_column][\/et_pb_row][et_pb_row column_structure=&#8221;1_4,3_4&#8243; _builder_version=&#8221;4.27.4&#8243; _module_preset=&#8221;default&#8221; global_colors_info=&#8221;{}&#8221;][et_pb_column type=&#8221;1_4&#8243; _builder_version=&#8221;4.27.4&#8243; _module_preset=&#8221;default&#8221; global_colors_info=&#8221;{}&#8221;][et_pb_image src=&#8221;https:\/\/bcu.opole.pl\/bcu2\/wp-content\/uploads\/sites\/4\/2025\/07\/test-2.jpg&#8221; title_text=&#8221;test 2&#8243; _builder_version=&#8221;4.27.4&#8243; _module_preset=&#8221;default&#8221; custom_margin=&#8221;100px||150px||false|false&#8221; global_colors_info=&#8221;{}&#8221;][\/et_pb_image][et_pb_image src=&#8221;https:\/\/bcu.opole.pl\/bcu2\/wp-content\/uploads\/sites\/4\/2025\/07\/test-1.jpg&#8221; title_text=&#8221;test 1&#8243; _builder_version=&#8221;4.27.4&#8243; _module_preset=&#8221;default&#8221; custom_margin=&#8221;150px||150px||false|false&#8221; global_colors_info=&#8221;{}&#8221;][\/et_pb_image][\/et_pb_column][et_pb_column type=&#8221;3_4&#8243; _builder_version=&#8221;4.27.4&#8243; _module_preset=&#8221;default&#8221; global_colors_info=&#8221;{}&#8221;][et_pb_text _builder_version=&#8221;4.27.4&#8243; _module_preset=&#8221;default&#8221; global_colors_info=&#8221;{}&#8221;]<\/p>\n<p style=\"text-align: center\"><strong><em>TESTY I QUIZY \u2013 poznaj swoje predyspozycje i \u015bcie\u017cki rozwoju!<\/em><\/strong><\/p>\n<p style=\"text-align: justify\"><strong><em>Nie wiesz, czy bran\u017ca poligraficzna to co\u015b dla Ciebie? A mo\u017ce chcesz lepiej pozna\u0107 swoje mocne strony i zainteresowania? Skorzystaj z naszych test\u00f3w i quiz\u00f3w, kt\u00f3re pomog\u0105 Ci \u015bwiadomie zaplanowa\u0107 edukacj\u0119 i karier\u0119 zawodow\u0105.<\/em><\/strong><\/p>\n<p style=\"text-align: justify\"><strong>Co znajdziesz w tej zak\u0142adce?<\/strong><\/p>\n<ul style=\"text-align: justify\">\n<li><strong>Testy zainteresowa\u0144 zawodowych<\/strong><br \/>Dowiedz si\u0119, jakie bran\u017ce i typy zada\u0144 s\u0105 zgodne z Twoimi naturalnymi preferencjami.<\/li>\n<li><strong>Testy predyspozycji i styl\u00f3w pracy<\/strong><br \/>Sprawd\u017a, czy lepiej odnajdziesz si\u0119 w zadaniach technicznych, kreatywnych, analitycznych czy zespo\u0142owych.<\/li>\n<li><strong>Quizy bran\u017cowe<\/strong><br \/>Kr\u00f3tki spos\u00f3b na poznanie reali\u00f3w pracy w poligrafii, nowych technologii i ciekawostek zawodowych.<\/li>\n<li><strong>Test samooceny kompetencji<\/strong><br \/>Oce\u0144, kt\u00f3re umiej\u0119tno\u015bci ju\u017c posiadasz, a nad kt\u00f3rymi warto popracowa\u0107.<\/li>\n<\/ul>\n<p style=\"text-align: justify\"><strong>Dlaczego warto?<\/strong><\/p>\n<ul style=\"text-align: justify\">\n<li>Lepsze zrozumienie siebie<\/li>\n<li>Pomoc w wyborze zawodu lub kierunku nauki<\/li>\n<li>Wsparcie w planowaniu rozwoju<\/li>\n<li>Motywacja do dzia\u0142ania<\/li>\n<\/ul>\n<p style=\"text-align: justify\"><strong>Jak skorzysta\u0107?<\/strong><\/p>\n<p style=\"text-align: justify\">Testy i quizy mo\u017cesz:<br \/>\ud83d\udd39 wykona\u0107 samodzielnie online (linki poni\u017cej),<br \/>\ud83d\udd39 wype\u0142ni\u0107 na miejscu w naszym centrum podczas konsultacji z doradc\u0105 zawodowym,<br \/>\ud83d\udd39 wykorzysta\u0107 jako wst\u0119p do indywidualnej rozmowy doradczej.<\/p>\n<p style=\"text-align: justify\">LINKI np.<\/p>\n<p style=\"text-align: justify\"><a href=\"https:\/\/zawodowe.info\/test\/\">https:\/\/zawodowe.info\/test\/<\/a><\/p>\n<p style=\"text-align: justify\"><a href=\"https:\/\/mapakarier.org\/quiz\">https:\/\/mapakarier.org\/quiz<\/a><\/p>\n<p style=\"text-align: justify\"><a href=\"https:\/\/predyspozycje.zawodowe.ore.edu.pl\">https:\/\/predyspozycje.zawodowe.ore.edu.pl<\/a><\/p>\n<p style=\"text-align: justify\"><a href=\"https:\/\/infozawodowe.pl\/testy-i-quizy\">https:\/\/infozawodowe.pl\/testy-i-quizy<\/a><\/p>\n<p style=\"text-align: justify\"><a href=\"https:\/\/zintegrowanastrategiakwalifikacji.gov.pl\/eportfolio\">https:\/\/zintegrowanastrategiakwalifikacji.gov.pl\/eportfolio<\/a><\/p>\n<p style=\"text-align: justify\">https:\/\/youthempowered.pl\/quizy <em>(wybierz \u201eKreatywno\u015b\u0107\u201d)<\/em><\/p>\n<p style=\"text-align: justify\"><a href=\"https:\/\/kierunkowskazzawodowy.pl\/test\">https:\/\/kierunkowskazzawodowy.pl\/test<\/a><\/p>\n<p style=\"text-align: justify\"><a href=\"https:\/\/edu-akcja.pl\/test-kompetencji\">https:\/\/edu-akcja.pl\/test-kompetencji<\/a><\/p>\n<p style=\"text-align: justify\"><a href=\"https:\/\/www.talenthub.pl\/testy\">https:\/\/www.talenthub.pl\/testy<\/a><\/p>\n<p style=\"text-align: justify\"><a href=\"https:\/\/doradztwo.pracuj.pl\/testy-i-narzedzia\">https:\/\/doradztwo.pracuj.pl\/testy-i-narzedzia<\/a><\/p>\n<p style=\"text-align: justify\">\n<p style=\"text-align: center\"><strong>Zr\u00f3b pierwszy krok w stron\u0119 \u015bwiadomej decyzji zawodowej.<\/strong><\/p>\n<p>[\/et_pb_text][\/et_pb_column][\/et_pb_row][et_pb_row _builder_version=&#8221;4.27.4&#8243; _module_preset=&#8221;default&#8221;][et_pb_column _builder_version=&#8221;4.27.4&#8243; _module_preset=&#8221;default&#8221; type=&#8221;4_4&#8243;][et_pb_button button_text=&#8221;Rozwi\u0105\u017c quiz&#8221; _builder_version=&#8221;4.27.4&#8243; _module_preset=&#8221;default&#8221; button_alignment=&#8221;center&#8221; button_url=&#8221;https:\/\/bcu.opole.pl\/bcu2\/quiz-1\/&#8221; hover_enabled=&#8221;0&#8243; sticky_enabled=&#8221;0&#8243;][\/et_pb_button][\/et_pb_column][\/et_pb_row][\/et_pb_section]<\/p>\n","protected":false},"excerpt":{"rendered":"<p>TESTY I QUIZY \u2013 poznaj swoje predyspozycje i \u015bcie\u017cki rozwoju! Nie wiesz, czy bran\u017ca poligraficzna to co\u015b dla Ciebie? A mo\u017ce chcesz lepiej pozna\u0107 swoje mocne strony i zainteresowania? Skorzystaj z naszych test\u00f3w i quiz\u00f3w, kt\u00f3re pomog\u0105 Ci \u015bwiadomie zaplanowa\u0107 edukacj\u0119 i karier\u0119 zawodow\u0105. Co znajdziesz w tej zak\u0142adce? Testy zainteresowa\u0144 zawodowychDowiedz si\u0119, jakie bran\u017ce [&hellip;]<\/p>\n","protected":false},"author":4,"featured_media":0,"parent":0,"menu_order":0,"comment_status":"closed","ping_status":"closed","template":"","meta":{"_et_pb_use_builder":"on","_et_pb_old_content":"<!-- wp:divi\/placeholder \/-->","_et_gb_content_width":"","footnotes":""},"class_list":["post-348","page","type-page","status-publish","hentry"],"aioseo_notices":[],"_links":{"self":[{"href":"https:\/\/bcu.opole.pl\/bcu2\/wp-json\/wp\/v2\/pages\/348","targetHints":{"allow":["GET"]}}],"collection":[{"href":"https:\/\/bcu.opole.pl\/bcu2\/wp-json\/wp\/v2\/pages"}],"about":[{"href":"https:\/\/bcu.opole.pl\/bcu2\/wp-json\/wp\/v2\/types\/page"}],"author":[{"embeddable":true,"href":"https:\/\/bcu.opole.pl\/bcu2\/wp-json\/wp\/v2\/users\/4"}],"replies":[{"embeddable":true,"href":"https:\/\/bcu.opole.pl\/bcu2\/wp-json\/wp\/v2\/comments?post=348"}],"version-history":[{"count":7,"href":"https:\/\/bcu.opole.pl\/bcu2\/wp-json\/wp\/v2\/pages\/348\/revisions"}],"predecessor-version":[{"id":727,"href":"https:\/\/bcu.opole.pl\/bcu2\/wp-json\/wp\/v2\/pages\/348\/revisions\/727"}],"wp:attachment":[{"href":"https:\/\/bcu.opole.pl\/bcu2\/wp-json\/wp\/v2\/media?parent=348"}],"curies":[{"name":"wp","href":"https:\/\/api.w.org\/{rel}","templated":true}]}}