{"id":914,"date":"2025-09-17T14:55:57","date_gmt":"2025-09-17T12:55:57","guid":{"rendered":"https:\/\/bcu.opole.pl\/bcu1\/?page_id=914"},"modified":"2026-01-27T15:29:13","modified_gmt":"2026-01-27T14:29:13","slug":"informacja-dla-uczniow","status":"publish","type":"page","link":"https:\/\/bcu.opole.pl\/bcu1\/informacja-dla-uczniow\/","title":{"rendered":"Informacja dla uczni\u00f3w"},"content":{"rendered":"<p>[et_pb_section fb_built=&#8221;1&#8243; theme_builder_area=&#8221;post_content&#8221; _builder_version=&#8221;4.27.5&#8243; _module_preset=&#8221;default&#8221;][et_pb_row _builder_version=&#8221;4.27.5&#8243; _module_preset=&#8221;default&#8221; theme_builder_area=&#8221;post_content&#8221;][et_pb_column _builder_version=&#8221;4.27.5&#8243; _module_preset=&#8221;default&#8221; type=&#8221;4_4&#8243; theme_builder_area=&#8221;post_content&#8221;][et_pb_text _builder_version=&#8221;4.27.5&#8243; _module_preset=&#8221;default&#8221; theme_builder_area=&#8221;post_content&#8221; hover_enabled=&#8221;0&#8243; sticky_enabled=&#8221;0&#8243;]<\/p>\n<p>&nbsp;<\/p>\n<p><strong>Przemys\u0142 motoryzacyjny \u2013 obszary elektromobilno\u015bci<\/strong><\/p>\n<p><strong>Dlaczego warto wzi\u0105\u0107 go pod uwag\u0119 przy wyborze szko\u0142y \u015bredniej oraz kurs\u00f3w dokszta\u0142caj\u0105cych?<\/strong><\/p>\n<p><strong>Elektromobilno\u015b\u0107 to nieunikniona przysz\u0142o\u015b\u0107<\/strong><br \/>Samochody elektryczne coraz cz\u0119\u015bciej zast\u0119puj\u0105 te spalinowe. Coraz wi\u0119cej firm inwestuje w nowoczesne rozwi\u0105zania \u2013 od baterii, przez stacje \u0142adowania, a\u017c po inteligentne systemy transportu. Dodajmy do tego coraz bardziej popularn\u0105 autonomiczno\u015b\u0107 prowadzenia szerokorozumianego transportu.<\/p>\n<p><strong>Zaw\u00f3d z przysz\u0142o\u015bci\u0105<\/strong><br \/>Wybieraj\u0105c <strong>technikum<\/strong> lub <strong>szko\u0142\u0119 bran\u017cow\u0105<\/strong> o profilu motoryzacyjnym, zdobywasz praktyczne umiej\u0119tno\u015bci potrzebne na rynku pracy:<\/p>\n<ul>\n<li>obs\u0142uga i naprawa aut elektrycznych i hybrydowych,<\/li>\n<li>znajomo\u015b\u0107 nowoczesnych technologii,<\/li>\n<li>znajomo\u015b\u0107 zasad bezpiecznej obs\u0142ugi pojazdu z uwzgl\u0119dnieniem zachowa\u0144 przeciw po\u017carowych,<\/li>\n<li>praca z nowymi narz\u0119dziami diagnostycznymi.<\/li>\n<\/ul>\n<p>&nbsp;<\/p>\n<p><strong>Praca blisko domu<\/strong><br \/>Specjali\u015bci od elektromobilno\u015bci s\u0105 poszukiwani w ca\u0142y wojew\u00f3dztwie opolskim ze wzgl\u0119du na ilo\u015b\u0107 oraz rozw\u00f3j firm z bran\u017cy automotive. To szansa na ciekaw\u0105, stabiln\u0105 i dobrze p\u0142atn\u0105 prac\u0119!<\/p>\n<p><strong>\u00a0<\/strong><\/p>\n<p><strong>Mo\u017cliwo\u015bci rozwoju<\/strong><br \/>Bran\u017ca motoryzacyjna wsp\u00f3\u0142pracuje z wieloma dziedzinami: IT, automatyk\u0105, elektronik\u0105 czy logistyk\u0105. Po szkole \u015bredniej mo\u017cesz od razu pracowa\u0107 albo kontynuowa\u0107 nauk\u0119 na studiach technicznych.<\/p>\n<p><strong>Dlaczego warto?<\/strong><\/p>\n<ul>\n<li>zaw\u00f3d przysz\u0142o\u015bci,<\/li>\n<li>du\u017ce zapotrzebowanie na specjalist\u00f3w,<\/li>\n<li>atrakcyjne zarobki,<\/li>\n<li>mo\u017cliwo\u015b\u0107 pracy z innowacjami.<\/li>\n<\/ul>\n<p>&nbsp;<\/p>\n<p>Je\u015bli interesuj\u0105 Ci\u0119 samochody, technologie i nowoczesne rozwi\u0105zania \u2013 wyb\u00f3r <strong>szko\u0142y o profilu motoryzacyjnym<\/strong> mo\u017ce by\u0107 najlepsz\u0105 decyzj\u0105. Ponadto <strong>kursy w Bran\u017cowym Centrum Umiej\u0119tno\u015bci nr 1 w Opolu zwi\u0119ksz\u0105 spektrum Twoich mo\u017cliwo\u015bci!<\/strong><\/p>\n<p><strong>Wszelkie osoby chc\u0105ce uczestniczy\u0107 w zaj\u0119ciach dotycz\u0105cych elektromobilno\u015bci proszone s\u0105 o kontakt z Bart\u0142omiejem Zajda.\u00a0<\/strong><\/p>\n<p>[\/et_pb_text][\/et_pb_column][\/et_pb_row][\/et_pb_section]<\/p>\n","protected":false},"excerpt":{"rendered":"<p>&nbsp; Przemys\u0142 motoryzacyjny \u2013 obszary elektromobilno\u015bci Dlaczego warto wzi\u0105\u0107 go pod uwag\u0119 przy wyborze szko\u0142y \u015bredniej oraz kurs\u00f3w dokszta\u0142caj\u0105cych? Elektromobilno\u015b\u0107 to nieunikniona przysz\u0142o\u015b\u0107Samochody elektryczne coraz cz\u0119\u015bciej zast\u0119puj\u0105 te spalinowe. Coraz wi\u0119cej firm inwestuje w nowoczesne rozwi\u0105zania \u2013 od baterii, przez stacje \u0142adowania, a\u017c po inteligentne systemy transportu. Dodajmy do tego coraz bardziej popularn\u0105 autonomiczno\u015b\u0107 prowadzenia [&hellip;]<\/p>\n","protected":false},"author":3,"featured_media":0,"parent":0,"menu_order":0,"comment_status":"closed","ping_status":"closed","template":"","meta":{"_et_pb_use_builder":"on","_et_pb_old_content":"<!-- wp:divi\/placeholder \/-->","_et_gb_content_width":"","footnotes":""},"class_list":["post-914","page","type-page","status-publish","hentry"],"aioseo_notices":[],"_links":{"self":[{"href":"https:\/\/bcu.opole.pl\/bcu1\/wp-json\/wp\/v2\/pages\/914","targetHints":{"allow":["GET"]}}],"collection":[{"href":"https:\/\/bcu.opole.pl\/bcu1\/wp-json\/wp\/v2\/pages"}],"about":[{"href":"https:\/\/bcu.opole.pl\/bcu1\/wp-json\/wp\/v2\/types\/page"}],"author":[{"embeddable":true,"href":"https:\/\/bcu.opole.pl\/bcu1\/wp-json\/wp\/v2\/users\/3"}],"replies":[{"embeddable":true,"href":"https:\/\/bcu.opole.pl\/bcu1\/wp-json\/wp\/v2\/comments?post=914"}],"version-history":[{"count":5,"href":"https:\/\/bcu.opole.pl\/bcu1\/wp-json\/wp\/v2\/pages\/914\/revisions"}],"predecessor-version":[{"id":1553,"href":"https:\/\/bcu.opole.pl\/bcu1\/wp-json\/wp\/v2\/pages\/914\/revisions\/1553"}],"wp:attachment":[{"href":"https:\/\/bcu.opole.pl\/bcu1\/wp-json\/wp\/v2\/media?parent=914"}],"curies":[{"name":"wp","href":"https:\/\/api.w.org\/{rel}","templated":true}]}}