{"id":910,"date":"2025-09-17T14:55:04","date_gmt":"2025-09-17T12:55:04","guid":{"rendered":"https:\/\/bcu.opole.pl\/bcu1\/?page_id=910"},"modified":"2026-03-12T16:57:53","modified_gmt":"2026-03-12T15:57:53","slug":"automotive-w-wojewodztwie-opolskim","status":"publish","type":"page","link":"https:\/\/bcu.opole.pl\/bcu1\/automotive-w-wojewodztwie-opolskim\/","title":{"rendered":"Automotive w wojew\u00f3dztwie opolskim"},"content":{"rendered":"[et_pb_section fb_built=&#8221;1&#8243; admin_label=&#8221;section&#8221; _builder_version=&#8221;4.16&#8243; global_colors_info=&#8221;{}&#8221;][et_pb_row admin_label=&#8221;row&#8221; _builder_version=&#8221;4.16&#8243; background_size=&#8221;initial&#8221; background_position=&#8221;top_left&#8221; background_repeat=&#8221;repeat&#8221; global_colors_info=&#8221;{}&#8221;][et_pb_column type=&#8221;4_4&#8243; _builder_version=&#8221;4.16&#8243; custom_padding=&#8221;|||&#8221; global_colors_info=&#8221;{}&#8221; custom_padding__hover=&#8221;|||&#8221;][et_pb_text admin_label=&#8221;Text&#8221; _builder_version=&#8221;4.16&#8243; background_size=&#8221;initial&#8221; background_position=&#8221;top_left&#8221; background_repeat=&#8221;repeat&#8221; global_colors_info=&#8221;{}&#8221;][\/et_pb_text][\/et_pb_column][\/et_pb_row][et_pb_row _builder_version=&#8221;4.27.6&#8243; _module_preset=&#8221;default&#8221;][et_pb_column _builder_version=&#8221;4.27.6&#8243; _module_preset=&#8221;default&#8221; type=&#8221;4_4&#8243;][et_pb_text _builder_version=&#8221;4.27.6&#8243; _module_preset=&#8221;default&#8221; hover_enabled=&#8221;0&#8243; sticky_enabled=&#8221;0&#8243;]<p>Przemys\u0142 motoryzacyjny:<\/p>\n<p><strong>Posco Mobility Solution Poland (Brzeg)<\/strong><br \/>Korea\u0144ski koncern stalowy planuje budow\u0119 nowoczesnej fabryki rdzeni do silnik\u00f3w nap\u0119dowych. Inwestycja o warto\u015bci ponad 180 mln z\u0142 b\u0119dzie wspierana ulgami podatkowymi w ramach specjalnej strefy ekonomicznej. Zak\u0142ad ma wzmacnia\u0107 rozw\u00f3j elektromobilno\u015bci w regionie.<\/p>\n<p><strong>Umicore (Nysa)<\/strong><br \/>Belgijski koncern chemiczny posiada w Nysie fabryk\u0119 aktywnego materia\u0142u katodowego (CAM) do baterii litowo-jonowych. Jest jednym z kluczowych dostawc\u00f3w dla sektora elektromobilno\u015bci w Europie. Umicore wsp\u00f3\u0142tworzy tak\u017ce sp\u00f3\u0142k\u0119 joint venture IONWAY z firm\u0105 PowerCo.<\/p>\n<p><strong>Snop Automotive (Opole)<\/strong><br \/>Mi\u0119dzynarodowy producent cz\u0119\u015bci samochodowych, specjalizuj\u0105cy si\u0119 w t\u0142oczeniu i obr\u00f3bce element\u00f3w metalowych. Zak\u0142ad w Opolu dostarcza komponenty karoserii i strukturalne dla najwi\u0119kszych koncern\u00f3w, takich jak Volkswagen, BMW czy Mercedes. Stanowi wa\u017cn\u0105 cz\u0119\u015b\u0107 europejskiej sieci produkcyjnej Grupy Snop.<\/p>\n<p><strong>PowerCo (Nysa)<\/strong><br \/>Sp\u00f3\u0142ka nale\u017c\u0105ca do Grupy Volkswagen, zajmuj\u0105ca si\u0119 produkcj\u0105 i rozwojem baterii do samochod\u00f3w elektrycznych. W regionie opolskim wsp\u00f3\u0142pracuje przy inwestycji IONWAY. Firma pe\u0142ni kluczow\u0105 rol\u0119 w rozwoju europejskiego \u0142a\u0144cucha dostaw w elektromobilno\u015bci.<\/p>\n<p><strong>IONWAY (Nysa)<\/strong><br \/>Joint venture Umicore i PowerCo, buduj\u0105ce zak\u0142ad produkcji aktywnego materia\u0142u katodowego (CAM) w Nysie. Warto\u015b\u0107 inwestycji to ok. 1,7 mld euro.\u00a0 Nowa fabryka ma zapewni\u0107 do 900 miejsc pracy i wspiera\u0107 europejsk\u0105 produkcj\u0119 baterii do samochod\u00f3w elektrycznych.<\/p>\n<p><strong>TitanX Engine Cooling (Opole \u2013 CTPark)<\/strong><br \/>Globalny dostawca system\u00f3w ch\u0142odzenia dla samochod\u00f3w ci\u0119\u017carowych. W Opolu firma od 2018 roku dzia\u0142a w CTPark Opole i stale rozbudowuje swoj\u0105 powierzchni\u0119 produkcyjn\u0105. Nowe hale pozwol\u0105 zwi\u0119kszy\u0107 moce produkcyjne i usprawni\u0107 logistyk\u0119 dostaw.<\/p>\n<p><strong>UFI Filters (Opole \u2013 CTPark)<\/strong><br \/>Producent filtr\u00f3w i system\u00f3w filtracyjnych dla motoryzacji, kt\u00f3ry rozwija zak\u0142ad w Opolu. Firma odda\u0142a do u\u017cytku nowy budynek o powierzchni 12 tys. m\u00b2 w CTPark Opole. Rozbudowa pozwoli obs\u0142ugiwa\u0107 g\u0142\u00f3wnych producent\u00f3w samochod\u00f3w w Europie.<\/p>\n<p><strong>MM Systemy (K\u0105ty Opolskie)<\/strong><br \/>Polski oddzia\u0142 grupy H. Muhr GmbH &amp; Co. KG, dzia\u0142aj\u0105cy od 2012 roku. Specjalizuje si\u0119 w seryjnej produkcji t\u0142oczonych element\u00f3w karoserii ze stali i aluminium. Firma wsp\u00f3\u0142pracuje z najwi\u0119kszymi markami, takimi jak BMW, Audi, Mercedes i Volkswagen.<\/p>\n<p><strong>IFA Powertrain (gm. Ujazd)<\/strong><br \/>Niemiecki producent wa\u0142\u00f3w nap\u0119dowych i przegub\u00f3w, kt\u00f3ry intensywnie inwestuje w rozw\u00f3j zak\u0142adu w gminie Ujazd. Obecnie rozbudowuje fabryk\u0119 o dodatkowe 10 tys. m\u00b2. Firma jest jednym z kluczowych dostawc\u00f3w dla globalnych koncern\u00f3w motoryzacyjnych.<\/p>\n<p><strong>ISRI (gm. Ujazd)<\/strong><br \/>Producent foteli samochodowych dzia\u0142aj\u0105cy w tej samej strefie inwestycyjnej co IFA. Firma planuje potroi\u0107 powierzchni\u0119 swojego zak\u0142adu \u2013 z 5 tys. m\u00b2 do 15 tys. m\u00b2. Rozw\u00f3j pozwoli zwi\u0119kszy\u0107 produkcj\u0119 i stworzy\u0107 nowe miejsca pracy.<\/p>\n<p><strong>Schaeffler<\/strong> <strong>(gm. Ujazd)<\/strong><br \/>Globalny lidera technologii przemys\u0142owych i motoryzacyjnych. Inwestycja powstaje w ramach Prologis Park Ujazd, na terenie jednej z najpr\u0119\u017cniej rozwijaj\u0105cych si\u0119 stref gospodarczych w regionie. Producent element\u00f3w nap\u0119dowych pojazd\u00f3w intensywnie rekrutuje specjalist\u00f3w \u2013 operator\u00f3w CNC, mechatronik\u00f3w i elektromechanik\u00f3w. Firma rozwija kompetencje zwi\u0105zane z nowoczesn\u0105 technologi\u0105 i robotyk\u0105.<\/p>\n<p><strong>Truflex (gm. Ujazd)<\/strong><br \/>Producent elastycznych z\u0142\u0105czy motoryzacyjnych wykorzystywanych w uk\u0142adach wydechowych. Zak\u0142ad w Uje\u017adzie planuje podwojenie powierzchni produkcyjnej, aby sprosta\u0107 rosn\u0105cemu zapotrzebowaniu bran\u017cy samochodowej. Firma dostarcza swoje produkty do globalnych producent\u00f3w OEM.<\/p>\n<p><strong>Henniges Automotive (Prudnik)<\/strong><br \/>Ameryka\u0144ska firma z zak\u0142adem w Prudniku, produkuj\u0105ca komponenty antywibracyjne i systemy uszczelnie\u0144 szyb. Zatrudnia oko\u0142o 150 pracownik\u00f3w i obs\u0142uguje globalne koncerny samochodowe. Produkcja w Prudniku wpisuje si\u0119 w \u015bwiatow\u0105 sie\u0107 Henniges Automotive.<\/p>\n<p><strong>Polaris Polska (Opole)<\/strong><br \/>Ameryka\u0144ski inwestor montuje popularne modele RZR i Ranger, ponadto zak\u0142ad zajmuj\u0119 si\u0119 monta\u017cem linii motocykli Indian. Od 2023 roku popularnym produktem sta\u0142y si\u0119 u\u017cytkowe pojazdy elektryczne.<\/p>\n<p><strong>Shanghai Pret Composites (Opole)<\/strong> \u2013 chi\u0144ska firma specjalizuj\u0105ca si\u0119 w produkcji tworzyw sztucznych i kompozyt\u00f3w dla przemys\u0142u motoryzacyjnego. W Opolu zlokalizowany jest zak\u0142ad zajmuj\u0105cy si\u0119 przetwarzaniem i dostaw\u0105 materia\u0142\u00f3w technicznych, kt\u00f3re trafiaj\u0105 do producent\u00f3w cz\u0119\u015bci samochodowych oraz bezpo\u015brednio do koncern\u00f3w OEM.<\/p>\n<p>&nbsp;<\/p>[\/et_pb_text][\/et_pb_column][\/et_pb_row][\/et_pb_section]","protected":false},"excerpt":{"rendered":"<p>Przemys\u0142 motoryzacyjny: Posco Mobility Solution Poland (Brzeg)Korea\u0144ski koncern stalowy planuje budow\u0119 nowoczesnej fabryki rdzeni do silnik\u00f3w nap\u0119dowych. Inwestycja o warto\u015bci ponad 180 mln z\u0142 b\u0119dzie wspierana ulgami podatkowymi w ramach specjalnej strefy ekonomicznej. Zak\u0142ad ma wzmacnia\u0107 rozw\u00f3j elektromobilno\u015bci w regionie. Umicore (Nysa)Belgijski koncern chemiczny posiada w Nysie fabryk\u0119 aktywnego materia\u0142u katodowego (CAM) do baterii litowo-jonowych. [&hellip;]<\/p>\n","protected":false},"author":3,"featured_media":0,"parent":0,"menu_order":0,"comment_status":"closed","ping_status":"closed","template":"","meta":{"_et_pb_use_builder":"on","_et_pb_old_content":"<!-- wp:divi\/placeholder \/-->","_et_gb_content_width":"","footnotes":""},"class_list":["post-910","page","type-page","status-publish","hentry"],"aioseo_notices":[],"_links":{"self":[{"href":"https:\/\/bcu.opole.pl\/bcu1\/wp-json\/wp\/v2\/pages\/910","targetHints":{"allow":["GET"]}}],"collection":[{"href":"https:\/\/bcu.opole.pl\/bcu1\/wp-json\/wp\/v2\/pages"}],"about":[{"href":"https:\/\/bcu.opole.pl\/bcu1\/wp-json\/wp\/v2\/types\/page"}],"author":[{"embeddable":true,"href":"https:\/\/bcu.opole.pl\/bcu1\/wp-json\/wp\/v2\/users\/3"}],"replies":[{"embeddable":true,"href":"https:\/\/bcu.opole.pl\/bcu1\/wp-json\/wp\/v2\/comments?post=910"}],"version-history":[{"count":6,"href":"https:\/\/bcu.opole.pl\/bcu1\/wp-json\/wp\/v2\/pages\/910\/revisions"}],"predecessor-version":[{"id":1866,"href":"https:\/\/bcu.opole.pl\/bcu1\/wp-json\/wp\/v2\/pages\/910\/revisions\/1866"}],"wp:attachment":[{"href":"https:\/\/bcu.opole.pl\/bcu1\/wp-json\/wp\/v2\/media?parent=910"}],"curies":[{"name":"wp","href":"https:\/\/api.w.org\/{rel}","templated":true}]}}