{"id":855,"date":"2025-09-08T11:50:56","date_gmt":"2025-09-08T09:50:56","guid":{"rendered":"https:\/\/bcu.opole.pl\/bcu1\/?page_id=855"},"modified":"2025-09-09T14:26:17","modified_gmt":"2025-09-09T12:26:17","slug":"testy-i-quizy-odkryj-swoje-predyspozycje-i-kierunki-rozwoju","status":"publish","type":"page","link":"https:\/\/bcu.opole.pl\/bcu1\/testy-i-quizy-odkryj-swoje-predyspozycje-i-kierunki-rozwoju\/","title":{"rendered":"TESTY I QUIZY \u2013 ODKRYJ SWOJE PREDYSPOZYCJE I KIERUNKI ROZWOJU"},"content":{"rendered":"<p>[et_pb_section fb_built=&#8221;1&#8243; _builder_version=&#8221;4.27.4&#8243; _module_preset=&#8221;default&#8221; global_colors_info=&#8221;{}&#8221;][et_pb_row _builder_version=&#8221;4.27.4&#8243; _module_preset=&#8221;default&#8221; global_colors_info=&#8221;{}&#8221;][et_pb_column type=&#8221;4_4&#8243; _builder_version=&#8221;4.27.4&#8243; _module_preset=&#8221;default&#8221; global_colors_info=&#8221;{}&#8221;][et_pb_heading title=&#8221;TESTY I QUIZY \u2013 odkryj swoje predyspozycje i kierunki rozwoju!&#8221; _builder_version=&#8221;4.27.4&#8243; _module_preset=&#8221;default&#8221; title_text_align=&#8221;center&#8221; global_colors_info=&#8221;{}&#8221;][\/et_pb_heading][\/et_pb_column][\/et_pb_row][et_pb_row _builder_version=&#8221;4.27.4&#8243; _module_preset=&#8221;default&#8221; global_colors_info=&#8221;{}&#8221;][et_pb_column type=&#8221;4_4&#8243; _builder_version=&#8221;4.27.4&#8243; _module_preset=&#8221;default&#8221; global_colors_info=&#8221;{}&#8221;][et_pb_text _builder_version=&#8221;4.27.4&#8243; _module_preset=&#8221;default&#8221; global_colors_info=&#8221;{}&#8221;]<\/p>\n<p style=\"text-align: justify;\">Zastanawiasz si\u0119, czy bran\u017ca motoryzacyjna jest odpowiednia dla Ciebie? Fascynuje Ci\u0119 pr\u0119dko\u015b\u0107, nowoczesny design, mechatronika i aplikacje? A mo\u017ce chcesz lepiej pozna\u0107 swoje mocne strony i zainteresowania zawodowe? Nasze testy i quizy pomog\u0105 Ci \u015bwiadomie zaplanowa\u0107 edukacj\u0119 i \u015bcie\u017ck\u0119 kariery.<\/p>\n<p>[\/et_pb_text][\/et_pb_column][\/et_pb_row][et_pb_row column_structure=&#8221;1_4,1_4,1_4,1_4&#8243; _builder_version=&#8221;4.27.4&#8243; _module_preset=&#8221;default&#8221; global_colors_info=&#8221;{}&#8221;][et_pb_column type=&#8221;1_4&#8243; _builder_version=&#8221;4.27.4&#8243; _module_preset=&#8221;default&#8221; global_colors_info=&#8221;{}&#8221;][et_pb_button button_url=&#8221;https:\/\/bcu.opole.pl\/bcu1\/test-zainteresowan-zawodowych\/&#8221; button_text=&#8221;Testy zainteresowa\u0144 zawodowych&#8221; button_alignment=&#8221;center&#8221; _builder_version=&#8221;4.27.4&#8243; _module_preset=&#8221;default&#8221; global_colors_info=&#8221;{}&#8221;][\/et_pb_button][et_pb_text _builder_version=&#8221;4.27.4&#8243; _module_preset=&#8221;default&#8221; global_colors_info=&#8221;{}&#8221;]<\/p>\n<p style=\"text-align: center;\">Pozwol\u0105 Ci okre\u015bli\u0107, kt\u00f3re bran\u017ce i rodzaje zada\u0144 najlepiej odpowiadaj\u0105 Twoim naturalnym predyspozycjom.<\/p>\n<p>[\/et_pb_text][\/et_pb_column][et_pb_column type=&#8221;1_4&#8243; _builder_version=&#8221;4.27.4&#8243; _module_preset=&#8221;default&#8221; global_colors_info=&#8221;{}&#8221;][et_pb_button button_url=&#8221;https:\/\/bcu.opole.pl\/bcu1\/test-predyspozycji-i-stylow-pracy\/&#8221; button_text=&#8221;Testy predyspozycji i styl\u00f3w pracy&#8221; button_alignment=&#8221;center&#8221; _builder_version=&#8221;4.27.4&#8243; _module_preset=&#8221;default&#8221; global_colors_info=&#8221;{}&#8221;][\/et_pb_button][et_pb_text _builder_version=&#8221;4.27.4&#8243; _module_preset=&#8221;default&#8221; global_colors_info=&#8221;{}&#8221;]<\/p>\n<p style=\"text-align: center;\">Sprawd\u017a, czy lepiej odnajdziesz si\u0119 w zadaniach technicznych, kreatywnych, analitycznych czy zespo\u0142owych.<\/p>\n<p>[\/et_pb_text][\/et_pb_column][et_pb_column type=&#8221;1_4&#8243; _builder_version=&#8221;4.27.4&#8243; _module_preset=&#8221;default&#8221; global_colors_info=&#8221;{}&#8221;][et_pb_button button_url=&#8221;https:\/\/bcu.opole.pl\/bcu1\/quiz-branzowy-dla-osob-z-branzy-motoryzacyjnej\/&#8221; button_text=&#8221;Quizy bran\u017cowe&#8221; button_alignment=&#8221;center&#8221; _builder_version=&#8221;4.27.4&#8243; _module_preset=&#8221;default&#8221; global_colors_info=&#8221;{}&#8221;][\/et_pb_button][et_pb_text _builder_version=&#8221;4.27.4&#8243; _module_preset=&#8221;default&#8221; global_colors_info=&#8221;{}&#8221;]<\/p>\n<p style=\"text-align: center;\">Szybki i przyst\u0119pny spos\u00f3b, by pozna\u0107 realia pracy w motoryzacji, nowe technologie i ciekawostki z tej dziedziny.<\/p>\n<p>[\/et_pb_text][\/et_pb_column][et_pb_column type=&#8221;1_4&#8243; _builder_version=&#8221;4.27.4&#8243; _module_preset=&#8221;default&#8221; global_colors_info=&#8221;{}&#8221;][et_pb_button button_url=&#8221;https:\/\/bcu.opole.pl\/bcu1\/test-samooceny-kompetencji\/&#8221; button_text=&#8221;Test samooceny kompetencji&#8221; button_alignment=&#8221;center&#8221; _builder_version=&#8221;4.27.4&#8243; _module_preset=&#8221;default&#8221; hover_enabled=&#8221;0&#8243; global_colors_info=&#8221;{}&#8221; sticky_enabled=&#8221;0&#8243;][\/et_pb_button][et_pb_text _builder_version=&#8221;4.27.4&#8243; _module_preset=&#8221;default&#8221; global_colors_info=&#8221;{}&#8221;]<\/p>\n<p style=\"text-align: center;\">Dowiedz si\u0119, kt\u00f3re umiej\u0119tno\u015bci ju\u017c posiadasz, a nad kt\u00f3rymi warto jeszcze popracowa\u0107.<\/p>\n<p>[\/et_pb_text][\/et_pb_column][\/et_pb_row][et_pb_row _builder_version=&#8221;4.27.4&#8243; _module_preset=&#8221;default&#8221; global_colors_info=&#8221;{}&#8221;][et_pb_column type=&#8221;4_4&#8243; _builder_version=&#8221;4.27.4&#8243; _module_preset=&#8221;default&#8221; global_colors_info=&#8221;{}&#8221;][et_pb_text _builder_version=&#8221;4.27.4&#8243; _module_preset=&#8221;default&#8221; global_colors_info=&#8221;{}&#8221;]<\/p>\n<p><strong>Dlaczego warto z nich skorzysta\u0107?<\/strong><\/p>\n<ul>\n<li>Poznasz siebie lepiej i zrozumiesz swoje predyspozycje.<\/li>\n<li>U\u0142atwi\u0105 Ci wyb\u00f3r odpowiedniego zawodu lub kierunku kszta\u0142cenia.<\/li>\n<li>Wspomog\u0105 planowanie dalszego rozwoju zawodowego.<\/li>\n<li>Dodadz\u0105 motywacji do podejmowania kolejnych dzia\u0142a\u0144.<\/li>\n<\/ul>\n<p><strong>Jak z nich korzysta\u0107?<\/strong><\/p>\n<ul>\n<li>Wykonaj testy i quizy online w dowolnym momencie (linki poni\u017cej).<\/li>\n<li>Wype\u0142nij je na miejscu w naszym centrum podczas konsultacji z doradc\u0105 zawodowym.<\/li>\n<li>Wykorzystaj wyniki jako punkt wyj\u015bcia do indywidualnej rozmowy doradczej.<\/li>\n<\/ul>\n<p>[\/et_pb_text][\/et_pb_column][\/et_pb_row][\/et_pb_section]<\/p>\n","protected":false},"excerpt":{"rendered":"<p>Zastanawiasz si\u0119, czy bran\u017ca motoryzacyjna jest odpowiednia dla Ciebie? Fascynuje Ci\u0119 pr\u0119dko\u015b\u0107, nowoczesny design, mechatronika i aplikacje? A mo\u017ce chcesz lepiej pozna\u0107 swoje mocne strony i zainteresowania zawodowe? Nasze testy i quizy pomog\u0105 Ci \u015bwiadomie zaplanowa\u0107 edukacj\u0119 i \u015bcie\u017ck\u0119 kariery.Pozwol\u0105 Ci okre\u015bli\u0107, kt\u00f3re bran\u017ce i rodzaje zada\u0144 najlepiej odpowiadaj\u0105 Twoim naturalnym predyspozycjom.Sprawd\u017a, czy lepiej odnajdziesz [&hellip;]<\/p>\n","protected":false},"author":3,"featured_media":0,"parent":0,"menu_order":0,"comment_status":"closed","ping_status":"closed","template":"","meta":{"_et_pb_use_builder":"on","_et_pb_old_content":"","_et_gb_content_width":"","footnotes":""},"class_list":["post-855","page","type-page","status-publish","hentry"],"aioseo_notices":[],"_links":{"self":[{"href":"https:\/\/bcu.opole.pl\/bcu1\/wp-json\/wp\/v2\/pages\/855","targetHints":{"allow":["GET"]}}],"collection":[{"href":"https:\/\/bcu.opole.pl\/bcu1\/wp-json\/wp\/v2\/pages"}],"about":[{"href":"https:\/\/bcu.opole.pl\/bcu1\/wp-json\/wp\/v2\/types\/page"}],"author":[{"embeddable":true,"href":"https:\/\/bcu.opole.pl\/bcu1\/wp-json\/wp\/v2\/users\/3"}],"replies":[{"embeddable":true,"href":"https:\/\/bcu.opole.pl\/bcu1\/wp-json\/wp\/v2\/comments?post=855"}],"version-history":[{"count":4,"href":"https:\/\/bcu.opole.pl\/bcu1\/wp-json\/wp\/v2\/pages\/855\/revisions"}],"predecessor-version":[{"id":865,"href":"https:\/\/bcu.opole.pl\/bcu1\/wp-json\/wp\/v2\/pages\/855\/revisions\/865"}],"wp:attachment":[{"href":"https:\/\/bcu.opole.pl\/bcu1\/wp-json\/wp\/v2\/media?parent=855"}],"curies":[{"name":"wp","href":"https:\/\/api.w.org\/{rel}","templated":true}]}}