{"id":250,"date":"2025-04-14T09:35:53","date_gmt":"2025-04-14T07:35:53","guid":{"rendered":"https:\/\/bcu.opole.pl\/bcu1\/?page_id=250"},"modified":"2025-09-10T08:27:48","modified_gmt":"2025-09-10T06:27:48","slug":"nauczyciele-zawodu","status":"publish","type":"page","link":"https:\/\/bcu.opole.pl\/bcu1\/nauczyciele-zawodu\/","title":{"rendered":"NAUCZYCIELE ZAWODU"},"content":{"rendered":"\n<figure class=\"wp-block-image size-large\"><img loading=\"lazy\" decoding=\"async\" width=\"1024\" height=\"576\" src=\"https:\/\/bcu.opole.pl\/bcu1\/wp-content\/uploads\/sites\/3\/2025\/09\/bcu-nauczyciele-1024x576.png\" alt=\"\" class=\"wp-image-873\" srcset=\"https:\/\/bcu.opole.pl\/bcu1\/wp-content\/uploads\/sites\/3\/2025\/09\/bcu-nauczyciele-1024x576.png 1024w, https:\/\/bcu.opole.pl\/bcu1\/wp-content\/uploads\/sites\/3\/2025\/09\/bcu-nauczyciele-980x551.png 980w, https:\/\/bcu.opole.pl\/bcu1\/wp-content\/uploads\/sites\/3\/2025\/09\/bcu-nauczyciele-480x270.png 480w\" sizes=\"(min-width: 0px) and (max-width: 480px) 480px, (min-width: 481px) and (max-width: 980px) 980px, (min-width: 981px) 1024px, 100vw\" \/><\/figure>\n\n\n\n<figure class=\"wp-block-image size-full\"><img loading=\"lazy\" decoding=\"async\" width=\"977\" height=\"77\" src=\"https:\/\/bcu.opole.pl\/bcu1\/wp-content\/uploads\/sites\/3\/2025\/08\/KPO_BCU.jpg\" alt=\"\" class=\"wp-image-615\" srcset=\"https:\/\/bcu.opole.pl\/bcu1\/wp-content\/uploads\/sites\/3\/2025\/08\/KPO_BCU.jpg 977w, https:\/\/bcu.opole.pl\/bcu1\/wp-content\/uploads\/sites\/3\/2025\/08\/KPO_BCU-480x38.jpg 480w\" sizes=\"(min-width: 0px) and (max-width: 480px) 480px, (min-width: 481px) 977px, 100vw\" \/><\/figure>\n\n\n\n<figure class=\"wp-block-table\"><table class=\"has-fixed-layout\"><tbody><tr><td><strong>Nazwa kursu: Bezpiecze\u0144stwo, a pojazdy elektryczne<\/strong><\/td><\/tr><tr><td><strong>Czas trwania:<\/strong> 15 h<\/td><\/tr><tr><td>Grupa docelowa: nauczyciele kszta\u0142cenia zawodowego<\/td><\/tr><tr><td><strong>Informacje o kursie:<\/strong> &nbsp; <br>Kurs na poziomie podstawowym, kt\u00f3ry swoim zakresem tematycznym obejmie minimum: &nbsp; <br>&#8211; Charakterystyka uk\u0142ad\u00f3w wysokiego napi\u0119cia &nbsp; <br>&#8211; Zagro\u017cenia zwi\u0105zane z u\u017cytkowaniem BEV &nbsp; <br>&#8211; Budowa i dzia\u0142anie baterii litowo-jonowych oraz zagro\u017cenia zwi\u0105zane z przegrzewaniem, zwarciami i uszkodzeniami mechanicznymi &nbsp; <br>&#8211; Standardy pracy przy uk\u0142adach wysokiego napi\u0119cia (HV) &nbsp; <br>&#8211; \u015arodki ochrony indywidualnej (PPE) &nbsp; <br>&#8211; Post\u0119powanie w razie wypadku drogowego i po\u017car\u00f3w &nbsp; &nbsp;<\/td><\/tr><tr><td><strong>Czego si\u0119 nauczysz:<\/strong> &nbsp; Zasad bezpiecze\u0144stwa w zakresie budowy i obs\u0142ugi pojazd\u00f3w elektrycznych (BEV).<\/td><\/tr><tr><td><strong>Tre\u015b\u0107 kursu:<\/strong> <br><br><strong>Modu\u0142 1: Wprowadzenie do bezpiecze\u0144stwa pojazd\u00f3w elektrycznych (3 godz.)<\/strong> &nbsp; <br>&#8211; <a>Kluczowe r\u00f3\u017cnice mi\u0119dzy BEV a pojazdami FCEV i spalinowymi pod wzgl\u0119dem bezpiecze\u0144stwa<\/a> <br>&#8211; Podstawowe zasady pracy z uk\u0142adami wysokiego napi\u0119cia <br>&#8211; Zagro\u017cenia w pojazdach elektrycznych &nbsp; <br><strong>Modu\u0142 2: Bezpiecze\u0144stwo baterii trakcyjnych i ogniwa paliwowego (3 godz.)<\/strong> &nbsp; <br>&#8211; <a>Budowa i dzia\u0142anie baterii litowo-jonowych, LFP oraz ogniwa paliwowego<\/a> <br>&#8211; Ryzyka i ich identyfikacja <strong>&nbsp;<\/strong> <br><strong>Modu\u0142 3:<\/strong> <strong>Bezpieczna eksploatacja pojazd\u00f3w elektrycznych (5 godz.)<\/strong> &nbsp; <br>&#8211; <a>\u015arodki ochrony osobistej<\/a> <br>&#8211; Standardy oznacze\u0144 i identyfikacji uk\u0142ad\u00f3w wysokiego napi\u0119cia <br>&#8211; Procedury roz\u0142\u0105czania i od\u0142\u0105czania akumulatora<br>&#8211; Pomiary elektryczne w uk\u0142adach HV &nbsp; <br><strong>Modu\u0142 4: Post\u0119powanie w sytuacjach awaryjnych (3 godz.)<\/strong> &nbsp; <br>&#8211; <a>Po\u017cary pojazd\u00f3w elektrycznych &#8211; wprowadzenie<\/a> <br>&#8211; Metody gaszenia po\u017car\u00f3w pojazd\u00f3w elektrycznych <br>&#8211; Procedury ratownicze po wypadku drogowym <br>&#8211; Przysz\u0142o\u015b\u0107 pojazd\u00f3w elektrycznych &nbsp; <br><strong>Modu\u0142 5 Regulacje dotycz\u0105ce bezpiecze\u0144stwa BEV (1 godz.)<\/strong> <strong>&nbsp;<\/strong> <br>&#8211; <a>Przepisy UE i mi\u0119dzynarodowe regulacje bezpiecze\u0144stwa<\/a> <br>&#8211; Standardy dotycz\u0105ce recyklingu i utylizacji baterii <br>&#8211; Umiej\u0119tno\u015bci cyfrowe Umiej\u0119tno\u015bci zwi\u0105zane z transformacj\u0105 ekologiczn\u0105 (tzw. zielone umiej\u0119tno\u015bci) <\/td><\/tr><\/tbody><\/table><\/figure>\n\n\n\n<figure class=\"wp-block-image size-full\"><img loading=\"lazy\" decoding=\"async\" width=\"977\" height=\"77\" src=\"https:\/\/bcu.opole.pl\/bcu1\/wp-content\/uploads\/sites\/3\/2025\/08\/KPO_BCU.jpg\" alt=\"\" class=\"wp-image-615\" srcset=\"https:\/\/bcu.opole.pl\/bcu1\/wp-content\/uploads\/sites\/3\/2025\/08\/KPO_BCU.jpg 977w, https:\/\/bcu.opole.pl\/bcu1\/wp-content\/uploads\/sites\/3\/2025\/08\/KPO_BCU-480x38.jpg 480w\" sizes=\"(min-width: 0px) and (max-width: 480px) 480px, (min-width: 481px) 977px, 100vw\" \/><\/figure>\n\n\n\n<figure class=\"wp-block-table\"><table class=\"has-fixed-layout\"><tbody><tr><td><strong>Nazwa kursu: Budowa pojazd\u00f3w elektrycznych (BEV) i wodorowych (FCEV)<\/strong><\/td><\/tr><tr><td><strong>Czas trwania:<\/strong> 15 h<\/td><\/tr><tr><td><strong>Grupa docelowa:<\/strong> nauczyciele kszta\u0142cenia zawodowego<\/td><\/tr><tr><td><strong>Informacje o kursie:<\/strong> &nbsp; <br>Kurs na poziomie podstawowym, kt\u00f3ry swoim zakresem tematycznym obejmie minimum: &nbsp; <br>&#8211; poznanie og\u00f3lnej budowy pojazd\u00f3w elektrycznych (BEV) i wodorowych FCEV &nbsp; <br>&#8211; poznanie budowy kluczowych komponent\u00f3w elektrycznych (bateria, silnik, uk\u0142ad wysokonapi\u0119ciowy) i wodorowych (ogniwa paliwowe, zbiorniki wodoru, silniki elektryczne, systemy zarz\u0105dzania energi\u0105) &nbsp; <br>&#8211; Zagadnienia zwi\u0105zane z bezpiecze\u0144stwem pojazd\u00f3w BEV i FCEV i sposoby ich minimalizacji; &nbsp; &nbsp;<\/td><\/tr><tr><td><strong>Czego si\u0119 nauczysz: <\/strong>&nbsp; Budowy pojazd\u00f3w elektrycznych i wodorowych<\/td><\/tr><tr><td><strong>Tre\u015b\u0107 kursu:<\/strong> <br><br><strong>Modu\u0142 1: Wprowadzenie (1 godz.)<\/strong> &nbsp; <br>&#8211; Por\u00f3wnanie technologii BEV, FCEV i pojazd\u00f3w spalinowych; <br>&#8211; Zalety i ograniczenia BEV i FCEV; &nbsp; <br><strong>Modu\u0142 2: Budowa i dzia\u0142anie pojazd\u00f3w BEV i FCEV (9 godz.)<\/strong> &nbsp; <br>&#8211; Uk\u0142ad nap\u0119dowy i jego komponenty (silnik, falownik, uk\u0142ad wysokonapi\u0119ciowy, przek\u0142adnia, bateria trakcyjna); <br>&#8211; Podstawowe zasady dzia\u0142ania ogniw paliwowych; <br>&#8211; Przep\u0142yw energii i zarz\u0105dzanie moc\u0105; <br>&#8211; Technologie rekuperacji energii; <br>&#8211; G\u0142\u00f3wne komponenty systemu (ogniwa paliwowe, zbiorniki wodoru, silniki elektryczne, systemy zarz\u0105dzania energi\u0105); <strong>&nbsp;<\/strong> <strong>Modu\u0142 3: Uk\u0142ad wodorowy (2 godz.)<\/strong> &nbsp;<br>&#8211; Proces wytwarzania energii w ogniwie paliwowym; <br>&#8211; Zagadnienia eksploatacyjne i infrastruktura tankowania wodoru; <br>&#8211; Ryzyka zwi\u0105zane z bateriami i wodorem i sposoby ich minimalizacji; &nbsp; <br><strong>Modu\u0142 4: Bezpiecze\u0144stwo i regulacje (2 godz.)<\/strong> &nbsp; <br>&#8211; Normy bezpiecze\u0144stwa dla pojazd\u00f3w BEV, FCEV; <br>&#8211; Pomiary elektryczne w uk\u0142adach HV <br>&#8211; Regulacje prawne dotycz\u0105ce BEV, FCEV; &nbsp; <br><strong>Modu\u0142 5: Otoczenie rynkowe elektromobilno\u015bci (1 godz.)<\/strong> <br>&#8211; Wyzwania i ograniczenia technologiczne; <br>&#8211; Przyk\u0142ady wdro\u017ce\u0144 na \u015bwiecie; <br>&#8211; Gospodarka bateryjna i wodorowa \u2013 wst\u0119p; <br>&#8211; Umiej\u0119tno\u015bci cyfrowe; <br>&#8211; umiej\u0119tno\u015bci zwi\u0105zane z transformacj\u0105 ekologiczn\u0105 (tzw. zielone umiej\u0119tno\u015bci). &nbsp; <\/td><\/tr><\/tbody><\/table><\/figure>\n\n\n\n<figure class=\"wp-block-image size-full\"><img loading=\"lazy\" decoding=\"async\" width=\"977\" height=\"77\" src=\"https:\/\/bcu.opole.pl\/bcu1\/wp-content\/uploads\/sites\/3\/2025\/08\/KPO_BCU.jpg\" alt=\"\" class=\"wp-image-615\" srcset=\"https:\/\/bcu.opole.pl\/bcu1\/wp-content\/uploads\/sites\/3\/2025\/08\/KPO_BCU.jpg 977w, https:\/\/bcu.opole.pl\/bcu1\/wp-content\/uploads\/sites\/3\/2025\/08\/KPO_BCU-480x38.jpg 480w\" sizes=\"(min-width: 0px) and (max-width: 480px) 480px, (min-width: 481px) 977px, 100vw\" \/><\/figure>\n\n\n\n<figure class=\"wp-block-table\"><table class=\"has-fixed-layout\"><tbody><tr><td><strong>Nazwa kursu:<\/strong> Budowa pojazd\u00f3w hybrydowych (HEV, PHEV, MHEV, EREV)<\/td><\/tr><tr><td><strong>Czas trwania:<\/strong> 15 h<\/td><\/tr><tr><td><strong>Grupa docelowa:<\/strong> nauczyciele kszta\u0142cenia zawodowego<\/td><\/tr><tr><td><strong>Informacje o kursie: &nbsp; <\/strong><br>Kurs na poziomie podstawowym, kt\u00f3ry swoim zakresem tematycznym obejmie minimum: &nbsp; <br>&#8211; poznanie og\u00f3lnej budowy pojazd\u00f3w hybrydowych (HEV, PHEV, MHEV, EREV) &nbsp; <br>&#8211; poznanie budowy kluczowych komponent\u00f3w uk\u0142adu hybrydowego (komponenty uk\u0142adu spalinowego i elektrycznego    bateria, silnik, uk\u0142ad wysokonapi\u0119ciowy), systemy zarz\u0105dzania energi\u0105 &nbsp; <br>&#8211; Zagadnienia zwi\u0105zane z bezpiecze\u0144stwem pojazd\u00f3w HEV, PHEV, MHEV, EREV i sposoby ich minimalizacji; &nbsp; &nbsp;<\/td><\/tr><tr><td><strong>Czego si\u0119 nauczysz<\/strong>: &nbsp; Budowy pojazd\u00f3w hybrydowych (HEV, PHEV, MHEV, EREV)<\/td><\/tr><tr><td><strong>Tre\u015b\u0107 kursu:<\/strong> <br><br><strong>Modu\u0142 1: Wprowadzenie (2 godz.)<\/strong> &nbsp; <br>&#8211; Por\u00f3wnanie technologii nap\u0119dowych (HEV, PHEV, MHEV, EREV); &nbsp; <br><strong>Modu\u0142 2: Budowa pojazd\u00f3w hybrydowych (HEV, PHEV, MHEV, EREV (10 godz.)<\/strong> &nbsp; <br>&#8211; Budowa pojazd\u00f3w hybrydowych i kluczowe komponenty (HEV, PHEV, MHEV, EREV); <br>&#8211; Zasady funkcjonowania uk\u0142ad nap\u0119dowych (HEV, PHEV, MHEV, EREV); <br>&#8211; Przep\u0142yw energii i zarz\u0105dzanie moc\u0105; <br>-Technologie rekuperacji energii; <br>&#8211; Rodzaje i charakterystyka akumulator\u00f3w trakcyjnych; <br>&#8211; Systemy zarz\u0105dzania bateri\u0105 (BMS); <br>&#8211; Metody i standardy \u0142adowania (AC, DC, V2G); <br>&#8211; Normy dotycz\u0105ce baterii i uk\u0142ad\u00f3w wysokiego napi\u0119cia; <strong>&nbsp;<\/strong> <strong>&nbsp;<\/strong> &nbsp; <br><strong>Modu\u0142 3: Bezpiecze\u0144stwo i regulacje (3 godz.)<\/strong> &nbsp; <br>&#8211; Zagro\u017cenia i procedury bezpiecze\u0144stwa; <br>&#8211; Pomiary elektryczne w uk\u0142adach HV; <br>&#8211; Regulacje prawne dotycz\u0105ce norm emisji CO2; <br>&#8211; Przysz\u0142o\u015b\u0107 pojazd\u00f3w hybrydowych; <br>&#8211; Umiej\u0119tno\u015bci cyfrowe; <br>&#8211; umiej\u0119tno\u015bci zwi\u0105zane z transformacj\u0105 ekologiczn\u0105 (tzw. zielone umiej\u0119tno\u015bci). &nbsp; &nbsp;<\/td><\/tr><\/tbody><\/table><\/figure>\n","protected":false},"excerpt":{"rendered":"<p>Nazwa kursu: Bezpiecze\u0144stwo, a pojazdy elektryczne Czas trwania: 15 h Grupa docelowa: nauczyciele kszta\u0142cenia zawodowego Informacje o kursie: &nbsp; Kurs na poziomie podstawowym, kt\u00f3ry swoim zakresem tematycznym obejmie minimum: &nbsp; &#8211; Charakterystyka uk\u0142ad\u00f3w wysokiego napi\u0119cia &nbsp; &#8211; Zagro\u017cenia zwi\u0105zane z u\u017cytkowaniem BEV &nbsp; &#8211; Budowa i dzia\u0142anie baterii litowo-jonowych oraz zagro\u017cenia zwi\u0105zane z przegrzewaniem, zwarciami [&hellip;]<\/p>\n","protected":false},"author":3,"featured_media":0,"parent":0,"menu_order":0,"comment_status":"closed","ping_status":"closed","template":"","meta":{"_et_pb_use_builder":"off","_et_pb_old_content":"<!-- wp:image {\"id\":728,\"sizeSlug\":\"large\",\"linkDestination\":\"none\"} -->\n<figure class=\"wp-block-image size-large\"><img src=\"https:\/\/bcu.opole.pl\/bcu1\/wp-content\/uploads\/sites\/3\/2025\/08\/str-1-nauczyciele-kurs-1024x576.png\" alt=\"\" class=\"wp-image-728\" \/><\/figure>\n<!-- \/wp:image -->\n\n<!-- wp:image {\"id\":615,\"sizeSlug\":\"full\",\"linkDestination\":\"none\"} -->\n<figure class=\"wp-block-image size-full\"><img src=\"https:\/\/bcu.opole.pl\/bcu1\/wp-content\/uploads\/sites\/3\/2025\/08\/KPO_BCU.jpg\" alt=\"\" class=\"wp-image-615\" \/><\/figure>\n<!-- \/wp:image -->\n\n<!-- wp:table -->\n<figure class=\"wp-block-table\"><table class=\"has-fixed-layout\"><tbody><tr><td><strong>Nazwa kursu: Bezpiecze\u0144stwo, a pojazdy elektryczne<\/strong><\/td><\/tr><tr><td><strong>Czas trwania:<\/strong> 15 h<\/td><\/tr><tr><td>Grupa docelowa: nauczyciele kszta\u0142cenia zawodowego<\/td><\/tr><tr><td><strong>Informacje o kursie:<\/strong> \u00a0 <br>Kurs na poziomie podstawowym, kt\u00f3ry swoim zakresem tematycznym obejmie minimum: \u00a0 <br>- Charakterystyka uk\u0142ad\u00f3w wysokiego napi\u0119cia \u00a0 <br>- Zagro\u017cenia zwi\u0105zane z u\u017cytkowaniem BEV \u00a0 <br>- Budowa i dzia\u0142anie baterii litowo-jonowych oraz zagro\u017cenia zwi\u0105zane z przegrzewaniem, zwarciami i uszkodzeniami mechanicznymi \u00a0 <br>- Standardy pracy przy uk\u0142adach wysokiego napi\u0119cia (HV) \u00a0 <br>- \u015arodki ochrony indywidualnej (PPE) \u00a0 <br>- Post\u0119powanie w razie wypadku drogowego i po\u017car\u00f3w \u00a0 \u00a0<\/td><\/tr><tr><td><strong>Czego si\u0119 nauczysz:<\/strong> \u00a0 Zasad bezpiecze\u0144stwa w zakresie budowy i obs\u0142ugi pojazd\u00f3w elektrycznych (BEV).<\/td><\/tr><tr><td><strong>Tre\u015b\u0107 kursu:<\/strong> <br><br><strong>Modu\u0142 1: Wprowadzenie do bezpiecze\u0144stwa pojazd\u00f3w elektrycznych (3 godz.)<\/strong> \u00a0 <br>- <a>Kluczowe r\u00f3\u017cnice mi\u0119dzy BEV a pojazdami FCEV i spalinowymi pod wzgl\u0119dem bezpiecze\u0144stwa<\/a> <br>- Podstawowe zasady pracy z uk\u0142adami wysokiego napi\u0119cia <br>- Zagro\u017cenia w pojazdach elektrycznych \u00a0 <br><strong>Modu\u0142 2: Bezpiecze\u0144stwo baterii trakcyjnych i ogniwa paliwowego (3 godz.)<\/strong> \u00a0 <br>- <a>Budowa i dzia\u0142anie baterii litowo-jonowych, LFP oraz ogniwa paliwowego<\/a> <br>- Ryzyka i ich identyfikacja <strong>\u00a0<\/strong> <br><strong>Modu\u0142 3:<\/strong> <strong>Bezpieczna eksploatacja pojazd\u00f3w elektrycznych (5 godz.)<\/strong> \u00a0 <br>- <a>\u015arodki ochrony osobistej<\/a> <br>- Standardy oznacze\u0144 i identyfikacji uk\u0142ad\u00f3w wysokiego napi\u0119cia <br>- Procedury roz\u0142\u0105czania i od\u0142\u0105czania akumulatora<br>- Pomiary elektryczne w uk\u0142adach HV \u00a0 <br><strong>Modu\u0142 4: Post\u0119powanie w sytuacjach awaryjnych (3 godz.)<\/strong> \u00a0 <br>- <a>Po\u017cary pojazd\u00f3w elektrycznych - wprowadzenie<\/a> <br>- Metody gaszenia po\u017car\u00f3w pojazd\u00f3w elektrycznych <br>- Procedury ratownicze po wypadku drogowym <br>- Przysz\u0142o\u015b\u0107 pojazd\u00f3w elektrycznych \u00a0 <br><strong>Modu\u0142 5 Regulacje dotycz\u0105ce bezpiecze\u0144stwa BEV (1 godz.)<\/strong> <strong>\u00a0<\/strong> <br>- <a>Przepisy UE i mi\u0119dzynarodowe regulacje bezpiecze\u0144stwa<\/a> <br>- Standardy dotycz\u0105ce recyklingu i utylizacji baterii <br>- Umiej\u0119tno\u015bci cyfrowe Umiej\u0119tno\u015bci zwi\u0105zane z transformacj\u0105 ekologiczn\u0105 (tzw. zielone umiej\u0119tno\u015bci) <\/td><\/tr><\/tbody><\/table><\/figure>\n<!-- \/wp:table -->\n\n<!-- wp:image {\"id\":615,\"sizeSlug\":\"full\",\"linkDestination\":\"none\"} -->\n<figure class=\"wp-block-image size-full\"><img src=\"https:\/\/bcu.opole.pl\/bcu1\/wp-content\/uploads\/sites\/3\/2025\/08\/KPO_BCU.jpg\" alt=\"\" class=\"wp-image-615\" \/><\/figure>\n<!-- \/wp:image -->\n\n<!-- wp:table -->\n<figure class=\"wp-block-table\"><table class=\"has-fixed-layout\"><tbody><tr><td><strong>Nazwa kursu: Budowa pojazd\u00f3w elektrycznych (BEV) i wodorowych (FCEV)<\/strong><\/td><\/tr><tr><td><strong>Czas trwania:<\/strong> 15 h<\/td><\/tr><tr><td><strong>Grupa docelowa:<\/strong> nauczyciele kszta\u0142cenia zawodowego<\/td><\/tr><tr><td><strong>Informacje o kursie:<\/strong> \u00a0 <br>Kurs na poziomie podstawowym, kt\u00f3ry swoim zakresem tematycznym obejmie minimum: \u00a0 <br>- poznanie og\u00f3lnej budowy pojazd\u00f3w elektrycznych (BEV) i wodorowych FCEV \u00a0 <br>- poznanie budowy kluczowych komponent\u00f3w elektrycznych (bateria, silnik, uk\u0142ad wysokonapi\u0119ciowy) i wodorowych (ogniwa paliwowe, zbiorniki wodoru, silniki elektryczne, systemy zarz\u0105dzania energi\u0105) \u00a0 <br>- Zagadnienia zwi\u0105zane z bezpiecze\u0144stwem pojazd\u00f3w BEV i FCEV i sposoby ich minimalizacji; \u00a0 \u00a0<\/td><\/tr><tr><td><strong>Czego si\u0119 nauczysz: <\/strong>\u00a0 Budowy pojazd\u00f3w elektrycznych i wodorowych<\/td><\/tr><tr><td><strong>Tre\u015b\u0107 kursu:<\/strong> <br><br><strong>Modu\u0142 1: Wprowadzenie (1 godz.)<\/strong> \u00a0 <br>- Por\u00f3wnanie technologii BEV, FCEV i pojazd\u00f3w spalinowych; <br>- Zalety i ograniczenia BEV i FCEV; \u00a0 <br><strong>Modu\u0142 2: Budowa i dzia\u0142anie pojazd\u00f3w BEV i FCEV (9 godz.)<\/strong> \u00a0 <br>- Uk\u0142ad nap\u0119dowy i jego komponenty (silnik, falownik, uk\u0142ad wysokonapi\u0119ciowy, przek\u0142adnia, bateria trakcyjna); <br>- Podstawowe zasady dzia\u0142ania ogniw paliwowych; <br>- Przep\u0142yw energii i zarz\u0105dzanie moc\u0105; <br>- Technologie rekuperacji energii; <br>- G\u0142\u00f3wne komponenty systemu (ogniwa paliwowe, zbiorniki wodoru, silniki elektryczne, systemy zarz\u0105dzania energi\u0105); <strong>\u00a0<\/strong> <strong>Modu\u0142 3: Uk\u0142ad wodorowy (2 godz.)<\/strong> \u00a0<br>- Proces wytwarzania energii w ogniwie paliwowym; <br>- Zagadnienia eksploatacyjne i infrastruktura tankowania wodoru; <br>- Ryzyka zwi\u0105zane z bateriami i wodorem i sposoby ich minimalizacji; \u00a0 <br><strong>Modu\u0142 4: Bezpiecze\u0144stwo i regulacje (2 godz.)<\/strong> \u00a0 <br>- Normy bezpiecze\u0144stwa dla pojazd\u00f3w BEV, FCEV; <br>- Pomiary elektryczne w uk\u0142adach HV <br>- Regulacje prawne dotycz\u0105ce BEV, FCEV; \u00a0 <br><strong>Modu\u0142 5: Otoczenie rynkowe elektromobilno\u015bci (1 godz.)<\/strong> <br>- Wyzwania i ograniczenia technologiczne; <br>- Przyk\u0142ady wdro\u017ce\u0144 na \u015bwiecie; <br>- Gospodarka bateryjna i wodorowa \u2013 wst\u0119p; <br>- Umiej\u0119tno\u015bci cyfrowe; <br>- umiej\u0119tno\u015bci zwi\u0105zane z transformacj\u0105 ekologiczn\u0105 (tzw. zielone umiej\u0119tno\u015bci). \u00a0 <\/td><\/tr><\/tbody><\/table><\/figure>\n<!-- \/wp:table -->\n\n<!-- wp:image {\"id\":615,\"sizeSlug\":\"full\",\"linkDestination\":\"none\"} -->\n<figure class=\"wp-block-image size-full\"><img src=\"https:\/\/bcu.opole.pl\/bcu1\/wp-content\/uploads\/sites\/3\/2025\/08\/KPO_BCU.jpg\" alt=\"\" class=\"wp-image-615\" \/><\/figure>\n<!-- \/wp:image -->\n\n<!-- wp:table -->\n<figure class=\"wp-block-table\"><table class=\"has-fixed-layout\"><tbody><tr><td><strong>Nazwa kursu:<\/strong> Budowa pojazd\u00f3w hybrydowych (HEV, PHEV, MHEV, EREV)<\/td><\/tr><tr><td><strong>Czas trwania:<\/strong> 15 h<\/td><\/tr><tr><td><strong>Grupa docelowa:<\/strong> nauczyciele kszta\u0142cenia zawodowego<\/td><\/tr><tr><td><strong>Informacje o kursie: \u00a0 <\/strong><br>Kurs na poziomie podstawowym, kt\u00f3ry swoim zakresem tematycznym obejmie minimum: \u00a0 <br>- poznanie og\u00f3lnej budowy pojazd\u00f3w hybrydowych (HEV, PHEV, MHEV, EREV) \u00a0 <br>- poznanie budowy kluczowych komponent\u00f3w uk\u0142adu hybrydowego (komponenty uk\u0142adu spalinowego i elektrycznego    bateria, silnik, uk\u0142ad wysokonapi\u0119ciowy), systemy zarz\u0105dzania energi\u0105 \u00a0 <br>- Zagadnienia zwi\u0105zane z bezpiecze\u0144stwem pojazd\u00f3w HEV, PHEV, MHEV, EREV i sposoby ich minimalizacji; \u00a0 \u00a0<\/td><\/tr><tr><td><strong>Czego si\u0119 nauczysz<\/strong>: \u00a0 Budowy pojazd\u00f3w hybrydowych (HEV, PHEV, MHEV, EREV)<\/td><\/tr><tr><td><strong>Tre\u015b\u0107 kursu:<\/strong> <br><br><strong>Modu\u0142 1: Wprowadzenie (2 godz.)<\/strong> \u00a0 <br>- Por\u00f3wnanie technologii nap\u0119dowych (HEV, PHEV, MHEV, EREV); \u00a0 <br><strong>Modu\u0142 2: Budowa pojazd\u00f3w hybrydowych (HEV, PHEV, MHEV, EREV (10 godz.)<\/strong> \u00a0 <br>- Budowa pojazd\u00f3w hybrydowych i kluczowe komponenty (HEV, PHEV, MHEV, EREV); <br>- Zasady funkcjonowania uk\u0142ad nap\u0119dowych (HEV, PHEV, MHEV, EREV); <br>- Przep\u0142yw energii i zarz\u0105dzanie moc\u0105; <br>-Technologie rekuperacji energii; <br>- Rodzaje i charakterystyka akumulator\u00f3w trakcyjnych; <br>- Systemy zarz\u0105dzania bateri\u0105 (BMS); <br>- Metody i standardy \u0142adowania (AC, DC, V2G); <br>- Normy dotycz\u0105ce baterii i uk\u0142ad\u00f3w wysokiego napi\u0119cia; <strong>\u00a0<\/strong> <strong>\u00a0<\/strong> \u00a0 <br><strong>Modu\u0142 3: Bezpiecze\u0144stwo i regulacje (3 godz.)<\/strong> \u00a0 <br>- Zagro\u017cenia i procedury bezpiecze\u0144stwa; <br>- Pomiary elektryczne w uk\u0142adach HV; <br>- Regulacje prawne dotycz\u0105ce norm emisji CO2; <br>- Przysz\u0142o\u015b\u0107 pojazd\u00f3w hybrydowych; <br>- Umiej\u0119tno\u015bci cyfrowe; <br>- umiej\u0119tno\u015bci zwi\u0105zane z transformacj\u0105 ekologiczn\u0105 (tzw. zielone umiej\u0119tno\u015bci). \u00a0 \u00a0<\/td><\/tr><\/tbody><\/table><\/figure>\n<!-- \/wp:table -->","_et_gb_content_width":"","footnotes":""},"class_list":["post-250","page","type-page","status-publish","hentry"],"aioseo_notices":[],"_links":{"self":[{"href":"https:\/\/bcu.opole.pl\/bcu1\/wp-json\/wp\/v2\/pages\/250","targetHints":{"allow":["GET"]}}],"collection":[{"href":"https:\/\/bcu.opole.pl\/bcu1\/wp-json\/wp\/v2\/pages"}],"about":[{"href":"https:\/\/bcu.opole.pl\/bcu1\/wp-json\/wp\/v2\/types\/page"}],"author":[{"embeddable":true,"href":"https:\/\/bcu.opole.pl\/bcu1\/wp-json\/wp\/v2\/users\/3"}],"replies":[{"embeddable":true,"href":"https:\/\/bcu.opole.pl\/bcu1\/wp-json\/wp\/v2\/comments?post=250"}],"version-history":[{"count":7,"href":"https:\/\/bcu.opole.pl\/bcu1\/wp-json\/wp\/v2\/pages\/250\/revisions"}],"predecessor-version":[{"id":874,"href":"https:\/\/bcu.opole.pl\/bcu1\/wp-json\/wp\/v2\/pages\/250\/revisions\/874"}],"wp:attachment":[{"href":"https:\/\/bcu.opole.pl\/bcu1\/wp-json\/wp\/v2\/media?parent=250"}],"curies":[{"name":"wp","href":"https:\/\/api.w.org\/{rel}","templated":true}]}}