{"id":248,"date":"2025-04-14T09:35:34","date_gmt":"2025-04-14T07:35:34","guid":{"rendered":"https:\/\/bcu.opole.pl\/bcu1\/?page_id=248"},"modified":"2026-02-18T11:29:19","modified_gmt":"2026-02-18T10:29:19","slug":"osoby-dorosle","status":"publish","type":"page","link":"https:\/\/bcu.opole.pl\/bcu1\/osoby-dorosle\/","title":{"rendered":"OSOBY DOROS\u0141E"},"content":{"rendered":"\n<figure class=\"wp-block-image size-large\"><img loading=\"lazy\" decoding=\"async\" width=\"1024\" height=\"576\" src=\"https:\/\/bcu.opole.pl\/bcu1\/wp-content\/uploads\/sites\/3\/2025\/09\/do-podmiany-dorosli-bcu-1024x576.png\" alt=\"\" class=\"wp-image-867\" srcset=\"https:\/\/bcu.opole.pl\/bcu1\/wp-content\/uploads\/sites\/3\/2025\/09\/do-podmiany-dorosli-bcu-1024x576.png 1024w, https:\/\/bcu.opole.pl\/bcu1\/wp-content\/uploads\/sites\/3\/2025\/09\/do-podmiany-dorosli-bcu-980x551.png 980w, https:\/\/bcu.opole.pl\/bcu1\/wp-content\/uploads\/sites\/3\/2025\/09\/do-podmiany-dorosli-bcu-480x270.png 480w\" sizes=\"(min-width: 0px) and (max-width: 480px) 480px, (min-width: 481px) and (max-width: 980px) 980px, (min-width: 981px) 1024px, 100vw\" \/><\/figure>\n\n\n\n<figure class=\"wp-block-image size-full\"><img loading=\"lazy\" decoding=\"async\" width=\"977\" height=\"77\" src=\"https:\/\/bcu.opole.pl\/bcu1\/wp-content\/uploads\/sites\/3\/2025\/08\/KPO_BCU.jpg\" alt=\"\" class=\"wp-image-615\" srcset=\"https:\/\/bcu.opole.pl\/bcu1\/wp-content\/uploads\/sites\/3\/2025\/08\/KPO_BCU.jpg 977w, https:\/\/bcu.opole.pl\/bcu1\/wp-content\/uploads\/sites\/3\/2025\/08\/KPO_BCU-480x38.jpg 480w\" sizes=\"(min-width: 0px) and (max-width: 480px) 480px, (min-width: 481px) 977px, 100vw\" \/><\/figure>\n\n\n\n<figure class=\"wp-block-table\"><table class=\"has-fixed-layout\"><tbody><tr><td><strong>Nazwa kursu:&nbsp;Bezpieczna praca z autami elektrycznymi<\/strong><\/td><\/tr><tr><td><strong>Czas trwania:<\/strong>&nbsp;30 h<\/td><\/tr><tr><td><strong>Grupa docelowa:&nbsp;<\/strong>osoby doros\u0142e<\/td><\/tr><tr><td><strong>Informacje o kursie:<\/strong>&nbsp;&nbsp;<br>Kurs na poziomie podstawowym, kt\u00f3ry swoim zakresem tematycznym obejmie minimum:<br>\u2013 Charakterystyka uk\u0142ad\u00f3w wysokiego napi\u0119cia &nbsp;<br>\u2013 Zagro\u017cenia zwi\u0105zane z u\u017cytkowaniem BEV &nbsp;<br>\u2013 Budowa i dzia\u0142anie baterii litowo-jonowych oraz zagro\u017cenia zwi\u0105zane z przegrzewaniem, zwarciami i uszkodzeniami mechanicznymi &nbsp;<br>\u2013 Standardy pracy przy uk\u0142adach wysokiego napi\u0119cia (HV) &nbsp;<br>\u2013 \u015arodki ochrony indywidualnej (PPE) &nbsp;<br>\u2013 Post\u0119powanie w razie wypadku drogowego i po\u017car\u00f3w &nbsp; &nbsp;<\/td><\/tr><tr><td><strong>Czego si\u0119 nauczysz: &nbsp;<\/strong>&nbsp;Zasad bezpiecze\u0144stwa w zakresie budowy i obs\u0142ugi pojazd\u00f3w elektrycznych (BEV).<\/td><\/tr><tr><td><strong>Tre\u015b\u0107 kursu:<\/strong><br>1. Wprowadzenie do kursu, zasady organizacyjne i BHP<br>2. Miejsca niebezpieczne w konstrukcji pojazdu z nap\u0119dem elektrycznym<br>3. Przygotowanie samochodu do obs\u0142ugi. \u015arodki ochrony osobistej.<br>4. Budowa uk\u0142ad\u00f3w HV. Komponenty. Akumulator i jego typy.<br>5. Techniki pomiarowe. Pomiary napi\u0119cia w instalacji HV.<br>6. Zasady post\u0119powania i procedury ratownicze w pojazdach elektrycznych.\u00a0<\/td><\/tr><\/tbody><\/table><\/figure>\n\n\n\n<figure class=\"wp-block-image size-full\"><img loading=\"lazy\" decoding=\"async\" width=\"977\" height=\"77\" src=\"https:\/\/bcu.opole.pl\/bcu1\/wp-content\/uploads\/sites\/3\/2025\/08\/KPO_BCU.jpg\" alt=\"\" class=\"wp-image-615\" srcset=\"https:\/\/bcu.opole.pl\/bcu1\/wp-content\/uploads\/sites\/3\/2025\/08\/KPO_BCU.jpg 977w, https:\/\/bcu.opole.pl\/bcu1\/wp-content\/uploads\/sites\/3\/2025\/08\/KPO_BCU-480x38.jpg 480w\" sizes=\"(min-width: 0px) and (max-width: 480px) 480px, (min-width: 481px) 977px, 100vw\" \/><\/figure>\n\n\n\n<figure class=\"wp-block-table\"><table class=\"has-fixed-layout\"><tbody><tr><td><strong>Nazwa kursu: Nowoczesne hybrydy w praktyce (HEV, PHEV, MHEV, EREV)<\/strong><\/td><\/tr><tr><td><strong>Czas trwania:&nbsp;<\/strong>30 h<\/td><\/tr><tr><td><strong>Grupa docelowa:&nbsp;<\/strong>osoby doros\u0142e<\/td><\/tr><tr><td><strong>Informacje o kursie: &nbsp;<\/strong>&nbsp;Kurs na poziomie podstawowym, kt\u00f3ry swoim zakresem tematycznym obejmie minimum: &nbsp;<br>\u2013 poznanie og\u00f3lnej budowy pojazd\u00f3w hybrydowych (HEV, PHEV, MHEV, EREV) &nbsp;<br>\u2013 poznanie budowy kluczowych komponent\u00f3w uk\u0142adu hybrydowego (komponenty uk\u0142adu spalinowego i elektrycznego bateria, silnik, uk\u0142ad wysokonapi\u0119ciowy), systemy zarz\u0105dzania energi\u0105 &nbsp;<br>\u2013 Zagadnienia zwi\u0105zane z bezpiecze\u0144stwem pojazd\u00f3w HEV, PHEV, MHEV, EREV i sposoby ich minimalizacji; &nbsp; &nbsp;<\/td><\/tr><tr><td><strong>Czego si\u0119 nauczysz:<\/strong>&nbsp;&nbsp; Budowy pojazd\u00f3w hybrydowych (HEV, PHEV, MHEV, EREV)<\/td><\/tr><tr><td><strong>Tre\u015b\u0107 kursu:<\/strong><br>1. Wprowadzenie do kursu, zasady organizacyjne i BHP.\u00a0 Otoczenie rynkowe elektromobilno\u015bci<br>2. Budowa uk\u0142ad\u00f3w hybrydowych.<br>3. Przygotowanie samochodu do obs\u0142ugi.<br>4. Obs\u0142uga pojazd\u00f3w hybrydowych.<br>5. Pomiary w pojazdach hybrydowych.<br>6. Zasady post\u0119powania i procedury ratownicze w pojazdach hybrydowych.\u00a0<\/td><\/tr><tr><td><\/td><\/tr><\/tbody><\/table><\/figure>\n\n\n\n<figure class=\"wp-block-image size-full\"><img loading=\"lazy\" decoding=\"async\" width=\"977\" height=\"77\" src=\"https:\/\/bcu.opole.pl\/bcu1\/wp-content\/uploads\/sites\/3\/2025\/08\/KPO_BCU.jpg\" alt=\"\" class=\"wp-image-615\" srcset=\"https:\/\/bcu.opole.pl\/bcu1\/wp-content\/uploads\/sites\/3\/2025\/08\/KPO_BCU.jpg 977w, https:\/\/bcu.opole.pl\/bcu1\/wp-content\/uploads\/sites\/3\/2025\/08\/KPO_BCU-480x38.jpg 480w\" sizes=\"(min-width: 0px) and (max-width: 480px) 480px, (min-width: 481px) 977px, 100vw\" \/><\/figure>\n\n\n\n<figure class=\"wp-block-table\"><table class=\"has-fixed-layout\"><tbody><tr><td><strong>Nazwa kursu: Pojazdy wodorowe-pojazdy przysz\u0142o\u015bci (FCEV)<\/strong><\/td><\/tr><tr><td><strong>Czas trwania:&nbsp;<\/strong>30 h<\/td><\/tr><tr><td><strong>Grupa docelowa:&nbsp;<\/strong>osoby doros\u0142e<\/td><\/tr><tr><td><strong>Informacje o kursie: &nbsp;<\/strong><br>Kurs na poziomie podstawowym, kt\u00f3ry swoim zakresem tematycznym obejmie minimum: &nbsp;<br>\u2013 poznanie og\u00f3lnej budowy pojazd\u00f3w wodorowych (FCEV) &nbsp;<br>\u2013 poznanie budowy kluczowych komponent\u00f3w elektrycznych (ogniwo paliwowe, bateria, silnik, uk\u0142ad wysokonapi\u0119ciowy) &nbsp;<br>\u2013 poznanie zasady dzia\u0142ania ogniw paliwowych &nbsp;<br>\u2013 poznanie zasady dzia\u0142ania kluczowych komponent\u00f3w elektrycznych (bateria, silnik, uk\u0142ad wysokonapi\u0119ciowy) &nbsp;<br>\u2013 zrozumienie funkcjonowania uk\u0142adu wysokonapi\u0119ciowego z wykorzystaniem ogniwa paliwowego &nbsp;<br>\u2013 por\u00f3wnanie technologii HEV, PHEV, BEV, FCEV &nbsp;<br>\u2013 poznanie zalet i ogranicze\u0144 technologii wodorowych w motoryzacji &nbsp; &nbsp;<\/td><\/tr><tr><td><strong>Czego si\u0119 nauczysz:<\/strong>&nbsp;Budowy pojazd\u00f3w wodorowych &nbsp;<\/td><\/tr><tr><td><strong>Tre\u015b\u0107 kursu:<\/strong><br>1. Wprowadzenie do kursu, zasady organizacyjne i BHP. \u00a0Otoczenie rynkowe elektromobilno\u015bci<br>2. Budowa pojazd\u00f3w FCEV<br>3. Dzia\u0142anie ogniwa paliwowego<br>4. Budowa instalacji HV w poje\u017adzie FCEV. Pomiary.<br>5. Zasady post\u0119powania i procedury ratownicze w pojazdach wodorowych.\u00a0<\/td><\/tr><\/tbody><\/table><\/figure>\n\n\n\n<figure class=\"wp-block-image size-full\"><img loading=\"lazy\" decoding=\"async\" width=\"977\" height=\"77\" src=\"https:\/\/bcu.opole.pl\/bcu1\/wp-content\/uploads\/sites\/3\/2025\/08\/KPO_BCU.jpg\" alt=\"\" class=\"wp-image-615\" srcset=\"https:\/\/bcu.opole.pl\/bcu1\/wp-content\/uploads\/sites\/3\/2025\/08\/KPO_BCU.jpg 977w, https:\/\/bcu.opole.pl\/bcu1\/wp-content\/uploads\/sites\/3\/2025\/08\/KPO_BCU-480x38.jpg 480w\" sizes=\"(min-width: 0px) and (max-width: 480px) 480px, (min-width: 481px) 977px, 100vw\" \/><\/figure>\n\n\n\n<figure class=\"wp-block-table\"><table class=\"has-fixed-layout\"><tbody><tr><td><strong>Nazwa kursu: Elektryk w fabryce-budowa aut elektrycznych (BEV)<\/strong><\/td><\/tr><tr><td><strong>Czas trwania:&nbsp;<\/strong>30 h<\/td><\/tr><tr><td><strong>Grupa docelowa:&nbsp;<\/strong>osoby doros\u0142e<\/td><\/tr><tr><td><strong>Informacje o kursie: &nbsp;<\/strong><br>Kurs na poziomie podstawowym, kt\u00f3ry swoim zakresem tematycznym obejmie minimum: &nbsp;<br>\u2013 poznanie og\u00f3lnej budowy pojazd\u00f3w elektrycznych (BEV) &nbsp;<br>\u2013 poznanie budowy kluczowych komponent\u00f3w elektrycznych (bateria, silnik, uk\u0142ad wysokonapi\u0119ciowy) &nbsp;<br>\u2013 poznanie zasady dzia\u0142ania kluczowych komponent\u00f3w elektrycznych (bateria, silnik, uk\u0142ad wysokonapi\u0119ciowy) &nbsp; &nbsp; &nbsp;<\/td><\/tr><tr><td><strong>Czego si\u0119 nauczysz: &nbsp;&nbsp;<\/strong>Budowy pojazd\u00f3w elektrycznych<\/td><\/tr><tr><td><strong>Tre\u015b\u0107 kursu:<\/strong><br>1. Wprowadzenie do kursu, zasady organizacyjne i BHP. \u00a0Otoczenie rynkowe elektromobilno\u015bci<br>2. Budowa pojazd\u00f3w BEV.<br>3. Budowa uk\u0142ad\u00f3w HV. Komponenty. Akumulator i jego typy.<br>4. Przygotowanie samochodu do obs\u0142ugi.<br>5. Techniki pomiarowe. Pomiary napi\u0119cia w instalacji HV.<br>6. Zasady post\u0119powania i procedury ratownicze w pojazdach elektrycznych.\u00a0<\/td><\/tr><\/tbody><\/table><\/figure>\n","protected":false},"excerpt":{"rendered":"<p>Nazwa kursu:&nbsp;Bezpieczna praca z autami elektrycznymi Czas trwania:&nbsp;30 h Grupa docelowa:&nbsp;osoby doros\u0142e Informacje o kursie:&nbsp;&nbsp;Kurs na poziomie podstawowym, kt\u00f3ry swoim zakresem tematycznym obejmie minimum:\u2013 Charakterystyka uk\u0142ad\u00f3w wysokiego napi\u0119cia &nbsp;\u2013 Zagro\u017cenia zwi\u0105zane z u\u017cytkowaniem BEV &nbsp;\u2013 Budowa i dzia\u0142anie baterii litowo-jonowych oraz zagro\u017cenia zwi\u0105zane z przegrzewaniem, zwarciami i uszkodzeniami mechanicznymi &nbsp;\u2013 Standardy pracy przy uk\u0142adach wysokiego [&hellip;]<\/p>\n","protected":false},"author":3,"featured_media":0,"parent":0,"menu_order":0,"comment_status":"closed","ping_status":"closed","template":"","meta":{"_et_pb_use_builder":"off","_et_pb_old_content":"<!-- wp:image {\"id\":723,\"sizeSlug\":\"large\",\"linkDestination\":\"none\"} -->\n<figure class=\"wp-block-image size-large\"><img src=\"https:\/\/bcu.opole.pl\/bcu1\/wp-content\/uploads\/sites\/3\/2025\/08\/1-strona-kury-dla-doroslych-korekta-1024x576.png\" alt=\"\" class=\"wp-image-723\" \/><\/figure>\n<!-- \/wp:image -->\n\n<!-- wp:image {\"id\":615,\"sizeSlug\":\"full\",\"linkDestination\":\"none\"} -->\n<figure class=\"wp-block-image size-full\"><img src=\"https:\/\/bcu.opole.pl\/bcu1\/wp-content\/uploads\/sites\/3\/2025\/08\/KPO_BCU.jpg\" alt=\"\" class=\"wp-image-615\" \/><\/figure>\n<!-- \/wp:image -->\n\n<!-- wp:table -->\n<figure class=\"wp-block-table\"><table class=\"has-fixed-layout\"><tbody><tr><td><strong>Nazwa kursu:&nbsp;Bezpiecze\u0144stwo, a&nbsp;pojazdy elektryczne<\/strong><\/td><\/tr><tr><td><strong>Czas trwania:<\/strong>&nbsp;30 h<\/td><\/tr><tr><td><strong>Grupa docelowa:&nbsp;<\/strong>osoby doros\u0142e<\/td><\/tr><tr><td><strong>Informacje o kursie:<\/strong>&nbsp;&nbsp;<br>Kurs na poziomie podstawowym, kt\u00f3ry swoim zakresem tematycznym obejmie minimum:<br>\u2013 Charakterystyka uk\u0142ad\u00f3w wysokiego napi\u0119cia &nbsp;<br>\u2013 Zagro\u017cenia zwi\u0105zane z u\u017cytkowaniem BEV &nbsp;<br>\u2013 Budowa i dzia\u0142anie baterii litowo-jonowych oraz zagro\u017cenia zwi\u0105zane z przegrzewaniem, zwarciami i uszkodzeniami mechanicznymi &nbsp;<br>\u2013 Standardy pracy przy uk\u0142adach wysokiego napi\u0119cia (HV) &nbsp;<br>\u2013 \u015arodki ochrony indywidualnej (PPE) &nbsp;<br>\u2013 Post\u0119powanie w razie wypadku drogowego i po\u017car\u00f3w &nbsp; &nbsp;<\/td><\/tr><tr><td><strong>Czego si\u0119 nauczysz: &nbsp;<\/strong>&nbsp;Zasad bezpiecze\u0144stwa w zakresie budowy i obs\u0142ugi pojazd\u00f3w elektrycznych (BEV).<\/td><\/tr><tr><td><strong>Tre\u015b\u0107 kursu:<\/strong><br><br><strong>Modu\u0142 1: Wprowadzenie do bezpiecze\u0144stwa pojazd\u00f3w elektrycznych (5 godz.)<\/strong>&nbsp;&nbsp;<br>-Kluczowe r\u00f3\u017cnice mi\u0119dzy BEV a pojazdami spalinowymi pod wzgl\u0119dem bezpiecze\u0144stwa<br>-Podstawowe zasady pracy z uk\u0142adami wysokiego napi\u0119cia<br>-Zagro\u017cenia w pojazdach elektrycznych &nbsp;<br><strong>Modu\u0142 2: Bezpiecze\u0144stwo baterii trakcyjnych i ogniwa paliwowego (10 godz.) &nbsp;<\/strong><br>-Budowa i dzia\u0142anie baterii litowo-jonowych oraz ogniwa paliwowego Ryzyka i ich identyfikacja &nbsp;<br><strong>Modu\u0142 3: Bezpieczna eksploatacja pojazd\u00f3w elektrycznych (9 godz.)<\/strong>&nbsp;&nbsp;<br>\u2013\u015arodki ochrony osobistej<br>-Standardy oznacze\u0144 i identyfikacji uk\u0142ad\u00f3w wysokiego napi\u0119cia<br>-Procedury roz\u0142\u0105czania i od\u0142\u0105czania akumulatora &nbsp;<br><strong>Modu\u0142 4: Post\u0119powanie w sytuacjach awaryjnych (5 godz.)<\/strong>&nbsp;&nbsp;<br>\u2013Po\u017cary pojazd\u00f3w elektrycznych \u2013 wprowadzenie<br>-Metody gaszenia po\u017car\u00f3w pojazd\u00f3w elektrycznych<br>-Procedury ratownicze po wypadku drogowym<br>-Przysz\u0142o\u015b\u0107 pojazd\u00f3w elektrycznych<br><strong>Modu\u0142 5 Regulacje dotycz\u0105ce bezpiecze\u0144stwa BEV (1 godz.)<\/strong>&nbsp;<strong>&nbsp;<\/strong><br>\u2013Przepisy UE i mi\u0119dzynarodowe regulacje bezpiecze\u0144stwa<br>-Standardy dotycz\u0105ce recyklingu i utylizacji baterii<br>-Umiej\u0119tno\u015bci cyfrowe<br>-Umiej\u0119tno\u015bci zwi\u0105zane z transformacj\u0105 ekologiczn\u0105 (tzw. zielone umiej\u0119tno\u015bci) &nbsp; &nbsp;<\/td><\/tr><\/tbody><\/table><\/figure>\n<!-- \/wp:table -->\n\n<!-- wp:image {\"id\":615,\"sizeSlug\":\"full\",\"linkDestination\":\"none\"} -->\n<figure class=\"wp-block-image size-full\"><img src=\"https:\/\/bcu.opole.pl\/bcu1\/wp-content\/uploads\/sites\/3\/2025\/08\/KPO_BCU.jpg\" alt=\"\" class=\"wp-image-615\" \/><\/figure>\n<!-- \/wp:image -->\n\n<!-- wp:table -->\n<figure class=\"wp-block-table\"><table class=\"has-fixed-layout\"><tbody><tr><td><strong>Nazwa kursu: Budowa pojazd\u00f3w hybrydowych (HEV, PHEV, MHEV, EREV)<\/strong><\/td><\/tr><tr><td><strong>Czas trwania:&nbsp;<\/strong>30 h<\/td><\/tr><tr><td><strong>Grupa docelowa:&nbsp;<\/strong>osoby doros\u0142e<\/td><\/tr><tr><td><strong>Informacje o kursie: &nbsp;<\/strong>&nbsp;Kurs na poziomie podstawowym, kt\u00f3ry swoim zakresem tematycznym obejmie minimum: &nbsp;<br>\u2013 poznanie og\u00f3lnej budowy pojazd\u00f3w hybrydowych (HEV, PHEV, MHEV, EREV) &nbsp;<br>\u2013 poznanie budowy kluczowych komponent\u00f3w uk\u0142adu hybrydowego (komponenty uk\u0142adu spalinowego i elektrycznego bateria, silnik, uk\u0142ad wysokonapi\u0119ciowy), systemy zarz\u0105dzania energi\u0105 &nbsp;<br>\u2013 Zagadnienia zwi\u0105zane z bezpiecze\u0144stwem pojazd\u00f3w HEV, PHEV, MHEV, EREV i sposoby ich minimalizacji; &nbsp; &nbsp;<\/td><\/tr><tr><td><strong>Czego si\u0119 nauczysz:<\/strong>&nbsp;&nbsp; Budowy pojazd\u00f3w hybrydowych (HEV, PHEV, MHEV, EREV)<\/td><\/tr><tr><td><strong>Tre\u015b\u0107 kursu:<\/strong><br><br><strong>Modu\u0142 1: Wprowadzenie (3 godz.)<\/strong>&nbsp;&nbsp; \u2013 Por\u00f3wnanie technologii nap\u0119dowych (HEV, PHEV, MHEV, EREV); &nbsp;<br><strong>Modu\u0142 2: Budowa pojazd\u00f3w hybrydowych (HEV, PHEV, MHEV, EREV (22 godz.)<\/strong>&nbsp;&nbsp;<br>\u2013 Budowa pojazd\u00f3w hybrydowych i kluczowe komponenty (HEV, PHEV, MHEV, EREV);<br>\u2013 Zasady funkcjonowania uk\u0142ad nap\u0119dowych (HEV, PHEV, MHEV, EREV);<br>\u2013 Przep\u0142yw energii i zarz\u0105dzanie moc\u0105;<br>-Technologie rekuperacji energii;<br>\u2013 Rodzaje i charakterystyka akumulator\u00f3w trakcyjnych;<br>\u2013 Systemy zarz\u0105dzania bateri\u0105 (BMS);<br>\u2013 Metody i standardy \u0142adowania (AC, DC, V2G);<br>\u2013 Normy dotycz\u0105ce baterii i uk\u0142ad\u00f3w wysokiego napi\u0119cia;&nbsp;<strong>&nbsp;<\/strong>&nbsp;<strong>&nbsp;<\/strong>&nbsp;&nbsp;<br><strong>Modu\u0142 3: Bezpiecze\u0144stwo i regulacje (5 godz.)<\/strong>&nbsp;&nbsp;<br>\u2013 Zagro\u017cenia i procedury bezpiecze\u0144stwa; \u2013 Pomiary elektryczne w uk\u0142adach HV;<br>\u2013 Regulacje prawne dotycz\u0105ce norm emisji CO2;<br>\u2013 Przysz\u0142o\u015b\u0107 pojazd\u00f3w hybrydowych;<br>\u2013 Umiej\u0119tno\u015bci cyfrowe;<br>\u2013 umiej\u0119tno\u015bci zwi\u0105zane z transformacj\u0105 ekologiczn\u0105 (tzw. zielone umiej\u0119tno\u015bci). &nbsp; &nbsp;<\/td><\/tr><tr><td><\/td><\/tr><\/tbody><\/table><\/figure>\n<!-- \/wp:table -->\n\n<!-- wp:image {\"id\":615,\"sizeSlug\":\"full\",\"linkDestination\":\"none\"} -->\n<figure class=\"wp-block-image size-full\"><img src=\"https:\/\/bcu.opole.pl\/bcu1\/wp-content\/uploads\/sites\/3\/2025\/08\/KPO_BCU.jpg\" alt=\"\" class=\"wp-image-615\" \/><\/figure>\n<!-- \/wp:image -->\n\n<!-- wp:table -->\n<figure class=\"wp-block-table\"><table class=\"has-fixed-layout\"><tbody><tr><td><strong>Nazwa kursu: Budowa pojazd\u00f3w wodorowych (FCEV)<\/strong><\/td><\/tr><tr><td><strong>Czas trwania:&nbsp;<\/strong>30 h<\/td><\/tr><tr><td><strong>Grupa docelowa:&nbsp;<\/strong>osoby doros\u0142e<\/td><\/tr><tr><td><strong>Informacje o kursie: &nbsp;<\/strong><br>Kurs na poziomie podstawowym, kt\u00f3ry swoim zakresem tematycznym obejmie minimum: &nbsp;<br>\u2013 poznanie og\u00f3lnej budowy pojazd\u00f3w wodorowych (FCEV) &nbsp;<br>\u2013 poznanie budowy kluczowych komponent\u00f3w elektrycznych (ogniwo paliwowe, bateria, silnik, uk\u0142ad wysokonapi\u0119ciowy) &nbsp;<br>\u2013 poznanie zasady dzia\u0142ania ogniw paliwowych &nbsp;<br>\u2013 poznanie zasady dzia\u0142ania kluczowych komponent\u00f3w elektrycznych (bateria, silnik, uk\u0142ad wysokonapi\u0119ciowy) &nbsp;<br>\u2013 zrozumienie funkcjonowania uk\u0142adu wysokonapi\u0119ciowego z wykorzystaniem ogniwa paliwowego &nbsp;<br>\u2013 por\u00f3wnanie technologii HEV, PHEV, BEV, FCEV &nbsp;<br>\u2013 poznanie zalet i ogranicze\u0144 technologii wodorowych w motoryzacji &nbsp; &nbsp;<\/td><\/tr><tr><td><strong>Czego si\u0119 nauczysz:<\/strong>&nbsp;Budowy pojazd\u00f3w wodorowych &nbsp;<\/td><\/tr><tr><td><strong>Tre\u015b\u0107 kursu:<\/strong><br><br><strong>Modu\u0142 1: Wprowadzenie do technologii wodorowej w motoryzacji (5 godz.)<\/strong>&nbsp;&nbsp;<br>\u2013&nbsp;Podstawowe zasady dzia\u0142ania ogniw paliwowych&nbsp;&nbsp; Por\u00f3wnanie technologii FCEV, BEV i pojazd\u00f3w spalinowych &nbsp;<br>\u2013 Historia rozwoju technologii wodorowej &nbsp;<br><strong>Modu\u0142 2: Budowa i dzia\u0142anie pojazd\u00f3w FCEV (10 godz.)<\/strong>&nbsp;&nbsp;<br>\u2013&nbsp;G\u0142\u00f3wne komponenty systemu (ogniwa paliwowe, zbiorniki wodoru, silniki elektryczne, systemy zarz\u0105dzania energi\u0105)&nbsp;&nbsp;<br>\u2013 Proces wytwarzania energii w ogniwie paliwowym &nbsp;<br>\u2013 Zagadnienia eksploatacyjne i infrastruktura tankowania wodoru &nbsp;<br><strong>Modu\u0142 3: Bezpiecze\u0144stwo i regulacje prawne (5 godz.)<\/strong>&nbsp;&nbsp;<br>\u2013&nbsp;Ryzyka zwi\u0105zane z wodorem i sposoby ich minimalizacji&nbsp;&nbsp;<br>\u2013 Normy bezpiecze\u0144stwa dla pojazd\u00f3w wodorowych &nbsp;<br>\u2013 Przepisy dotycz\u0105ce transportu i magazynowania wodoru &nbsp;<br><strong>Modu\u0142 4: Perspektywy rozwoju pojazd\u00f3w FCEV (5 godz.)<\/strong>&nbsp;&nbsp;<br>\u2013&nbsp;Wyzwania i ograniczenia technologiczne&nbsp;&nbsp;<br>\u2013 Przyk\u0142ady wdro\u017ce\u0144 na \u015bwiecie &nbsp;<br>\u2013 Kierunki rozwoju rynku wodorowego w transporcie &nbsp;<br><strong>Modu\u0142 5: Perspektywy rozwoju pojazd\u00f3w FCEV (5 godz.)<\/strong>&nbsp;&nbsp;<br>\u2013 Wp\u0142yw wodoromobilno\u015bci na gospodark\u0119 &nbsp;<br>\u2013 \u015awiatowe trendy &nbsp;<br>\u2013 Gospodarka bateryjna i wodorowa \u2013 wst\u0119p &nbsp;<br>\u2013 Umiej\u0119tno\u015bci cyfrowe &nbsp;<br>\u2013 Umiej\u0119tno\u015bci zwi\u0105zane z transformacj\u0105 ekologiczn\u0105 (tzw. zielone umiej\u0119tno\u015bci) &nbsp;<\/td><\/tr><\/tbody><\/table><\/figure>\n<!-- \/wp:table -->\n\n<!-- wp:image {\"id\":615,\"sizeSlug\":\"full\",\"linkDestination\":\"none\"} -->\n<figure class=\"wp-block-image size-full\"><img src=\"https:\/\/bcu.opole.pl\/bcu1\/wp-content\/uploads\/sites\/3\/2025\/08\/KPO_BCU.jpg\" alt=\"\" class=\"wp-image-615\" \/><\/figure>\n<!-- \/wp:image -->\n\n<!-- wp:table -->\n<figure class=\"wp-block-table\"><table class=\"has-fixed-layout\"><tbody><tr><td><strong>Nazwa kursu: Budowa pojazd\u00f3w elektrycznych (BEV)<\/strong><\/td><\/tr><tr><td><strong>Czas trwania:&nbsp;<\/strong>30 h<\/td><\/tr><tr><td><strong>Grupa docelowa:&nbsp;<\/strong>osoby doros\u0142e<\/td><\/tr><tr><td><strong>Informacje o kursie: &nbsp;<\/strong><br>Kurs na poziomie podstawowym, kt\u00f3ry swoim zakresem tematycznym obejmie minimum: &nbsp;<br>\u2013 poznanie og\u00f3lnej budowy pojazd\u00f3w elektrycznych (BEV) &nbsp;<br>\u2013 poznanie budowy kluczowych komponent\u00f3w elektrycznych (bateria, silnik, uk\u0142ad wysokonapi\u0119ciowy) &nbsp;<br>\u2013 poznanie zasady dzia\u0142ania kluczowych komponent\u00f3w elektrycznych (bateria, silnik, uk\u0142ad wysokonapi\u0119ciowy) &nbsp; &nbsp; &nbsp;<\/td><\/tr><tr><td><strong>Czego si\u0119 nauczysz: &nbsp;&nbsp;<\/strong>Budowy pojazd\u00f3w elektrycznych<\/td><\/tr><tr><td><strong>Tre\u015b\u0107 kursu:<\/strong><br><br><strong>Modu\u0142 1: Wprowadzenie do elektromobilno\u015bci (5 godz.)<\/strong>&nbsp;&nbsp;<br>\u2013 Zalety i ograniczenia BEV<br>\u2013&nbsp;Por\u00f3wnanie innych technologii nap\u0119dowych&nbsp;&nbsp;<br><strong>Modu\u0142 2: Budowa i dzia\u0142anie pojazd\u00f3w BEV (10 godz.)<\/strong>&nbsp;&nbsp;<br>\u2013&nbsp;Uk\u0142ad nap\u0119dowy i jego komponenty (silnik, falownik, uk\u0142ad wysokonapi\u0119ciowy, przek\u0142adnia)<br>\u2013 Przep\u0142yw energii i zarz\u0105dzanie moc\u0105<br>\u2013 Technologie rekuperacji energii&nbsp;<strong>&nbsp;<\/strong><br><strong>Modu\u0142 3: Akumulatory i \u0142adowanie (7 godz.)<\/strong>&nbsp;&nbsp;<br>\u2013&nbsp;Rodzaje i charakterystyka akumulator\u00f3w trakcyjnych<br>\u2013 Systemy zarz\u0105dzania bateri\u0105 (BMS)<br>\u2013 Metody i standardy \u0142adowania (AC, DC, V2G) &nbsp;<br><strong>Modu\u0142 4: Bezpiecze\u0144stwo i regulacje (3 godz.)<\/strong>&nbsp;&nbsp;<br>\u2013&nbsp;Normy dotycz\u0105ce baterii i uk\u0142ad\u00f3w wysokiego napi\u0119cia<br>\u2013 Zagro\u017cenia i procedury bezpiecze\u0144stwa Regulacje prawne dotycz\u0105ce BEV Przysz\u0142o\u015b\u0107 pojazd\u00f3w elektrycznych &nbsp;<br><strong>Modu\u0142 5: Otoczenie rynkowe elektromobilno\u015bci (5 godz.)<\/strong><br>\u2013&nbsp;Wp\u0142yw elektromobilno\u015bci na gospodark\u0119<br>\u2013 \u015awiatowe trendy<br>\u2013 Gospodarka bateryjna i wodorowa \u2013 wst\u0119p<br>\u2013 Umiej\u0119tno\u015bci cyfrowe<br>\u2013 Umiej\u0119tno\u015bci zwi\u0105zane z transformacj\u0105 ekologiczn\u0105 (tzw. zielone umiej\u0119tno\u015bci) &nbsp;<\/td><\/tr><\/tbody><\/table><\/figure>\n<!-- \/wp:table -->","_et_gb_content_width":"","footnotes":""},"class_list":["post-248","page","type-page","status-publish","hentry"],"aioseo_notices":[],"_links":{"self":[{"href":"https:\/\/bcu.opole.pl\/bcu1\/wp-json\/wp\/v2\/pages\/248","targetHints":{"allow":["GET"]}}],"collection":[{"href":"https:\/\/bcu.opole.pl\/bcu1\/wp-json\/wp\/v2\/pages"}],"about":[{"href":"https:\/\/bcu.opole.pl\/bcu1\/wp-json\/wp\/v2\/types\/page"}],"author":[{"embeddable":true,"href":"https:\/\/bcu.opole.pl\/bcu1\/wp-json\/wp\/v2\/users\/3"}],"replies":[{"embeddable":true,"href":"https:\/\/bcu.opole.pl\/bcu1\/wp-json\/wp\/v2\/comments?post=248"}],"version-history":[{"count":13,"href":"https:\/\/bcu.opole.pl\/bcu1\/wp-json\/wp\/v2\/pages\/248\/revisions"}],"predecessor-version":[{"id":1757,"href":"https:\/\/bcu.opole.pl\/bcu1\/wp-json\/wp\/v2\/pages\/248\/revisions\/1757"}],"wp:attachment":[{"href":"https:\/\/bcu.opole.pl\/bcu1\/wp-json\/wp\/v2\/media?parent=248"}],"curies":[{"name":"wp","href":"https:\/\/api.w.org\/{rel}","templated":true}]}}