{"id":246,"date":"2025-04-14T09:35:16","date_gmt":"2025-04-14T07:35:16","guid":{"rendered":"https:\/\/bcu.opole.pl\/bcu1\/?page_id=246"},"modified":"2025-09-10T08:11:37","modified_gmt":"2025-09-10T06:11:37","slug":"uczniowie-i-studenci","status":"publish","type":"page","link":"https:\/\/bcu.opole.pl\/bcu1\/uczniowie-i-studenci\/","title":{"rendered":"UCZNIOWIE I STUDENCI"},"content":{"rendered":"\n<div class=\"wp-block-group is-vertical is-layout-flex wp-container-core-group-is-layout-8cf370e7 wp-block-group-is-layout-flex\">\n<figure class=\"wp-block-image size-full is-resized\"><img loading=\"lazy\" decoding=\"async\" width=\"1280\" height=\"720\" src=\"https:\/\/bcu.opole.pl\/bcu1\/wp-content\/uploads\/sites\/3\/2025\/09\/bcu-uczxniowie-i-studenci.png\" alt=\"\" class=\"wp-image-871\" style=\"width:823px;height:auto\" srcset=\"https:\/\/bcu.opole.pl\/bcu1\/wp-content\/uploads\/sites\/3\/2025\/09\/bcu-uczxniowie-i-studenci.png 1280w, https:\/\/bcu.opole.pl\/bcu1\/wp-content\/uploads\/sites\/3\/2025\/09\/bcu-uczxniowie-i-studenci-980x551.png 980w, https:\/\/bcu.opole.pl\/bcu1\/wp-content\/uploads\/sites\/3\/2025\/09\/bcu-uczxniowie-i-studenci-480x270.png 480w\" sizes=\"(min-width: 0px) and (max-width: 480px) 480px, (min-width: 481px) and (max-width: 980px) 980px, (min-width: 981px) 1280px, 100vw\" \/><\/figure>\n<\/div>\n\n\n\n<figure class=\"wp-block-image size-full\"><img loading=\"lazy\" decoding=\"async\" width=\"977\" height=\"77\" src=\"https:\/\/bcu.opole.pl\/bcu1\/wp-content\/uploads\/sites\/3\/2025\/08\/KPO_BCU.jpg\" alt=\"\" class=\"wp-image-615\" srcset=\"https:\/\/bcu.opole.pl\/bcu1\/wp-content\/uploads\/sites\/3\/2025\/08\/KPO_BCU.jpg 977w, https:\/\/bcu.opole.pl\/bcu1\/wp-content\/uploads\/sites\/3\/2025\/08\/KPO_BCU-480x38.jpg 480w\" sizes=\"(min-width: 0px) and (max-width: 480px) 480px, (min-width: 481px) 977px, 100vw\" \/><\/figure>\n\n\n\n<figure class=\"wp-block-table\"><table class=\"has-fixed-layout\"><tbody><tr><td><strong>Nazwa kursu: Budowa pojazd\u00f3w elektrycznych (BEV) i wodorowych (FCEV)<\/strong><\/td><\/tr><tr><td><strong>Czas trwania<\/strong>: 15 h<\/td><\/tr><tr><td><strong>Grupa docelowa:<\/strong> osoby m\u0142ode (uczniowie i studenci)<\/td><\/tr><tr><td><strong>Informacje o kursie:<\/strong> &nbsp; <br>Kurs na poziomie podstawowym, kt\u00f3ry swoim zakresem tematycznym obejmie minimum: &nbsp; <br>&#8211; poznanie og\u00f3lnej budowy pojazd\u00f3w elektrycznych (BEV) i wodorowych FCEV &nbsp; <br>&#8211; poznanie budowy kluczowych komponent\u00f3w elektrycznych (bateria, silnik, uk\u0142ad wysokonapi\u0119ciowy) i wodorowych (ogniwa paliwowe, zbiorniki wodoru, silniki elektryczne, systemy zarz\u0105dzania energi\u0105) &nbsp; <br>&#8211; Zagadnienia zwi\u0105zane z bezpiecze\u0144stwem pojazd\u00f3w BEV i FCEV i sposoby ich minimalizacji; &nbsp; &nbsp;<\/td><\/tr><tr><td><strong>Czego si\u0119 nauczysz:<\/strong> &nbsp; Budowy pojazd\u00f3w elektrycznych i wodorowych<\/td><\/tr><tr><td><strong>Tre\u015b\u0107 kursu: <\/strong><br><br><strong>Modu\u0142 1: Wprowadzenie (1 godz.)<\/strong> &nbsp; &#8211; Por\u00f3wnanie technologii BEV, FCEV i pojazd\u00f3w spalinowych; <br>&#8211; Zalety i ograniczenia BEV i FCEV; &nbsp; <br><strong>Modu\u0142 2: Budowa i dzia\u0142anie pojazd\u00f3w BEV i FCEV (9 godz.)<\/strong> &nbsp; <br>&#8211; Uk\u0142ad nap\u0119dowy i jego komponenty (silnik, falownik, uk\u0142ad wysokonapi\u0119ciowy, przek\u0142adnia, bateria trakcyjna); <br>&#8211; Podstawowe zasady dzia\u0142ania ogniw paliwowych; <br>&#8211; Przep\u0142yw energii i zarz\u0105dzanie moc\u0105; &#8211; Technologie rekuperacji energii; <br>&#8211; G\u0142\u00f3wne komponenty systemu (ogniwa paliwowe, zbiorniki wodoru, silniki elektryczne, systemy zarz\u0105dzania energi\u0105); <strong>&nbsp;<\/strong> <strong>Modu\u0142 3: Uk\u0142ad wodorowy (2 godz.)<\/strong> &nbsp; <br>&#8211; Proces wytwarzania energii w ogniwie paliwowym; <br>&#8211; Zagadnienia eksploatacyjne i infrastruktura tankowania wodoru; <br>&#8211; Ryzyka zwi\u0105zane z bateriami i wodorem i sposoby ich minimalizacji; &nbsp; <br><strong>Modu\u0142 4: Bezpiecze\u0144stwo i regulacje (2 godz.)<\/strong> &nbsp; <br>&#8211; Normy bezpiecze\u0144stwa dla pojazd\u00f3w BEV, FCEV; <br>&#8211; Pomiary elektryczne w uk\u0142adach HV &#8211; Regulacje prawne dotycz\u0105ce BEV, FCEV; &nbsp;<br><strong>Modu\u0142 5: Otoczenie rynkowe elektromobilno\u015bci (1 godz.)<\/strong> <br>&#8211; Wyzwania i ograniczenia technologiczne; <br>&#8211; Przyk\u0142ady wdro\u017ce\u0144 na \u015bwiecie; &#8211; Gospodarka bateryjna i wodorowa \u2013 wst\u0119p; <br>&#8211; Umiej\u0119tno\u015bci cyfrowe; <br>&#8211; umiej\u0119tno\u015bci zwi\u0105zane z transformacj\u0105 ekologiczn\u0105 (tzw. zielone umiej\u0119tno\u015bci). &nbsp; <br><\/td><\/tr><\/tbody><\/table><\/figure>\n","protected":false},"excerpt":{"rendered":"<p>Nazwa kursu: Budowa pojazd\u00f3w elektrycznych (BEV) i wodorowych (FCEV) Czas trwania: 15 h Grupa docelowa: osoby m\u0142ode (uczniowie i studenci) Informacje o kursie: &nbsp; Kurs na poziomie podstawowym, kt\u00f3ry swoim zakresem tematycznym obejmie minimum: &nbsp; &#8211; poznanie og\u00f3lnej budowy pojazd\u00f3w elektrycznych (BEV) i wodorowych FCEV &nbsp; &#8211; poznanie budowy kluczowych komponent\u00f3w elektrycznych (bateria, silnik, uk\u0142ad [&hellip;]<\/p>\n","protected":false},"author":3,"featured_media":0,"parent":0,"menu_order":0,"comment_status":"closed","ping_status":"closed","template":"","meta":{"_et_pb_use_builder":"off","_et_pb_old_content":"<!-- wp:group {\"layout\":{\"type\":\"flex\",\"orientation\":\"vertical\"}} -->\n<div class=\"wp-block-group\"><!-- wp:image {\"id\":725,\"width\":\"823px\",\"height\":\"auto\",\"sizeSlug\":\"full\",\"linkDestination\":\"none\"} -->\n<figure class=\"wp-block-image size-full is-resized\"><img src=\"https:\/\/bcu.opole.pl\/bcu1\/wp-content\/uploads\/sites\/3\/2025\/08\/str1-kursy-dla-mlodzierzy.png\" alt=\"\" class=\"wp-image-725\" style=\"width:823px;height:auto\" \/><\/figure>\n<!-- \/wp:image --><\/div>\n<!-- \/wp:group -->\n\n<!-- wp:image {\"id\":615,\"sizeSlug\":\"full\",\"linkDestination\":\"none\"} -->\n<figure class=\"wp-block-image size-full\"><img src=\"https:\/\/bcu.opole.pl\/bcu1\/wp-content\/uploads\/sites\/3\/2025\/08\/KPO_BCU.jpg\" alt=\"\" class=\"wp-image-615\" \/><\/figure>\n<!-- \/wp:image -->\n\n<!-- wp:table -->\n<figure class=\"wp-block-table\"><table class=\"has-fixed-layout\"><tbody><tr><td><strong>Nazwa kursu: Budowa pojazd\u00f3w elektrycznych (BEV) i wodorowych (FCEV)<\/strong><\/td><\/tr><tr><td><strong>Czas trwania<\/strong>: 15 h<\/td><\/tr><tr><td><strong>Grupa docelowa:<\/strong> osoby m\u0142ode (uczniowie i studenci)<\/td><\/tr><tr><td><strong>Informacje o kursie:<\/strong> \u00a0 <br>Kurs na poziomie podstawowym, kt\u00f3ry swoim zakresem tematycznym obejmie minimum: \u00a0 <br>- poznanie og\u00f3lnej budowy pojazd\u00f3w elektrycznych (BEV) i wodorowych FCEV \u00a0 <br>- poznanie budowy kluczowych komponent\u00f3w elektrycznych (bateria, silnik, uk\u0142ad wysokonapi\u0119ciowy) i wodorowych (ogniwa paliwowe, zbiorniki wodoru, silniki elektryczne, systemy zarz\u0105dzania energi\u0105) \u00a0 <br>- Zagadnienia zwi\u0105zane z bezpiecze\u0144stwem pojazd\u00f3w BEV i FCEV i sposoby ich minimalizacji; \u00a0 \u00a0<\/td><\/tr><tr><td><strong>Czego si\u0119 nauczysz:<\/strong> \u00a0 Budowy pojazd\u00f3w elektrycznych i wodorowych<\/td><\/tr><tr><td><strong>Tre\u015b\u0107 kursu: <\/strong><br><br><strong>Modu\u0142 1: Wprowadzenie (1 godz.)<\/strong> \u00a0 - Por\u00f3wnanie technologii BEV, FCEV i pojazd\u00f3w spalinowych; <br>- Zalety i ograniczenia BEV i FCEV; \u00a0 <br><strong>Modu\u0142 2: Budowa i dzia\u0142anie pojazd\u00f3w BEV i FCEV (9 godz.)<\/strong> \u00a0 <br>- Uk\u0142ad nap\u0119dowy i jego komponenty (silnik, falownik, uk\u0142ad wysokonapi\u0119ciowy, przek\u0142adnia, bateria trakcyjna); <br>- Podstawowe zasady dzia\u0142ania ogniw paliwowych; <br>- Przep\u0142yw energii i zarz\u0105dzanie moc\u0105; - Technologie rekuperacji energii; <br>- G\u0142\u00f3wne komponenty systemu (ogniwa paliwowe, zbiorniki wodoru, silniki elektryczne, systemy zarz\u0105dzania energi\u0105); <strong>\u00a0<\/strong> <strong>Modu\u0142 3: Uk\u0142ad wodorowy (2 godz.)<\/strong> \u00a0 <br>- Proces wytwarzania energii w ogniwie paliwowym; <br>- Zagadnienia eksploatacyjne i infrastruktura tankowania wodoru; <br>- Ryzyka zwi\u0105zane z bateriami i wodorem i sposoby ich minimalizacji; \u00a0 <br><strong>Modu\u0142 4: Bezpiecze\u0144stwo i regulacje (2 godz.)<\/strong> \u00a0 <br>- Normy bezpiecze\u0144stwa dla pojazd\u00f3w BEV, FCEV; <br>- Pomiary elektryczne w uk\u0142adach HV - Regulacje prawne dotycz\u0105ce BEV, FCEV; \u00a0<br><strong>Modu\u0142 5: Otoczenie rynkowe elektromobilno\u015bci (1 godz.)<\/strong> <br>- Wyzwania i ograniczenia technologiczne; <br>- Przyk\u0142ady wdro\u017ce\u0144 na \u015bwiecie; - Gospodarka bateryjna i wodorowa \u2013 wst\u0119p; <br>- Umiej\u0119tno\u015bci cyfrowe; <br>- umiej\u0119tno\u015bci zwi\u0105zane z transformacj\u0105 ekologiczn\u0105 (tzw. zielone umiej\u0119tno\u015bci). \u00a0 <br><\/td><\/tr><\/tbody><\/table><\/figure>\n<!-- \/wp:table -->","_et_gb_content_width":"","footnotes":""},"class_list":["post-246","page","type-page","status-publish","hentry"],"aioseo_notices":[],"_links":{"self":[{"href":"https:\/\/bcu.opole.pl\/bcu1\/wp-json\/wp\/v2\/pages\/246","targetHints":{"allow":["GET"]}}],"collection":[{"href":"https:\/\/bcu.opole.pl\/bcu1\/wp-json\/wp\/v2\/pages"}],"about":[{"href":"https:\/\/bcu.opole.pl\/bcu1\/wp-json\/wp\/v2\/types\/page"}],"author":[{"embeddable":true,"href":"https:\/\/bcu.opole.pl\/bcu1\/wp-json\/wp\/v2\/users\/3"}],"replies":[{"embeddable":true,"href":"https:\/\/bcu.opole.pl\/bcu1\/wp-json\/wp\/v2\/comments?post=246"}],"version-history":[{"count":6,"href":"https:\/\/bcu.opole.pl\/bcu1\/wp-json\/wp\/v2\/pages\/246\/revisions"}],"predecessor-version":[{"id":872,"href":"https:\/\/bcu.opole.pl\/bcu1\/wp-json\/wp\/v2\/pages\/246\/revisions\/872"}],"wp:attachment":[{"href":"https:\/\/bcu.opole.pl\/bcu1\/wp-json\/wp\/v2\/media?parent=246"}],"curies":[{"name":"wp","href":"https:\/\/api.w.org\/{rel}","templated":true}]}}