{"id":242,"date":"2025-04-14T09:34:21","date_gmt":"2025-04-14T07:34:21","guid":{"rendered":"https:\/\/bcu.opole.pl\/bcu1\/?page_id=242"},"modified":"2025-11-25T15:49:54","modified_gmt":"2025-11-25T14:49:54","slug":"dokumenty-do-pobrania","status":"publish","type":"page","link":"https:\/\/bcu.opole.pl\/bcu1\/dokumenty-do-pobrania\/","title":{"rendered":"DOKUMENTY DO POBRANIA"},"content":{"rendered":"<p>[et_pb_section fb_built=&#8221;1&#8243; admin_label=&#8221;section&#8221; _builder_version=&#8221;4.16&#8243; global_colors_info=&#8221;{}&#8221;][\/et_pb_section][et_pb_section fb_built=&#8221;1&#8243; _builder_version=&#8221;4.27.4&#8243; _module_preset=&#8221;default&#8221; global_colors_info=&#8221;{}&#8221;][et_pb_row _builder_version=&#8221;4.27.4&#8243; _module_preset=&#8221;default&#8221; global_colors_info=&#8221;{}&#8221;][et_pb_column type=&#8221;4_4&#8243; _builder_version=&#8221;4.27.4&#8243; _module_preset=&#8221;default&#8221; global_colors_info=&#8221;{}&#8221;][et_pb_button button_url=&#8221;https:\/\/bcu.opole.pl\/bcu1\/wp-content\/uploads\/sites\/3\/2025\/08\/Zalacznik-nr-1_Formularz-zgloszeniowy.pdf&#8221; button_text=&#8221;Deklaracja uczestnictwa&#8221; _builder_version=&#8221;4.27.4&#8243; _module_preset=&#8221;default&#8221; custom_margin=&#8221;||15px|||&#8221; global_colors_info=&#8221;{}&#8221;][\/et_pb_button][\/et_pb_column][\/et_pb_row][et_pb_row _builder_version=&#8221;4.27.4&#8243; _module_preset=&#8221;default&#8221; custom_margin=&#8221;-51px|auto||auto||&#8221; global_colors_info=&#8221;{}&#8221;][et_pb_column type=&#8221;4_4&#8243; _builder_version=&#8221;4.27.4&#8243; _module_preset=&#8221;default&#8221; global_colors_info=&#8221;{}&#8221;][et_pb_button button_url=&#8221;https:\/\/bcu.opole.pl\/bcu1\/wp-content\/uploads\/sites\/3\/2025\/08\/Zalacznik-nr-11_klauzula-informacyjna-RODO.pdf&#8221; button_text=&#8221;Klauzula informacyjna RODO&#8221; _builder_version=&#8221;4.27.4&#8243; _module_preset=&#8221;default&#8221; global_colors_info=&#8221;{}&#8221;][\/et_pb_button][et_pb_button button_url=&#8221;https:\/\/bcu.opole.pl\/bcu1\/wp-content\/uploads\/sites\/3\/2025\/08\/Regulamin-uczestnictwa-w-szkoleniu.pdf&#8221; button_text=&#8221;Regulamin uczestnictwa&#8221; _builder_version=&#8221;4.27.4&#8243; _module_preset=&#8221;default&#8221; global_colors_info=&#8221;{}&#8221;][\/et_pb_button][\/et_pb_column][\/et_pb_row][et_pb_row _builder_version=&#8221;4.27.4&#8243; _module_preset=&#8221;default&#8221; min_height=&#8221;113px&#8221; custom_margin=&#8221;-20px|auto||auto||&#8221; global_colors_info=&#8221;{}&#8221;][et_pb_column type=&#8221;4_4&#8243; _builder_version=&#8221;4.27.4&#8243; _module_preset=&#8221;default&#8221; global_colors_info=&#8221;{}&#8221;][et_pb_button button_url=&#8221;https:\/\/bcu.opole.pl\/bcu1\/wp-content\/uploads\/sites\/3\/2025\/09\/Zalacznik-nr-6_zgoda-rodzicow_opiekunow-korekta.pdf&#8221; button_text=&#8221;Zgoda rodzica\/opiekuna prawnego&#8221; _builder_version=&#8221;4.27.4&#8243; _module_preset=&#8221;default&#8221; global_colors_info=&#8221;{}&#8221;][\/et_pb_button][et_pb_button button_url=&#8221;https:\/\/bcu.opole.pl\/bcu1\/wp-content\/uploads\/sites\/3\/2025\/09\/Zalacznik-nr-10_oswiadczenie-o-braku-przeciwskazan-zdrowotnych-korekta.pdf&#8221; button_text=&#8221;Oswiadczenie o braku przeciwskaza\u0144 zdrowotnych&#8221; _builder_version=&#8221;4.27.4&#8243; _module_preset=&#8221;default&#8221; global_colors_info=&#8221;{}&#8221;][\/et_pb_button][\/et_pb_column][\/et_pb_row][et_pb_row _builder_version=&#8221;4.27.4&#8243; _module_preset=&#8221;default&#8221; min_height=&#8221;604.2px&#8221; custom_margin=&#8221;-19px|auto||auto||&#8221; custom_padding=&#8221;17px|||||&#8221; global_colors_info=&#8221;{}&#8221;][et_pb_column type=&#8221;4_4&#8243; _builder_version=&#8221;4.27.4&#8243; _module_preset=&#8221;default&#8221; global_colors_info=&#8221;{}&#8221;][et_pb_button button_url=&#8221;https:\/\/bcu.opole.pl\/bcu1\/wp-content\/uploads\/sites\/3\/2025\/08\/Zalacznik-nr-9_oswiadczenie-o-niekorzystaniu-z-innych-szkolen.pdf&#8221; button_text=&#8221;O\u015bwiadczenie o niekorzystaniu z innych szkole\u0144&#8221; _builder_version=&#8221;4.27.4&#8243; _module_preset=&#8221;default&#8221; global_colors_info=&#8221;{}&#8221;][\/et_pb_button][et_pb_button button_url=&#8221;https:\/\/bcu.opole.pl\/bcu1\/wp-content\/uploads\/sites\/3\/2025\/08\/Zalacznik-nr-7_oswiadczenie-o-wykonywanym-zawodzie.pdf&#8221; button_text=&#8221;O\u015bwiadczenie o wykonywaniu zawodu zwi\u0105zanego z bran\u017c\u0105 motoryzacyjn\u0105&#8221; _builder_version=&#8221;4.27.4&#8243; _module_preset=&#8221;default&#8221; global_colors_info=&#8221;{}&#8221;][\/et_pb_button][et_pb_button button_url=&#8221;https:\/\/bcu.opole.pl\/bcu1\/wp-content\/uploads\/sites\/3\/2025\/08\/Zalacznik-nr-5_zaswiadczenie-student.pdf&#8221; button_text=&#8221;Za\u015bwiadczenie o posiadaniu statusu studenta&#8221; _builder_version=&#8221;4.27.4&#8243; _module_preset=&#8221;default&#8221; global_colors_info=&#8221;{}&#8221;][\/et_pb_button][et_pb_button button_url=&#8221;https:\/\/bcu.opole.pl\/bcu1\/wp-content\/uploads\/sites\/3\/2025\/08\/Zalacznik-nr-4_zaswiadczenie-nauczyciel.pdf&#8221; button_text=&#8221;Za\u015bwiadczenie posiadaniu statusu nauczyciela zawodu&#8221; _builder_version=&#8221;4.27.4&#8243; _module_preset=&#8221;default&#8221; global_colors_info=&#8221;{}&#8221;][\/et_pb_button][et_pb_button button_url=&#8221;https:\/\/bcu.opole.pl\/bcu1\/wp-content\/uploads\/sites\/3\/2025\/11\/Zalacznik-nr-8_oswiadczenie-o-przydatnosci-wiedzy.pdf&#8221; button_text=&#8221;O\u015bwiadczenie o przydatno\u015bci wiedzy&#8221; _builder_version=&#8221;4.27.4&#8243; _module_preset=&#8221;default&#8221; hover_enabled=&#8221;0&#8243; global_colors_info=&#8221;{}&#8221; sticky_enabled=&#8221;0&#8243;][\/et_pb_button][et_pb_button button_url=&#8221;https:\/\/bcu.opole.pl\/bcu1\/wp-content\/uploads\/sites\/3\/2025\/08\/Zalacznik-nr-3_zaswiadczenie-uczen.pdf&#8221; button_text=&#8221;Za\u015bwiadczenie o posiadaniu statusu ucznia&#8221; _builder_version=&#8221;4.27.4&#8243; _module_preset=&#8221;default&#8221; global_colors_info=&#8221;{}&#8221;][\/et_pb_button][et_pb_button button_url=&#8221;https:\/\/bcu.opole.pl\/bcu1\/wp-content\/uploads\/sites\/3\/2025\/09\/Zalacznik-nr-2_wykaz-dokumentow-1.pdf&#8221; button_text=&#8221;Wykaz za\u0142\u0105cznik\u00f3w&#8221; _builder_version=&#8221;4.27.4&#8243; _module_preset=&#8221;default&#8221; global_colors_info=&#8221;{}&#8221;][\/et_pb_button][\/et_pb_column][\/et_pb_row][\/et_pb_section]<\/p>\n","protected":false},"excerpt":{"rendered":"","protected":false},"author":3,"featured_media":0,"parent":0,"menu_order":0,"comment_status":"closed","ping_status":"closed","template":"","meta":{"_et_pb_use_builder":"on","_et_pb_old_content":"<!-- wp:file {\"id\":754,\"href\":\"https:\/\/bcu.opole.pl\/bcu1\/wp-content\/uploads\/sites\/3\/2025\/08\/Zalacznik-nr-1_Formularz-zgloszeniowy.pdf\",\"displayPreview\":true} -->\n<div class=\"wp-block-file\"><object class=\"wp-block-file__embed\" data=\"https:\/\/bcu.opole.pl\/bcu1\/wp-content\/uploads\/sites\/3\/2025\/08\/Zalacznik-nr-1_Formularz-zgloszeniowy.pdf\" type=\"application\/pdf\" style=\"width:100%;height:600px\" aria-label=\"Za\u0142\u0105cznik nr 1_Formularz zg\u0142oszeniowy\"><\/object><a id=\"wp-block-file--media-fd1e6551-a929-45af-83d0-abdb5c91cf4c\" href=\"https:\/\/bcu.opole.pl\/bcu1\/wp-content\/uploads\/sites\/3\/2025\/08\/Zalacznik-nr-1_Formularz-zgloszeniowy.pdf\">Za\u0142\u0105cznik nr 1_Formularz zg\u0142oszeniowy<\/a><a href=\"https:\/\/bcu.opole.pl\/bcu1\/wp-content\/uploads\/sites\/3\/2025\/08\/Zalacznik-nr-1_Formularz-zgloszeniowy.pdf\" class=\"wp-block-file__button wp-element-button\" download aria-describedby=\"wp-block-file--media-fd1e6551-a929-45af-83d0-abdb5c91cf4c\">Pobierz<\/a><\/div>\n<!-- \/wp:file -->\n\n<!-- wp:file {\"id\":755,\"href\":\"https:\/\/bcu.opole.pl\/bcu1\/wp-content\/uploads\/sites\/3\/2025\/08\/Zalacznik-nr-2_wykaz-dokumentow.pdf\",\"displayPreview\":true} -->\n<div class=\"wp-block-file\"><object class=\"wp-block-file__embed\" data=\"https:\/\/bcu.opole.pl\/bcu1\/wp-content\/uploads\/sites\/3\/2025\/08\/Zalacznik-nr-2_wykaz-dokumentow.pdf\" type=\"application\/pdf\" style=\"width:100%;height:600px\" aria-label=\"Za\u0142\u0105cznik nr 2_wykaz dokument\u00f3w\"><\/object><a id=\"wp-block-file--media-f566c2b7-aa9c-4329-93c5-c5f9d7bfef29\" href=\"https:\/\/bcu.opole.pl\/bcu1\/wp-content\/uploads\/sites\/3\/2025\/08\/Zalacznik-nr-2_wykaz-dokumentow.pdf\">Za\u0142\u0105cznik nr 2_wykaz dokument\u00f3w<\/a><a href=\"https:\/\/bcu.opole.pl\/bcu1\/wp-content\/uploads\/sites\/3\/2025\/08\/Zalacznik-nr-2_wykaz-dokumentow.pdf\" class=\"wp-block-file__button wp-element-button\" download aria-describedby=\"wp-block-file--media-f566c2b7-aa9c-4329-93c5-c5f9d7bfef29\">Pobierz<\/a><\/div>\n<!-- \/wp:file -->\n\n<!-- wp:file {\"id\":756,\"href\":\"https:\/\/bcu.opole.pl\/bcu1\/wp-content\/uploads\/sites\/3\/2025\/08\/Zalacznik-nr-3_zaswiadczenie-uczen.pdf\",\"displayPreview\":true} -->\n<div class=\"wp-block-file\"><object class=\"wp-block-file__embed\" data=\"https:\/\/bcu.opole.pl\/bcu1\/wp-content\/uploads\/sites\/3\/2025\/08\/Zalacznik-nr-3_zaswiadczenie-uczen.pdf\" type=\"application\/pdf\" style=\"width:100%;height:600px\" aria-label=\"Za\u0142\u0105cznik nr 3_za\u015bwiadczenie ucze\u0144\"><\/object><a id=\"wp-block-file--media-1a8536bd-e404-4e4d-babe-492dce02ae14\" href=\"https:\/\/bcu.opole.pl\/bcu1\/wp-content\/uploads\/sites\/3\/2025\/08\/Zalacznik-nr-3_zaswiadczenie-uczen.pdf\">Za\u0142\u0105cznik nr 3_za\u015bwiadczenie ucze\u0144<\/a><a href=\"https:\/\/bcu.opole.pl\/bcu1\/wp-content\/uploads\/sites\/3\/2025\/08\/Zalacznik-nr-3_zaswiadczenie-uczen.pdf\" class=\"wp-block-file__button wp-element-button\" download aria-describedby=\"wp-block-file--media-1a8536bd-e404-4e4d-babe-492dce02ae14\">Pobierz<\/a><\/div>\n<!-- \/wp:file -->\n\n<!-- wp:file {\"id\":757,\"href\":\"https:\/\/bcu.opole.pl\/bcu1\/wp-content\/uploads\/sites\/3\/2025\/08\/Zalacznik-nr-4_zaswiadczenie-nauczyciel.pdf\",\"displayPreview\":true} -->\n<div class=\"wp-block-file\"><object class=\"wp-block-file__embed\" data=\"https:\/\/bcu.opole.pl\/bcu1\/wp-content\/uploads\/sites\/3\/2025\/08\/Zalacznik-nr-4_zaswiadczenie-nauczyciel.pdf\" type=\"application\/pdf\" style=\"width:100%;height:600px\" aria-label=\"Za\u0142\u0105cznik nr 4_za\u015bwiadczenie nauczyciel\"><\/object><a id=\"wp-block-file--media-3b64bf1a-e97a-469a-91c0-23fdf7d4cc1c\" href=\"https:\/\/bcu.opole.pl\/bcu1\/wp-content\/uploads\/sites\/3\/2025\/08\/Zalacznik-nr-4_zaswiadczenie-nauczyciel.pdf\">Za\u0142\u0105cznik nr 4_za\u015bwiadczenie nauczyciel<\/a><a href=\"https:\/\/bcu.opole.pl\/bcu1\/wp-content\/uploads\/sites\/3\/2025\/08\/Zalacznik-nr-4_zaswiadczenie-nauczyciel.pdf\" class=\"wp-block-file__button wp-element-button\" download aria-describedby=\"wp-block-file--media-3b64bf1a-e97a-469a-91c0-23fdf7d4cc1c\">Pobierz<\/a><\/div>\n<!-- \/wp:file -->\n\n<!-- wp:file {\"id\":758,\"href\":\"https:\/\/bcu.opole.pl\/bcu1\/wp-content\/uploads\/sites\/3\/2025\/08\/Zalacznik-nr-5_zaswiadczenie-student.pdf\",\"displayPreview\":true} -->\n<div class=\"wp-block-file\"><object class=\"wp-block-file__embed\" data=\"https:\/\/bcu.opole.pl\/bcu1\/wp-content\/uploads\/sites\/3\/2025\/08\/Zalacznik-nr-5_zaswiadczenie-student.pdf\" type=\"application\/pdf\" style=\"width:100%;height:600px\" aria-label=\"Za\u0142\u0105cznik nr 5_za\u015bwiadczenie student\"><\/object><a id=\"wp-block-file--media-3cac0ab9-3f90-4c77-8a5e-4c241b637376\" href=\"https:\/\/bcu.opole.pl\/bcu1\/wp-content\/uploads\/sites\/3\/2025\/08\/Zalacznik-nr-5_zaswiadczenie-student.pdf\">Za\u0142\u0105cznik nr 5_za\u015bwiadczenie student<\/a><a href=\"https:\/\/bcu.opole.pl\/bcu1\/wp-content\/uploads\/sites\/3\/2025\/08\/Zalacznik-nr-5_zaswiadczenie-student.pdf\" class=\"wp-block-file__button wp-element-button\" download aria-describedby=\"wp-block-file--media-3cac0ab9-3f90-4c77-8a5e-4c241b637376\">Pobierz<\/a><\/div>\n<!-- \/wp:file -->\n\n<!-- wp:file {\"id\":759,\"href\":\"https:\/\/bcu.opole.pl\/bcu1\/wp-content\/uploads\/sites\/3\/2025\/08\/Zalacznik-nr-6_zgoda-rodzicow_opiekunow.pdf\",\"displayPreview\":true} -->\n<div class=\"wp-block-file\"><object class=\"wp-block-file__embed\" data=\"https:\/\/bcu.opole.pl\/bcu1\/wp-content\/uploads\/sites\/3\/2025\/08\/Zalacznik-nr-6_zgoda-rodzicow_opiekunow.pdf\" type=\"application\/pdf\" style=\"width:100%;height:600px\" aria-label=\"Za\u0142\u0105cznik nr 6_zgoda rodzic\u00f3w_opiekun\u00f3w\"><\/object><a id=\"wp-block-file--media-4a823b61-c68b-4d14-a48d-4aef308ccd75\" href=\"https:\/\/bcu.opole.pl\/bcu1\/wp-content\/uploads\/sites\/3\/2025\/08\/Zalacznik-nr-6_zgoda-rodzicow_opiekunow.pdf\">Za\u0142\u0105cznik nr 6_zgoda rodzic\u00f3w_opiekun\u00f3w<\/a><a href=\"https:\/\/bcu.opole.pl\/bcu1\/wp-content\/uploads\/sites\/3\/2025\/08\/Zalacznik-nr-6_zgoda-rodzicow_opiekunow.pdf\" class=\"wp-block-file__button wp-element-button\" download aria-describedby=\"wp-block-file--media-4a823b61-c68b-4d14-a48d-4aef308ccd75\">Pobierz<\/a><\/div>\n<!-- \/wp:file -->\n\n<!-- wp:file {\"id\":760,\"href\":\"https:\/\/bcu.opole.pl\/bcu1\/wp-content\/uploads\/sites\/3\/2025\/08\/Zalacznik-nr-7_oswiadczenie-o-wykonywanym-zawodzie.pdf\",\"displayPreview\":true} -->\n<div class=\"wp-block-file\"><object class=\"wp-block-file__embed\" data=\"https:\/\/bcu.opole.pl\/bcu1\/wp-content\/uploads\/sites\/3\/2025\/08\/Zalacznik-nr-7_oswiadczenie-o-wykonywanym-zawodzie.pdf\" type=\"application\/pdf\" style=\"width:100%;height:600px\" aria-label=\"Za\u0142\u0105cznik nr 7_o\u015bwiadczenie o wykonywanym zawodzie\"><\/object><a id=\"wp-block-file--media-cc5adc6e-1d0b-407b-9bf8-32ebbd977eff\" href=\"https:\/\/bcu.opole.pl\/bcu1\/wp-content\/uploads\/sites\/3\/2025\/08\/Zalacznik-nr-7_oswiadczenie-o-wykonywanym-zawodzie.pdf\">Za\u0142\u0105cznik nr 7_o\u015bwiadczenie o wykonywanym zawodzie<\/a><a href=\"https:\/\/bcu.opole.pl\/bcu1\/wp-content\/uploads\/sites\/3\/2025\/08\/Zalacznik-nr-7_oswiadczenie-o-wykonywanym-zawodzie.pdf\" class=\"wp-block-file__button wp-element-button\" download aria-describedby=\"wp-block-file--media-cc5adc6e-1d0b-407b-9bf8-32ebbd977eff\">Pobierz<\/a><\/div>\n<!-- \/wp:file -->\n\n<!-- wp:file {\"id\":761,\"href\":\"https:\/\/bcu.opole.pl\/bcu1\/wp-content\/uploads\/sites\/3\/2025\/08\/Zalacznik-nr-9_oswiadczenie-o-niekorzystaniu-z-innych-szkolen.pdf\",\"displayPreview\":true} -->\n<div class=\"wp-block-file\"><object class=\"wp-block-file__embed\" data=\"https:\/\/bcu.opole.pl\/bcu1\/wp-content\/uploads\/sites\/3\/2025\/08\/Zalacznik-nr-9_oswiadczenie-o-niekorzystaniu-z-innych-szkolen.pdf\" type=\"application\/pdf\" style=\"width:100%;height:600px\" aria-label=\"Za\u0142\u0105cznik nr 9_o\u015bwiadczenie o niekorzystaniu z innych szkole\u0144\"><\/object><a id=\"wp-block-file--media-5270c897-4344-4b57-bcf8-5a39efaa472f\" href=\"https:\/\/bcu.opole.pl\/bcu1\/wp-content\/uploads\/sites\/3\/2025\/08\/Zalacznik-nr-9_oswiadczenie-o-niekorzystaniu-z-innych-szkolen.pdf\">Za\u0142\u0105cznik nr 9_o\u015bwiadczenie o niekorzystaniu z innych szkole\u0144<\/a><a href=\"https:\/\/bcu.opole.pl\/bcu1\/wp-content\/uploads\/sites\/3\/2025\/08\/Zalacznik-nr-9_oswiadczenie-o-niekorzystaniu-z-innych-szkolen.pdf\" class=\"wp-block-file__button wp-element-button\" download aria-describedby=\"wp-block-file--media-5270c897-4344-4b57-bcf8-5a39efaa472f\">Pobierz<\/a><\/div>\n<!-- \/wp:file -->\n\n<!-- wp:file {\"id\":762,\"href\":\"https:\/\/bcu.opole.pl\/bcu1\/wp-content\/uploads\/sites\/3\/2025\/08\/Zalacznik-nr-10_oswiadczenie-o-braku-przeciwskazan-zdrowotnych.pdf\",\"displayPreview\":true} -->\n<div class=\"wp-block-file\"><object class=\"wp-block-file__embed\" data=\"https:\/\/bcu.opole.pl\/bcu1\/wp-content\/uploads\/sites\/3\/2025\/08\/Zalacznik-nr-10_oswiadczenie-o-braku-przeciwskazan-zdrowotnych.pdf\" type=\"application\/pdf\" style=\"width:100%;height:600px\" aria-label=\"Za\u0142\u0105cznik nr 10_o\u015bwiadczenie o braku przeciwskaza\u0144 zdrowotnych\"><\/object><a id=\"wp-block-file--media-11b9bc9d-f0fb-43bb-bfdb-b46d2017d662\" href=\"https:\/\/bcu.opole.pl\/bcu1\/wp-content\/uploads\/sites\/3\/2025\/08\/Zalacznik-nr-10_oswiadczenie-o-braku-przeciwskazan-zdrowotnych.pdf\">Za\u0142\u0105cznik nr 10_o\u015bwiadczenie o braku przeciwskaza\u0144 zdrowotnych<\/a><a href=\"https:\/\/bcu.opole.pl\/bcu1\/wp-content\/uploads\/sites\/3\/2025\/08\/Zalacznik-nr-10_oswiadczenie-o-braku-przeciwskazan-zdrowotnych.pdf\" class=\"wp-block-file__button wp-element-button\" download aria-describedby=\"wp-block-file--media-11b9bc9d-f0fb-43bb-bfdb-b46d2017d662\">Pobierz<\/a><\/div>\n<!-- \/wp:file -->\n\n<!-- wp:file {\"id\":763,\"href\":\"https:\/\/bcu.opole.pl\/bcu1\/wp-content\/uploads\/sites\/3\/2025\/08\/Zalacznik-nr-11_klauzula-informacyjna-RODO.pdf\",\"displayPreview\":true} -->\n<div class=\"wp-block-file\"><object class=\"wp-block-file__embed\" data=\"https:\/\/bcu.opole.pl\/bcu1\/wp-content\/uploads\/sites\/3\/2025\/08\/Zalacznik-nr-11_klauzula-informacyjna-RODO.pdf\" type=\"application\/pdf\" style=\"width:100%;height:600px\" aria-label=\"Za\u0142\u0105cznik nr 11_klauzula informacyjna RODO\"><\/object><a id=\"wp-block-file--media-a23ed4f6-27ee-4d74-8a42-2574b2fd2f9f\" href=\"https:\/\/bcu.opole.pl\/bcu1\/wp-content\/uploads\/sites\/3\/2025\/08\/Zalacznik-nr-11_klauzula-informacyjna-RODO.pdf\">Za\u0142\u0105cznik nr 11_klauzula informacyjna RODO<\/a><a href=\"https:\/\/bcu.opole.pl\/bcu1\/wp-content\/uploads\/sites\/3\/2025\/08\/Zalacznik-nr-11_klauzula-informacyjna-RODO.pdf\" class=\"wp-block-file__button wp-element-button\" download aria-describedby=\"wp-block-file--media-a23ed4f6-27ee-4d74-8a42-2574b2fd2f9f\">Pobierz<\/a><\/div>\n<!-- \/wp:file -->\n\n<!-- wp:file {\"id\":771,\"href\":\"https:\/\/bcu.opole.pl\/bcu1\/wp-content\/uploads\/sites\/3\/2025\/08\/Regulamin-uczestnictwa-w-szkoleniu.pdf\",\"displayPreview\":true,\"previewHeight\":200} -->\n<div class=\"wp-block-file\"><object class=\"wp-block-file__embed\" data=\"https:\/\/bcu.opole.pl\/bcu1\/wp-content\/uploads\/sites\/3\/2025\/08\/Regulamin-uczestnictwa-w-szkoleniu.pdf\" type=\"application\/pdf\" style=\"width:100%;height:200px\" aria-label=\"Regulamin uczestnictwa w szkoleniu\"><\/object><a id=\"wp-block-file--media-454c35b5-f49b-4daa-955b-8f76cd512694\" href=\"https:\/\/bcu.opole.pl\/bcu1\/wp-content\/uploads\/sites\/3\/2025\/08\/Regulamin-uczestnictwa-w-szkoleniu.pdf\">Regulamin uczestnictwa w szkoleniu<\/a><a href=\"https:\/\/bcu.opole.pl\/bcu1\/wp-content\/uploads\/sites\/3\/2025\/08\/Regulamin-uczestnictwa-w-szkoleniu.pdf\" class=\"wp-block-file__button wp-element-button\" download aria-describedby=\"wp-block-file--media-454c35b5-f49b-4daa-955b-8f76cd512694\">Pobierz<\/a><\/div>\n<!-- \/wp:file -->\n\n<!-- wp:file {\"id\":773,\"href\":\"https:\/\/bcu.opole.pl\/bcu1\/wp-content\/uploads\/sites\/3\/2025\/08\/formularz-dostepnosci-DO-ZALACZNIKA-NR-1.pdf\",\"displayPreview\":true} -->\n<div class=\"wp-block-file\"><object class=\"wp-block-file__embed\" data=\"https:\/\/bcu.opole.pl\/bcu1\/wp-content\/uploads\/sites\/3\/2025\/08\/formularz-dostepnosci-DO-ZALACZNIKA-NR-1.pdf\" type=\"application\/pdf\" style=\"width:100%;height:600px\" aria-label=\"formularz dost\u0119pno\u015bci DO ZA\u0141\u0104CZNIKA NR 1\"><\/object><a id=\"wp-block-file--media-9bb9a06f-af2f-488d-9edd-845b3e431ab2\" href=\"https:\/\/bcu.opole.pl\/bcu1\/wp-content\/uploads\/sites\/3\/2025\/08\/formularz-dostepnosci-DO-ZALACZNIKA-NR-1.pdf\">formularz dost\u0119pno\u015bci DO ZA\u0141\u0104CZNIKA NR 1<\/a><a href=\"https:\/\/bcu.opole.pl\/bcu1\/wp-content\/uploads\/sites\/3\/2025\/08\/formularz-dostepnosci-DO-ZALACZNIKA-NR-1.pdf\" class=\"wp-block-file__button wp-element-button\" download aria-describedby=\"wp-block-file--media-9bb9a06f-af2f-488d-9edd-845b3e431ab2\">Pobierz<\/a><\/div>\n<!-- \/wp:file -->","_et_gb_content_width":"","footnotes":""},"class_list":["post-242","page","type-page","status-publish","hentry"],"aioseo_notices":[],"_links":{"self":[{"href":"https:\/\/bcu.opole.pl\/bcu1\/wp-json\/wp\/v2\/pages\/242","targetHints":{"allow":["GET"]}}],"collection":[{"href":"https:\/\/bcu.opole.pl\/bcu1\/wp-json\/wp\/v2\/pages"}],"about":[{"href":"https:\/\/bcu.opole.pl\/bcu1\/wp-json\/wp\/v2\/types\/page"}],"author":[{"embeddable":true,"href":"https:\/\/bcu.opole.pl\/bcu1\/wp-json\/wp\/v2\/users\/3"}],"replies":[{"embeddable":true,"href":"https:\/\/bcu.opole.pl\/bcu1\/wp-json\/wp\/v2\/comments?post=242"}],"version-history":[{"count":20,"href":"https:\/\/bcu.opole.pl\/bcu1\/wp-json\/wp\/v2\/pages\/242\/revisions"}],"predecessor-version":[{"id":1270,"href":"https:\/\/bcu.opole.pl\/bcu1\/wp-json\/wp\/v2\/pages\/242\/revisions\/1270"}],"wp:attachment":[{"href":"https:\/\/bcu.opole.pl\/bcu1\/wp-json\/wp\/v2\/media?parent=242"}],"curies":[{"name":"wp","href":"https:\/\/api.w.org\/{rel}","templated":true}]}}